{"id":71683,"date":"2025-11-04T15:05:02","date_gmt":"2025-11-04T14:05:02","guid":{"rendered":"https:\/\/www.herbadiberna.ch\/nuage-de-puissance-aeris-ultra-fx-mini-capsule-de-dosage\/"},"modified":"2026-04-17T08:05:48","modified_gmt":"2026-04-17T07:05:48","slug":"nuage-de-puissance-aeris-ultra-fx-mini-capsule-de-dosage","status":"publish","type":"product","link":"https:\/\/www.herbadiberna.ch\/fr\/produit\/nuage-de-puissance-aeris-ultra-fx-mini-capsule-de-dosage\/","title":{"rendered":"Nuage de puissance \u00c4ris \/ FX Mini capsule de dosage"},"content":{"rendered":"<div class=\"flex max-w-full flex-col flex-grow\">\n<div class=\"min-h-8 text-message flex w-full flex-col items-end gap-2 whitespace-normal break-words text-start [.text-message+&amp;]:mt-5\" dir=\"auto\">\n<div class=\"flex w-full flex-col gap-1 empty:hidden first:pt-[3px]\">\n<div class=\"markdown prose w-full break-words dark:prose-invert light\">\n<h2><strong>Acheter des capsules de dosage WOLKENKRAFT (1 pi\u00e8ce \/ 5 pi\u00e8ces)<\/strong><\/h2>\n<p><strong>Achetez maintenant la capsule de dosage WOLKENKRAFT et vaporisez proprement et discr\u00e8tement lors de vos d\u00e9placements !<br \/>\n<\/strong>Notre <strong>capsule de dosage originale WOLKENKRAFT<\/strong> pour les herbes est le compl\u00e9ment parfait pour votre vaporisateur. Elle est id\u00e9ale pour pr\u00e9parer vos sessions - pour une discr\u00e9tion et une flexibilit\u00e9 maximales lors de vos d\u00e9placements.<br \/>\nGr\u00e2ce aux capsules en acier inoxydable, la chambre de chauffe de votre appareil reste propre, ce qui r\u00e9duit consid\u00e9rablement le temps de nettoyage. Choisissez entre la capsule individuelle pour tester ou le pack pratique de 5 capsules pour faire des r\u00e9serves.  <\/p>\n<h2><strong>Caract\u00e9ristiques des capsules de dosage WOLKENKRAFT<\/strong><\/h2>\n<ul>\n<li><strong>Parfaite compatibilit\u00e9 :<\/strong> accessoires d&rsquo;origine, adapt\u00e9s \u00e0 WOLKENKRAFT FX MINI, \u00c4RIS &amp; \u00c4RIS ULTRA.<\/li>\n<li><strong>Propret\u00e9 maximale :<\/strong> la chambre de chauffage reste libre de tout r\u00e9sidu d&rsquo;herbes, ce qui facilite consid\u00e9rablement le nettoyage.<\/li>\n<li><strong>Id\u00e9al pour les d\u00e9placements :<\/strong> il suffit de pr\u00e9-remplir les capsules \u00e0 la maison et de les changer rapidement &amp; discr\u00e8tement en cours de route.<\/li>\n<li><strong>Microdosage pr\u00e9cis :<\/strong> permet un dosage pr\u00e9cis de vos herbes pour chaque session.<\/li>\n<li><strong>Mat\u00e9riaux de haute qualit\u00e9 :<\/strong> Fabriqu\u00e9 \u00e0 partir d&rsquo;acier inoxydable \u00e0 100% - durable &amp; neutre au go\u00fbt.<\/li>\n<li><strong>Variantes :<\/strong> Disponible en g\u00e9lule individuelle (1 unit\u00e9) ou en paquet de 5.<\/li>\n<\/ul>\n<h2><strong>D\u00e9tails du produit pour <\/strong><strong>Capsules de dosage WOLKENKRAFT<\/strong><\/h2>\n<ul>\n<li><strong>Mod\u00e8le :<\/strong> Capsule de dosage WOLKENKRAFT (Steel Pod)<\/li>\n<li><strong>Variantes :<\/strong> 1 pi\u00e8ce ou pack de 5 (selon votre choix)<\/li>\n<li><strong>Mat\u00e9riau :<\/strong> Acier inoxydable<\/li>\n<li><strong>Application :<\/strong> Uniquement pour les herbes s\u00e8ches<\/li>\n<li><strong>Compatible avec :<\/strong> <a href=\"https:\/\/www.herbadiberna.ch\/it\/produkt\/fx-mini\/\">FX MINI<\/a>, \u00c4RIS, <a href=\"https:\/\/www.herbadiberna.ch\/it\/produkt\/cloudpower-aeris\/\">\u00c4RIS ULTRA<\/a><\/li>\n<\/ul>\n<h2><strong>Contenu de la livraison des <\/strong><strong>Capsules de dosage WOLKENKRAFT<\/strong><\/h2>\n<ul>\n<li>1x capsule de dosage WOLKENKRAFT (individuelle)<\/li>\n<li><em>OU<\/em><\/li>\n<li>1x WOLKENKRAFT capsules de dosage (paquet de 5 dans un emballage)<\/li>\n<\/ul>\n<h2><strong>Pourquoi acheter WOLKENKRAFT Capsules de dosage ?<\/strong><\/h2>\n<p>Les capsules de dosage WOLKENKRAFT (\u00e9galement appel\u00e9es Steel Pods) offrent un confort in\u00e9gal\u00e9 et permettent de prolonger la dur\u00e9e de vie de votre vaporisateur, car la chambre est pr\u00e9serv\u00e9e de mani\u00e8re optimale.<br \/>\nParfait pour tous ceux qui recherchent une solution rapide, propre et discr\u00e8te pour <strong>vaporiser en d\u00e9placement<\/strong> - avec la qualit\u00e9 originale de WOLKENKRAFT.<\/p>\n<h2><strong>T\u00e9moignages de clients sur les capsules de dosage<\/strong><\/h2>\n<p>De nombreux utilisateurs font \u00e9tat d&rsquo;un gain de temps consid\u00e9rable lors du nettoyage &amp; de la facilit\u00e9 d&rsquo;utilisation en voyage ou lors de festivals.<br \/>\nLa possibilit\u00e9 de pr\u00e9parer des capsules &amp; le dosage pr\u00e9cis rendent cet accessoire particuli\u00e8rement populaire.<\/p>\n<h2><strong>Achetez maintenant les capsules de dosage WOLKENKRAFT et d\u00e9couvrez le confort !<\/strong><\/h2>\n<p><strong>D\u00e9couvrez les accessoires les plus intelligents pour votre vaporisateur !<\/strong><br \/>\nCommandez maintenant &amp; faites l&rsquo;exp\u00e9rience de la vape propre avec le FX MINI, \u00c4RIS &amp; \u00c4RIS ULTRA ! - simple, propre &amp; efficace ! <\/p>\n<h3>Foire aux questions (FAQ)<\/h3>\n<p><b>Pourquoi devrais-je utiliser des capsules de dosage ?<\/b>  Les capsules de dosage maintiennent la chambre de chauffe r\u00e9elle de votre vaporisateur propre, car les herbes ne sont pas en contact direct avec la paroi de la chambre. Cela minimise consid\u00e9rablement le nettoyage et vous permet de pr\u00e9parer des capsules pour le voyage et de les changer rapidement.<\/p>\n<p><b>Avec quels vaporisateurs ces capsules sont-elles compatibles ?<\/b>  Ces capsules sont des accessoires originaux de WOLKENKRAFT et s&rsquo;adaptent exactement aux mod\u00e8les FX MINI, \u00c4RIS (standard) et \u00c4RIS ULTRA. Ils ne sont pas adapt\u00e9s aux appareils d&rsquo;autres marques ou \u00e0 d&rsquo;autres mod\u00e8les WOLKENKRAFT (comme le FENiX).<\/p>\n<p><b>Puis-je utiliser les g\u00e9lules pour les huiles ou le hasch ?<\/b>  Non, ces capsules (steel pods) sont exclusivement con\u00e7ues pour \u00eatre utilis\u00e9es avec des herbes s\u00e8ches et moulues. L&rsquo;utilisation de r\u00e9sines (hasch) ou d&rsquo;huiles collerait les capsules et bloquerait le flux d&rsquo;air.<\/p>\n<h2><strong>En d\u00e9couvrir davantage : En savoir plus sur Herba di Berna<\/strong><\/h2>\n<p>\u27a1\ufe0f Vous cherchez encore des fleurs \u00e0 utiliser regardez <a href=\"https:\/\/www.herbadiberna.ch\/fr\/trim-fr\/\">CBD Handtrim<\/a>!<br \/>\n\u27a1\ufe0f D\u00e9couvrez \u00e9galement notre <a href=\"https:\/\/www.herbadiberna.ch\/fr\/produits-de-soins-au-cbd\/\">ligne de produits cosm\u00e9tiques CBD<\/a>.<br \/>\n<a href=\"https:\/\/www.herbadiberna.ch\/fr\/vaporisateurs\/\">\u27a1\ufe0f D\u00e9couvrir plus d&rsquo;accessoires<\/a><\/p>\n<\/div>\n<\/div>\n<\/div>\n<\/div>\n","protected":false},"excerpt":{"rendered":"<p>La <b>capsule de dosage originale WOLKENKRAFT<\/b> (Steel Pod) est l&rsquo;accessoire indispensable pour votre vaporisateur <b>FX MINI, \u00c4RIS ou \u00c4RIS ULTRA<\/b>. Parfait pour les d\u00e9placements : il suffit de pr\u00e9-remplir les capsules, de garder la chambre de chauffe propre et de minimiser le nettoyage. Choisissez entre la capsule individuelle ou le pack pratique de 5 capsules pour une flexibilit\u00e9 maximale.  <\/p>\n","protected":false},"featured_media":71678,"comment_status":"closed","ping_status":"closed","template":"","meta":{"inline_featured_image":false},"product_brand":[],"product_cat":[1148],"product_tag":[],"class_list":{"0":"post-71683","1":"product","2":"type-product","3":"status-publish","4":"has-post-thumbnail","6":"product_cat-pieces-de-rechange-pour-la-vape","7":"pa_marke-wolkenkraft-fr","8":"pif-has-gallery","10":"first","11":"instock","12":"taxable","13":"shipping-taxable","14":"purchasable","15":"product-type-variable","16":"rtwpvs-product"},"_links":{"self":[{"href":"https:\/\/www.herbadiberna.ch\/fr\/wp-json\/wp\/v2\/product\/71683","targetHints":{"allow":["GET"]}}],"collection":[{"href":"https:\/\/www.herbadiberna.ch\/fr\/wp-json\/wp\/v2\/product"}],"about":[{"href":"https:\/\/www.herbadiberna.ch\/fr\/wp-json\/wp\/v2\/types\/product"}],"replies":[{"embeddable":true,"href":"https:\/\/www.herbadiberna.ch\/fr\/wp-json\/wp\/v2\/comments?post=71683"}],"wp:featuredmedia":[{"embeddable":true,"href":"https:\/\/www.herbadiberna.ch\/fr\/wp-json\/wp\/v2\/media\/71678"}],"wp:attachment":[{"href":"https:\/\/www.herbadiberna.ch\/fr\/wp-json\/wp\/v2\/media?parent=71683"}],"wp:term":[{"taxonomy":"product_brand","embeddable":true,"href":"https:\/\/www.herbadiberna.ch\/fr\/wp-json\/wp\/v2\/product_brand?post=71683"},{"taxonomy":"product_cat","embeddable":true,"href":"https:\/\/www.herbadiberna.ch\/fr\/wp-json\/wp\/v2\/product_cat?post=71683"},{"taxonomy":"product_tag","embeddable":true,"href":"https:\/\/www.herbadiberna.ch\/fr\/wp-json\/wp\/v2\/product_tag?post=71683"}],"curies":[{"name":"wp","href":"https:\/\/api.w.org\/{rel}","templated":true}]}}