{"id":71541,"date":"2025-11-04T11:54:24","date_gmt":"2025-11-04T10:54:24","guid":{"rendered":"https:\/\/www.herbadiberna.ch\/norddampf-relict-vaporizer-noir-profond\/"},"modified":"2026-04-15T10:16:06","modified_gmt":"2026-04-15T09:16:06","slug":"norddampf-relict-vaporizer-noir-profond","status":"publish","type":"product","link":"https:\/\/www.herbadiberna.ch\/fr\/produit\/norddampf-relict-vaporizer-noir-profond\/","title":{"rendered":"Vaporisateur Relict de Norddampf"},"content":{"rendered":"<div class=\"flex max-w-full flex-col flex-grow\">\n<div class=\"min-h-8 text-message flex w-full flex-col items-end gap-2 whitespace-normal break-words text-start [.text-message+&amp;]:mt-5\" dir=\"auto\">\n<div class=\"flex w-full flex-col gap-1 empty:hidden first:pt-[3px]\">\n<div class=\"markdown prose w-full break-words dark:prose-invert light\">\n<h2><strong>Norddampf Relict Vaporizer Acheter - Double chauffage et technologie Intellisense<\/strong><\/h2>\n<p><strong>Achetez le vaporisateur Norddampf Relict et d\u00e9couvrez l&rsquo;ar\u00f4me ultime &amp; la vapeur dense !<br \/>\n<\/strong>Notre <strong>vaporisateur Norddampf Relict<\/strong> se distingue par son syst\u00e8me innovant de double chauffage et est id\u00e9al pour les amateurs de vapeur qui recherchent une exp\u00e9rience aromatique in\u00e9gal\u00e9e.<br \/>\nGr\u00e2ce \u00e0 la technologie Intellisense, le vaporisateur d\u00e9tecte vos bouff\u00e9es et amplifie la vapeur, tandis que le tube en verre aromatique de 45 mm garantit un go\u00fbt pur et d\u00e9licieux.<\/p>\n<h2><strong>Caract\u00e9ristiques du vaporisateur Norddampf Relict<\/strong><\/h2>\n<ul>\n<li><strong data-start=\"425\" data-end=\"447\">Remarque importante :<\/strong> veuillez utiliser l&rsquo;appareil uniquement avec des chargeurs qui fournissent <strong data-start=\"507\" data-end=\"523\">un courant de charge<\/strong> maximal <strong data-start=\"507\" data-end=\"523\">de 1A<\/strong>. Les chargeurs rapides \u00e0 courant plus \u00e9lev\u00e9 peuvent <strong data-start=\"580\" data-end=\"616\">endommager<\/strong> la <strong data-start=\"580\" data-end=\"616\">batterie \u00e0 long terme<\/strong> et raccourcir la dur\u00e9e de vie du vaporisateur.<\/li>\n<li><strong>Dual Heating System :<\/strong> Dual Heating System : combine la conduction (chauffage de la chambre) et la convection (flux d&rsquo;air chaud) pour une vapeur dense et homog\u00e8ne.<\/li>\n<li><strong>Technologie Intellisense :<\/strong> d\u00e9tecte les bouff\u00e9es et amplifie automatiquement la vapeur pour une exp\u00e9rience intense.<\/li>\n<li><strong>Embout en verre aromatique :<\/strong> assure un go\u00fbt pur et authentique sans saveur propre.<\/li>\n<li><strong>Temps de chauffe rapide :<\/strong> pr\u00eat \u00e0 l&#8217;emploi en seulement 25 \u00e0 30 secondes - pas de longue attente.<\/li>\n<li><strong>Contr\u00f4le pr\u00e9cis :<\/strong> commande intuitive \u00e0 3 boutons avec r\u00e9glage au degr\u00e9 pr\u00e8s (160\u00b0C - 240\u00b0C).<\/li>\n<li><strong>Syst\u00e8me de capsules de dosage :<\/strong> capsules en acier inoxydable incluses pour un remplissage rapide et discret lors de vos d\u00e9placements.<\/li>\n<\/ul>\n<h2><strong>D\u00e9tails techniques sur le <\/strong><strong>Norddampf <\/strong><strong>Relict <\/strong><strong>Vaporisateur<\/strong><\/h2>\n<ul>\n<li><strong data-start=\"425\" data-end=\"447\">Remarque importante :<\/strong> veuillez utiliser l&rsquo;appareil uniquement avec des chargeurs qui fournissent <strong data-start=\"507\" data-end=\"523\">un courant de charge<\/strong> maximal <strong data-start=\"507\" data-end=\"523\">de 1A<\/strong>. Les chargeurs rapides \u00e0 courant plus \u00e9lev\u00e9 peuvent <strong data-start=\"580\" data-end=\"616\">endommager<\/strong> la <strong data-start=\"580\" data-end=\"616\">batterie \u00e0 long terme<\/strong> et raccourcir la dur\u00e9e de vie du vaporisateur.<\/li>\n<li><strong>Mod\u00e8le :<\/strong> Norddampf Relict Vaporizer<\/li>\n<li><strong>Couleur :<\/strong> Deep Black \/ Nordic Blue<\/li>\n<li><strong>Syst\u00e8me de chauffage :<\/strong> Dual Heating System (hybride)<\/li>\n<li><strong>Technologie :<\/strong> D\u00e9tection de traction Intellisense<\/li>\n<li><strong>Embouchure :<\/strong> Embouchure en verre aromatique<\/li>\n<li><strong>Temps de chauffe :<\/strong> 25 - 30 secondes<\/li>\n<li><strong>Temp\u00e9rature :<\/strong> 160\u00b0C - 240\u00b0C (par incr\u00e9ments de 1\u00b0C)<\/li>\n<li><strong>Batterie :<\/strong> 2600 mAh (batterie de puissance)<\/li>\n<li><strong>Port de charge :<\/strong> USB-C<\/li>\n<li><strong>Dimensions :<\/strong> 30,5 mm x 30 mm x 124,1 mm<\/li>\n<li><strong>Poids :<\/strong> 138 g<\/li>\n<\/ul>\n<h2><strong>Contenu de la livraison de la <\/strong><strong>Norddampf <\/strong><strong>Relict <\/strong><strong>Vape CBD<\/strong><\/h2>\n<ul>\n<li>1\u00d7 vaporisateur Relict de NORDDAMPF<\/li>\n<li>1\u00d7 c\u00e2ble USB-C<\/li>\n<li>1\u00d7 embout en verre aromatique<\/li>\n<li>2\u00d7 capsule de dosage (acier inoxydable)<\/li>\n<li>2\u00d7 tamis<\/li>\n<li>1\u00d7 outil de remplissage<\/li>\n<li>1\u00d7 brosse de nettoyage<\/li>\n<li>2\u00d7 lingettes de nettoyage<\/li>\n<li>1\u00d7 manuel (DE\/EN)<\/li>\n<li>1\u00d7 autocollant NORDDAMPF<\/li>\n<\/ul>\n<h2><strong>Pourquoi une vapeur du Nord <\/strong><strong>Relict <\/strong><strong>Acheter un vaporisateur ?<\/strong><\/h2>\n<p>Le vaporisateur Relict de Norddampf offre un d\u00e9veloppement de vapeur impressionnant dans un format compact et assure une extraction extr\u00eamement efficace et aromatique gr\u00e2ce au syst\u00e8me de double chauffage.<br \/>\nParfait pour ceux qui souhaitent <strong>acheter<\/strong> un <strong>vaporisateur<\/strong> innovant de haute qualit\u00e9 - avec des performances maximales &amp; une technologie intelligente.<\/p>\n<h2><strong>Exp\u00e9riences de clients avec le <\/strong><strong>Norddampf <\/strong><strong>Relict <\/strong><strong>Vaporisateur<\/strong><\/h2>\n<p>De nombreux utilisateurs font \u00e9tat d&rsquo;un go\u00fbt pur et complet gr\u00e2ce au tube en verre &amp; d&rsquo;un d\u00e9bit de vapeur impressionnant gr\u00e2ce \u00e0 la technologie Intellisense.<br \/>\nLe temps de chauffe extr\u00eamement rapide &amp; les capsules de dosage pratiques rendent ce vaporisateur particuli\u00e8rement adapt\u00e9 \u00e0 la vie quotidienne et tr\u00e8s appr\u00e9ci\u00e9.<\/p>\n<h2><strong>Commandez d\u00e8s maintenant le vaporisateur Norddampf Relict et d\u00e9couvrez le plaisir ultime de la vapeur !<\/strong><\/h2>\n<p><strong>D\u00e9couvrez la qualit\u00e9 de Norddampf !<\/strong><br \/>\nCommandez maintenant &amp; d\u00e9couvrez le <strong>vaporisateur<\/strong> innovant <strong>de Norddampf<\/strong> - rapide, intelligent &amp; incroyablement aromatique !<\/p>\n<h3>Foire aux questions (FAQ)<\/h3>\n<p><b>Que fait exactement la technologie Intellisense du Relict ?<\/b>  La technologie Intellisense est une d\u00e9tection intelligente des bouff\u00e9es. Le vaporisateur d\u00e9tecte lorsque vous inhalez et ajuste la puissance de chauffage en temps r\u00e9el afin de maintenir une temp\u00e9rature constante, ce qui permet d&rsquo;obtenir une vapeur plus dense et plus homog\u00e8ne. <\/p>\n<p><b>Pourquoi le Norddampf Relict utilise-t-il un syst\u00e8me de chauffage double ?<\/b>  Le syst\u00e8me de chauffage double (hybride) combine le meilleur de deux mondes : La conduction (chaleur directe) assure un temps de chauffe rapide et une vapeur dense, tandis que la convection (air chaud) extrait les herbes d\u00e9licatement et uniform\u00e9ment, maximisant ainsi le go\u00fbt.<\/p>\n<p><b>Quels sont les avantages des capsules de dosage fournies ?<br \/>\n<\/b>Les capsules de dosage en acier inoxydable sont id\u00e9ales pour les d\u00e9placements, car vous pouvez les pr\u00e9parer \u00e0 la maison et les remplacer facilement. Elles permettent \u00e9galement de garder la chambre de chauffe du vaporisateur plus propre, ce qui r\u00e9duit consid\u00e9rablement le temps de nettoyage. <\/p>\n<h2><strong>En d\u00e9couvrir davantage : En savoir plus sur Herba di Berna<\/strong><\/h2>\n<p>\u27a1\ufe0f Vous cherchez encore des fleurs \u00e0 utiliser, consultez notre <a href=\"https:\/\/www.herbadiberna.ch\/fr\/trim-fr\/\">Handrim CBD<\/a>!<br \/>\n\u27a1\ufe0f D\u00e9couvrez \u00e9galement nos <a href=\"https:\/\/www.herbadiberna.ch\/fr\/huile-de-cbd\/\">huiles CBD<\/a> pour votre appareil.<br \/>\n<a href=\"https:\/\/www.herbadiberna.ch\/fr\/vaporisateurs\/\">\u27a1\ufe0f Voir plus de vaporisateurs<\/a><\/p>\n<\/div>\n<\/div>\n<\/div>\n<\/div>\n","protected":false},"excerpt":{"rendered":"<p>D\u00e9couvrez le vaporisateur Norddampf Relict. Le syst\u00e8me de chauffage double &amp; le tube en verre aromatique de 45mm garantissent une vapeur pure et dense. Livraison rapide en 1-3 jours \u2713 Port pay\u00e9 \u00e0 partir de 79 CHF \u2713   <\/p>\n","protected":false},"featured_media":71489,"comment_status":"open","ping_status":"closed","template":"","meta":{"inline_featured_image":false},"product_brand":[],"product_cat":[383],"product_tag":[1387],"class_list":{"0":"post-71541","1":"product","2":"type-product","3":"status-publish","4":"has-post-thumbnail","6":"product_cat-vaporisateurs","7":"product_tag-new-fr","8":"pa_marke-vapeur-du-nord","9":"pif-has-gallery","11":"first","12":"instock","13":"taxable","14":"shipping-taxable","15":"purchasable","16":"product-type-variable","17":"rtwpvs-product"},"_links":{"self":[{"href":"https:\/\/www.herbadiberna.ch\/fr\/wp-json\/wp\/v2\/product\/71541","targetHints":{"allow":["GET"]}}],"collection":[{"href":"https:\/\/www.herbadiberna.ch\/fr\/wp-json\/wp\/v2\/product"}],"about":[{"href":"https:\/\/www.herbadiberna.ch\/fr\/wp-json\/wp\/v2\/types\/product"}],"replies":[{"embeddable":true,"href":"https:\/\/www.herbadiberna.ch\/fr\/wp-json\/wp\/v2\/comments?post=71541"}],"wp:featuredmedia":[{"embeddable":true,"href":"https:\/\/www.herbadiberna.ch\/fr\/wp-json\/wp\/v2\/media\/71489"}],"wp:attachment":[{"href":"https:\/\/www.herbadiberna.ch\/fr\/wp-json\/wp\/v2\/media?parent=71541"}],"wp:term":[{"taxonomy":"product_brand","embeddable":true,"href":"https:\/\/www.herbadiberna.ch\/fr\/wp-json\/wp\/v2\/product_brand?post=71541"},{"taxonomy":"product_cat","embeddable":true,"href":"https:\/\/www.herbadiberna.ch\/fr\/wp-json\/wp\/v2\/product_cat?post=71541"},{"taxonomy":"product_tag","embeddable":true,"href":"https:\/\/www.herbadiberna.ch\/fr\/wp-json\/wp\/v2\/product_tag?post=71541"}],"curies":[{"name":"wp","href":"https:\/\/api.w.org\/{rel}","templated":true}]}}