{"id":71423,"date":"2025-10-30T13:01:45","date_gmt":"2025-10-30T12:01:45","guid":{"rendered":"https:\/\/www.herbadiberna.ch\/?post_type=product&#038;p=71423"},"modified":"2026-03-16T16:49:53","modified_gmt":"2026-03-16T15:49:53","slug":"trinity-blueten-mix-limited-fleurs-de-cbd","status":"publish","type":"product","link":"https:\/\/www.herbadiberna.ch\/fr\/produit\/trinity-blueten-mix-limited-fleurs-de-cbd\/","title":{"rendered":"Trinity Bl\u00fcten Mix CBD - \u00c9dition limit\u00e9e"},"content":{"rendered":"<div class=\"flex max-w-full flex-col flex-grow\">\n<div class=\"min-h-8 text-message flex w-full flex-col items-end gap-2 whitespace-normal break-words text-start [.text-message+&amp;]:mt-5\" dir=\"auto\">\n<div class=\"flex w-full flex-col gap-1 empty:hidden first:pt-[3px]\">\n<div class=\"markdown prose w-full break-words dark:prose-invert light\">\n<h2><strong>Acheter Trinity Bl\u00fcten Mix CBD - Votre trio exclusif en int\u00e9rieur<\/strong><\/h2>\n<p>Vous souhaitez <strong>acheter<\/strong> le <strong>Trinity Bloom Mix CBD<\/strong> parce que vous ne voulez pas vous limiter \u00e0 une seule vari\u00e9t\u00e9 ?<br \/>\nVous n&rsquo;avez pas \u00e0 le faire non plus. Avec notre <strong>\u00e9dition limit\u00e9e<\/strong>, vous obtenez la vari\u00e9t\u00e9 ultime en un seul paquet.<br \/>\nCe m\u00e9lange est un hommage \u00e0 la diversit\u00e9 de la plante de chanvre, car il r\u00e9unit trois de nos caract\u00e8res les plus forts : la V1 \u00e9prouv\u00e9e, la Blueberry Muffin fruit\u00e9e et la Plutonium puissante. <\/p>\n<h2><strong>Que contient le Trinity Blossom Mix CBD ?<\/strong><\/h2>\n<p>Nous avons combin\u00e9 trois poids lourds pour vous. C&rsquo;est pourquoi vous pouvez vous attendre \u00e0 un \u00e9ventail de saveurs qui ne laisse rien \u00e0 d\u00e9sirer : <\/p>\n<ul>\n<li><strong>V1 - Le classique :<\/strong> cette vari\u00e9t\u00e9 est synonyme de constance et de qualit\u00e9. Elle convainc par ses fleurs compactes et son ar\u00f4me classique et \u00e9quilibr\u00e9 que les connaisseurs appr\u00e9cient depuis des ann\u00e9es. Une vraie plante polyvalente pour tous les moments de la journ\u00e9e.  <\/li>\n<li><strong>Blueberry Muffin - Le gourmand :<\/strong> Comme s&rsquo;il venait d&rsquo;\u00eatre cuit. Cette vari\u00e9t\u00e9 apporte une note sucr\u00e9e de baies au m\u00e9lange. Avec sa coloration l\u00e9g\u00e8rement violette et son profil fruit\u00e9 de terp\u00e8nes, elle est le \u00ab\u00a0dessert\u00a0\u00bb de ce trio.  <\/li>\n<li><strong>Plutonium - La force :<\/strong> Le nom est tout un programme. Le plutonium est connu pour son ar\u00f4me particuli\u00e8rement intense, souvent terreux et \u00e9pic\u00e9, et sa forte pr\u00e9sence. Id\u00e9al pour les moments o\u00f9 vous recherchez une profonde relaxation.  <\/li>\n<\/ul>\n<h2><strong>Caract\u00e9ristiques du produit : Pourquoi ce m\u00e9lange est unique<\/strong><\/h2>\n<ul>\n<li><strong>Exp\u00e9rience 3 en 1 :<\/strong> testez diff\u00e9rents profils de terp\u00e8nes sans avoir \u00e0 acheter trois grands paquets.<\/li>\n<li><strong>\u00c9dition limit\u00e9e :<\/strong> ce m\u00e9lange n&rsquo;est disponible qu&rsquo;en quantit\u00e9 limit\u00e9e - id\u00e9al pour les collectionneurs et les amateurs.<\/li>\n<li><strong>Premium Indoor :<\/strong> les trois vari\u00e9t\u00e9s proviennent de cultures contr\u00f4l\u00e9es en int\u00e9rieur en Suisse.<\/li>\n<li><strong>Des fleurs s\u00e9lectionn\u00e9es \u00e0 la main :<\/strong> Nous garantissons \u00e9galement que seules des fleurs joliment manucur\u00e9es sont ajout\u00e9es au m\u00e9lange.<\/li>\n<\/ul>\n<h2><strong>Pourquoi vous devez vous procurer le Trinity Blossom Mix CBD d\u00e8s aujourd&rsquo;hui ?<\/strong><\/h2>\n<p>Ceux qui veulent <strong>acheter du CBD en Suisse<\/strong> ont souvent l&#8217;embarras du choix. Le Trinity Mix vous lib\u00e8re de ce choix.<br \/>\nIl est parfait pour une soir\u00e9e de d\u00e9tente entre amis (tasting !) ou pour trouver votre favori personnel.<br \/>\nSaisissez l&rsquo;occasion, car les conditionnements limit\u00e9s sont souvent rapidement \u00e9puis\u00e9s. D\u00e9couvrez toute la gamme du sucr\u00e9 \u00e0 l&rsquo;amer dans une seule pochette.  <\/p>\n<h2><strong>T\u00e9moignages de clients sur le mix<\/strong><\/h2>\n<p><em>\u00ab\u00a0Je peux enfin varier les plaisirs sans m&rsquo;ennuyer\u00a0\u00bb.<\/em> - Nos clients adorent cette vari\u00e9t\u00e9.<br \/>\nLe rapport qualit\u00e9\/prix pour trois vari\u00e9t\u00e9s haut de gamme d&rsquo;int\u00e9rieur est particuli\u00e8rement souvent lou\u00e9.<\/p>\n<h2><strong>Commandez d\u00e8s maintenant le Trinity Bloom Mix CBD et profitez de la diversit\u00e9 !<\/strong><\/h2>\n<p>\u00cates-vous pr\u00eat pour le triple ?<br \/>\nCommandez d\u00e8s maintenant et obtenez votre <strong>\u00e9dition limit\u00e9e<\/strong>. Obtenez le <strong>Trinity Mix<\/strong> - <a href=\"https:\/\/www.herbadiberna.ch\/it\/produkt\/v1-indoor-large-container-trader\/\">V1<\/a>, <a href=\"https:\/\/www.herbadiberna.ch\/it\/produkt\/mirtillo-muffin-interno\/\">Blueberry Muffin<\/a> &amp; <a href=\"https:\/\/www.herbadiberna.ch\/it\/produkt\/lemon-muffin-indoor-2\/\">Plutonium<\/a> r\u00e9unis. <\/p>\n<h2><strong>Compl\u00e9ments adapt\u00e9s \u00e0 votre exp\u00e9rience<\/strong><\/h2>\n<p>\u27a1\ufe0f  <a href=\"https:\/\/www.herbadiberna.ch\/fr\/huile-de-cbd\/\">Acheter de l&rsquo;huile de CBD<\/a> (Pour compl\u00e9ter la relaxation)<br \/>\n\u27a1\ufe0f  <a href=\"https:\/\/www.herbadiberna.ch\/fr\/accessoires-cbd\/\">Grinder &amp; Accessoires<\/a> (Pour un m\u00e9lange parfait)<br \/>\n\u27a1\ufe0f  <a href=\"https:\/\/www.herbadiberna.ch\/shop\/\">Voir toute la gamme<\/a><\/p>\n<\/div>\n<\/div>\n<\/div>\n<\/div>\n","protected":false},"excerpt":{"rendered":"<p data-path-to-node=\"10\">Acheter Trinity Bl\u00fcten Mix CBD chez Herba di Berna. Le trio d&rsquo;int\u00e9rieur ultime : V1, Blueberry Muffin &amp; Plutonium dans une \u00e9dition limit\u00e9e. D\u00e9couvrez la diversit\u00e9 du sucr\u00e9 \u00e0 l&rsquo;amertume terreuse \u00e0 un prix pr\u00e9f\u00e9rentiel. Qualit\u00e9 indoor 100 % suisse.     <strong>Command\u00e9 jusqu&rsquo;\u00e0 15:00, livr\u00e9 demain \u2713 Port pay\u00e9 \u00e0 partir de 80 CHF \u2713<\/strong><\/p>\n","protected":false},"featured_media":75967,"comment_status":"open","ping_status":"closed","template":"","meta":{"inline_featured_image":false},"product_brand":[],"product_cat":[355,357],"product_tag":[1387],"class_list":{"0":"post-71423","1":"product","2":"type-product","3":"status-publish","4":"has-post-thumbnail","6":"product_cat-fleurs-de-cbd","7":"product_cat-interieur","8":"product_tag-new-fr","9":"pa_inhalt-netto-15g","10":"pa_marke-herba-di-berna","11":"pif-has-gallery","13":"first","14":"instock","15":"taxable","16":"shipping-taxable","17":"purchasable","18":"product-type-simple"},"_links":{"self":[{"href":"https:\/\/www.herbadiberna.ch\/fr\/wp-json\/wp\/v2\/product\/71423","targetHints":{"allow":["GET"]}}],"collection":[{"href":"https:\/\/www.herbadiberna.ch\/fr\/wp-json\/wp\/v2\/product"}],"about":[{"href":"https:\/\/www.herbadiberna.ch\/fr\/wp-json\/wp\/v2\/types\/product"}],"replies":[{"embeddable":true,"href":"https:\/\/www.herbadiberna.ch\/fr\/wp-json\/wp\/v2\/comments?post=71423"}],"wp:featuredmedia":[{"embeddable":true,"href":"https:\/\/www.herbadiberna.ch\/fr\/wp-json\/wp\/v2\/media\/75967"}],"wp:attachment":[{"href":"https:\/\/www.herbadiberna.ch\/fr\/wp-json\/wp\/v2\/media?parent=71423"}],"wp:term":[{"taxonomy":"product_brand","embeddable":true,"href":"https:\/\/www.herbadiberna.ch\/fr\/wp-json\/wp\/v2\/product_brand?post=71423"},{"taxonomy":"product_cat","embeddable":true,"href":"https:\/\/www.herbadiberna.ch\/fr\/wp-json\/wp\/v2\/product_cat?post=71423"},{"taxonomy":"product_tag","embeddable":true,"href":"https:\/\/www.herbadiberna.ch\/fr\/wp-json\/wp\/v2\/product_tag?post=71423"}],"curies":[{"name":"wp","href":"https:\/\/api.w.org\/{rel}","templated":true}]}}