{"id":63971,"date":"2025-05-20T14:26:13","date_gmt":"2025-05-20T13:26:13","guid":{"rendered":"https:\/\/www.herbadiberna.ch\/?post_type=product&#038;p=63971"},"modified":"2026-04-17T16:48:56","modified_gmt":"2026-04-17T15:48:56","slug":"root-pouch-38-8-et-16-litres-noir","status":"publish","type":"product","link":"https:\/\/www.herbadiberna.ch\/fr\/produit\/root-pouch-38-8-et-16-litres-noir\/","title":{"rendered":"Root Pouch 3,8\/8 et 16 litres Noir"},"content":{"rendered":"<div class=\"flex max-w-full flex-col flex-grow\">\n<div class=\"min-h-8 text-message flex w-full flex-col items-end gap-2 whitespace-normal break-words text-start [.text-message+&amp;]:mt-5\" dir=\"auto\">\n<div class=\"flex w-full flex-col gap-1 empty:hidden first:pt-[3px]\">\n<div class=\"markdown prose w-full break-words dark:prose-invert light\">\n<h2><strong>Acheter Root Pouch - Noir 3.8L pour un d\u00e9veloppement sain des racines<\/strong><\/h2>\n<p>Vous voulez <strong>acheter<\/strong> un <strong>Root Pouch<\/strong> et vous cherchez un pot de culture de haute qualit\u00e9 pour votre <strong>culture de CBD en Suisse<\/strong>? Alors la ligne noire de Root Pouch, disponible en diff\u00e9rents volumes, est le choix parfait : fabriqu\u00e9 \u00e0 partir d&rsquo;un m\u00e9lange durable de fibres naturelles, ce pot favorise un d\u00e9veloppement optimal des racines - sans spiralisation ni blocage des racines. <\/p>\n<p>La structure respirante assure un root pruning actif et favorise un syst\u00e8me racinaire vigoureux et ramifi\u00e9. Id\u00e9al pour la culture biologique en int\u00e9rieur, en ext\u00e9rieur ou en serre. <\/p>\n<h3><strong>Renforcer les plantes CBD naturellement - avec le pot en tissu Root Pouch<\/strong><\/h3>\n<p>La ligne noire de Root Pouch est compos\u00e9e \u00e0 100 % de mat\u00e9riaux recycl\u00e9s, sans BPA, r\u00e9sistante aux UV et semi-biod\u00e9gradable. Elle est donc particuli\u00e8rement respectueuse de l&rsquo;environnement et convient parfaitement aux jardiniers professionnels et aux jardiniers amateurs ambitieux. <\/p>\n<p><strong>Pour des plantes saines d\u00e8s le d\u00e9but :<\/strong> La structure solide de 260 g\/m\u00b2 permet une utilisation flexible en pot ou directement dans le sol. Vos plantes b\u00e9n\u00e9ficient d&rsquo;une a\u00e9ration active et d&rsquo;une meilleure absorption des nutriments - sans pot en plastique. <\/p>\n<h2><strong>Polyvalent, robuste et durable - pour votre culture de CBD<\/strong><\/h2>\n<p>La Root Pouch 3.8L est bien plus qu&rsquo;un simple pot de culture : c&rsquo;est un outil conscient pour le jardinage durable, fournissant des conditions optimales pour vos plantes de chanvre - de la jeune plante \u00e0 la plante m\u00e8re vigoureuse.<\/p>\n<ul>\n<li><strong>A\u00e9ration active des racines &amp; effet Root Pruning<\/strong><\/li>\n<li><strong>Mat\u00e9riau recycl\u00e9 - sans BPA &amp; r\u00e9sistant aux UV<\/strong><\/li>\n<li><strong>Semi-biod\u00e9gradable - respectueux de l&rsquo;environnement<\/strong><\/li>\n<li><strong>Utilisation polyvalente : Int\u00e9rieur, ext\u00e9rieur, serre<\/strong><\/li>\n<li><strong>Parfait pour les plantes CBD et les jeunes plants<\/strong><\/li>\n<\/ul>\n<h2><strong>Achetez Root Pouch maintenant &amp; renforcez naturellement votre projet de culture !<\/strong><\/h2>\n<p><strong>Commandez d\u00e8s maintenant la Root Pouch 3.8L (ligne noire) - directement en ligne ou dans un magasin sp\u00e9cialis\u00e9 en CBD \u00e0 Berne.<\/strong><br \/>\nLa culture durable commence \u00e0 la racine - avec Root Pouch, des plantes vigoureuses et des accessoires durables.<\/p>\n<h2><strong>En savoir plus - Accessoires CBD &amp; mat\u00e9riel de culture<\/strong><\/h2>\n<p>\u27a1\ufe0f Vous avez besoin d&rsquo;un terreau de culture adapt\u00e9 ? Consultez <a href=\"https:\/\/www.herbadiberna.ch\/cbd-anbauerde\/\">notre m\u00e9lange Biobizz Light<\/a>.<br \/>\n\u27a1\ufe0f <a href=\"https:\/\/www.herbadiberna.ch\/fr\/boutures\/\">Choisissez maintenant des boutures de CBD<\/a> &amp; plantez-les directement.<br \/>\n<a href=\"https:\/\/www.herbadiberna.ch\/fr\/blog\/instructions-pour-planter-du-chanvre\/\">\u27a1\ufe0f Instructions pour planter &amp; rempoter vos plantes de chanvre<\/a><\/p>\n<\/div>\n<\/div>\n<\/div>\n<\/div>\n","protected":false},"excerpt":{"rendered":"<p><strong data-start=\"159\" data-end=\"175\">Les Root Pouches<\/strong> ou <strong data-start=\"181\" data-end=\"195\">pots en tissu<\/strong> sont nos favoris : compos\u00e9s de tissus sans BPA et r\u00e9sistants aux UV, ils sont fabriqu\u00e9s \u00e0 partir de mat\u00e9riaux 100 % recycl\u00e9s. <strong data-start=\"379\" data-end=\"395\">Les Root Pouches<\/strong> ont \u00e9t\u00e9 sp\u00e9cialement con\u00e7ues pour les cultivateurs professionnels. Chaque mod\u00e8le est con\u00e7u pour r\u00e9pondre \u00e0 des besoins sp\u00e9cifiques et est id\u00e9al pour la culture en terre, dans le jardin ou dans la serre. <\/p>\n","protected":false},"featured_media":64003,"comment_status":"open","ping_status":"closed","template":"","meta":{"inline_featured_image":false},"product_brand":[],"product_cat":[387],"product_tag":[],"class_list":{"0":"post-63971","1":"product","2":"type-product","3":"status-publish","4":"has-post-thumbnail","6":"product_cat-culture-du-cbd","8":"first","9":"outofstock","10":"taxable","11":"shipping-taxable","12":"purchasable","13":"product-type-variable","14":"rtwpvs-product"},"_links":{"self":[{"href":"https:\/\/www.herbadiberna.ch\/fr\/wp-json\/wp\/v2\/product\/63971","targetHints":{"allow":["GET"]}}],"collection":[{"href":"https:\/\/www.herbadiberna.ch\/fr\/wp-json\/wp\/v2\/product"}],"about":[{"href":"https:\/\/www.herbadiberna.ch\/fr\/wp-json\/wp\/v2\/types\/product"}],"replies":[{"embeddable":true,"href":"https:\/\/www.herbadiberna.ch\/fr\/wp-json\/wp\/v2\/comments?post=63971"}],"wp:featuredmedia":[{"embeddable":true,"href":"https:\/\/www.herbadiberna.ch\/fr\/wp-json\/wp\/v2\/media\/64003"}],"wp:attachment":[{"href":"https:\/\/www.herbadiberna.ch\/fr\/wp-json\/wp\/v2\/media?parent=63971"}],"wp:term":[{"taxonomy":"product_brand","embeddable":true,"href":"https:\/\/www.herbadiberna.ch\/fr\/wp-json\/wp\/v2\/product_brand?post=63971"},{"taxonomy":"product_cat","embeddable":true,"href":"https:\/\/www.herbadiberna.ch\/fr\/wp-json\/wp\/v2\/product_cat?post=63971"},{"taxonomy":"product_tag","embeddable":true,"href":"https:\/\/www.herbadiberna.ch\/fr\/wp-json\/wp\/v2\/product_tag?post=63971"}],"curies":[{"name":"wp","href":"https:\/\/api.w.org\/{rel}","templated":true}]}}