{"id":63732,"date":"2025-05-06T12:46:26","date_gmt":"2025-05-06T11:46:26","guid":{"rendered":"https:\/\/www.herbadiberna.ch\/cbd-skin-clear\/"},"modified":"2026-04-14T15:54:47","modified_gmt":"2026-04-14T14:54:47","slug":"cbd-skin-clear","status":"publish","type":"product","link":"https:\/\/www.herbadiberna.ch\/fr\/produit\/cbd-skin-clear\/","title":{"rendered":"CBD-Skin Clear"},"content":{"rendered":"<div class=\"flex max-w-full flex-col flex-grow\">\n<div class=\"min-h-8 text-message flex w-full flex-col items-end gap-2 whitespace-normal break-words text-start [.text-message+&amp;]:mt-5\" dir=\"auto\">\n<div class=\"flex w-full flex-col gap-1 empty:hidden first:pt-[3px]\">\n<div class=\"markdown prose w-full break-words dark:prose-invert light\">\n<h2><strong>Acheter un nettoyant visage au CBD - Pour une peau nette et fra\u00eeche<\/strong><\/h2>\n<p>Une raison de vouloir acheter le nettoyant pour visage au CBD est sans doute la douceur que l&rsquo;on trouve dans les cosm\u00e9tiques au CBD pour tous les types de peau !<br \/>\nNotre <strong>CBD-Skin Clear<\/strong> est un <strong>nettoyant pour le visage de <\/strong>haute qualit\u00e9 contenant de la papaye, du m\u00e9lilot, du pamplemousse et de l&rsquo;extrait de chanvre \u00e0 spectre complet, qui am\u00e9liore naturellement votre peau.<br \/>\nCe <strong>nettoyant pour visage au CBD <\/strong>nettoie la peau en profondeur, l&rsquo;apaise et la nourrit - pour une peau visiblement am\u00e9lior\u00e9e.<\/p>\n<h2><strong>Caract\u00e9ristiques du produit CBD Skin Clear  <\/strong><\/h2>\n<ul>\n<li><strong>Nettoyage en douceur :<\/strong> Des tensioactifs v\u00e9g\u00e9taux et des enzymes de papaye \u00e9liminent les cellules mortes de la peau.<\/li>\n<li><strong>Avec CBD &amp; m\u00e9lilot :<\/strong> apaisant, r\u00e9g\u00e9n\u00e9rant et antioxydant - id\u00e9al en cas de rougeurs.<\/li>\n<li><strong>Parfum frais :<\/strong> l&rsquo;huile de pamplemousse tonifie la peau et favorise la circulation sanguine.<\/li>\n<li><strong>Soin &amp; hydratation :<\/strong> contient de l&rsquo;extrait de papaye, de l&rsquo;hyaluron &amp; de pr\u00e9cieuses vitamines.<\/li>\n<li><strong>Cosm\u00e9tique CBD de haute qualit\u00e9 :<\/strong> v\u00e9g\u00e9talien, doux &amp; adapt\u00e9 au nettoyage quotidien du visage.<\/li>\n<li style=\"list-style-type: none;\">\n<\/li>\n<\/ul>\n<h2><strong>Pourquoi acheter Herba di Berna CBD Nettoyant Visage ?<\/strong><\/h2>\n<p>Notre <strong>nettoyant pour visage au CBD<\/strong> combat les impuret\u00e9s et les rougeurs gr\u00e2ce \u00e0 la papa\u00efne de papaye, au m\u00e9lilot apaisant et \u00e0 l&rsquo;extrait de chanvre.<br \/>\nGr\u00e2ce \u00e0 l&rsquo;effet stimulant du pamplemousse sur la circulation sanguine et \u00e0 la formule hydratante, votre peau est fra\u00eeche, lisse et soign\u00e9e apr\u00e8s l&rsquo;application.<\/p>\n<h2><strong>T\u00e9moignages de clients de Herba di Berna CBD-Skin Clear<\/strong><\/h2>\n<p>De nombreux utilisateurs* rapportent que leur peau est visiblement plus claire et plus \u00e9clatante apr\u00e8s quelques utilisations. La texture est agr\u00e9ablement douce, le parfum discret avec une fra\u00eecheur naturelle - id\u00e9al pour le nettoyage quotidien des peaux sensibles. <\/p>\n<h2><strong>D\u00e9couvrez maintenant CBD Skin Clear le nettoyant visage au CBD !<\/strong><\/h2>\n<p><br data-start=\"427\" data-end=\"430\">La combinaison unique de papaye, de m\u00e9lilot, de pamplemousse et d&rsquo;extrait de chanvre \u00e0 spectre complet nourrit en douceur, nettoie les pores en profondeur et clarifie la peau.<br data-start=\"588\" data-end=\"591\" data-is-only-node=\"\">Faisant partie de notre ligne de <strong data-start=\"620\" data-end=\"636\">cosm\u00e9tiques<\/strong> naturels <strong data-start=\"620\" data-end=\"636\">au CBD<\/strong>, ce produit est id\u00e9al pour les soins quotidiens du visage - doux, efficace et produit localement.<br data-start=\"750\" data-end=\"753\">Commandez d\u00e8s maintenant &amp; ressentez le pouvoir bienfaisant du CBD suisse !<\/p>\n<h2><strong>En d\u00e9couvrir davantage : Autres produits de soins au CBD<\/strong><\/h2>\n<p>\u27a1\ufe0f Vous cherchez des soins compl\u00e9mentaires ? D\u00e9couvrez notre <a href=\"https:\/\/www.herbadiberna.ch\/fr\/produit\/pommade-au-cbd\/\">pommade au CBD<\/a>!<br \/>\n\u27a1\ufe0f Cliquez ici pour acc\u00e9der \u00e0 la <a href=\"https:\/\/www.herbadiberna.ch\/fr\/produits-de-soins-au-cbd\/\">cat\u00e9gorie Cosm\u00e9tique CBD<\/a> avec tous les produits.<br \/>\n\u27a1\ufe0f<a href=\"https:\/\/www.herbadiberna.ch\/fr\/produits-de-soins-au-cbd\/\"> Autres produits de soin au CBD<\/a> <\/p>\n<\/div>\n<\/div>\n<\/div>\n<\/div>\n","protected":false},"excerpt":{"rendered":"<p>Nettoyant visage CBD \u00e0 la papaye, au m\u00e9lilot &amp; \u00e0 l&rsquo;extrait de chanvre. Nettoie en douceur, apaise la peau &amp; favorise un grain de peau clair - id\u00e9al pour les soins quotidiens avec des cosm\u00e9tiques CBD de qualit\u00e9 sup\u00e9rieure fabriqu\u00e9s en Suisse. <\/p>\n","protected":false},"featured_media":63495,"comment_status":"open","ping_status":"closed","template":"","meta":{"inline_featured_image":false},"product_brand":[],"product_cat":[467,466],"product_tag":[],"class_list":{"0":"post-63732","1":"product","2":"type-product","3":"status-publish","4":"has-post-thumbnail","6":"product_cat-pommades","7":"product_cat-produits-de-soins-au-cbd","9":"first","10":"instock","11":"taxable","12":"shipping-taxable","13":"purchasable","14":"product-type-simple"},"_links":{"self":[{"href":"https:\/\/www.herbadiberna.ch\/fr\/wp-json\/wp\/v2\/product\/63732","targetHints":{"allow":["GET"]}}],"collection":[{"href":"https:\/\/www.herbadiberna.ch\/fr\/wp-json\/wp\/v2\/product"}],"about":[{"href":"https:\/\/www.herbadiberna.ch\/fr\/wp-json\/wp\/v2\/types\/product"}],"replies":[{"embeddable":true,"href":"https:\/\/www.herbadiberna.ch\/fr\/wp-json\/wp\/v2\/comments?post=63732"}],"wp:featuredmedia":[{"embeddable":true,"href":"https:\/\/www.herbadiberna.ch\/fr\/wp-json\/wp\/v2\/media\/63495"}],"wp:attachment":[{"href":"https:\/\/www.herbadiberna.ch\/fr\/wp-json\/wp\/v2\/media?parent=63732"}],"wp:term":[{"taxonomy":"product_brand","embeddable":true,"href":"https:\/\/www.herbadiberna.ch\/fr\/wp-json\/wp\/v2\/product_brand?post=63732"},{"taxonomy":"product_cat","embeddable":true,"href":"https:\/\/www.herbadiberna.ch\/fr\/wp-json\/wp\/v2\/product_cat?post=63732"},{"taxonomy":"product_tag","embeddable":true,"href":"https:\/\/www.herbadiberna.ch\/fr\/wp-json\/wp\/v2\/product_tag?post=63732"}],"curies":[{"name":"wp","href":"https:\/\/api.w.org\/{rel}","templated":true}]}}