{"id":62738,"date":"2025-03-21T12:54:27","date_gmt":"2025-03-21T11:54:27","guid":{"rendered":"https:\/\/www.herbadiberna.ch\/?post_type=product&#038;p=62738"},"modified":"2026-04-20T17:03:23","modified_gmt":"2026-04-20T16:03:23","slug":"boutures-de-cbd-3-pieces-2","status":"publish","type":"product","link":"https:\/\/www.herbadiberna.ch\/fr\/produit\/boutures-de-cbd-3-pieces-2\/","title":{"rendered":"Acheter des boutures de CBD Limoncello (3 pi\u00e8ces)"},"content":{"rendered":"<div class=\"flex max-w-full flex-col flex-grow\">\n<div class=\"min-h-8 text-message flex w-full flex-col items-end gap-2 whitespace-normal break-words text-start [.text-message+&amp;]:mt-5\" dir=\"auto\">\n<div class=\"flex w-full flex-col gap-1 empty:hidden first:pt-[3px]\">\n<div class=\"markdown prose w-full break-words dark:prose-invert light\">\n<h2><strong>Acheter des boutures de CBD Limoncello - Fleurs compactes &amp; ar\u00f4me intense de citron<\/strong><\/h2>\n<p><strong>Acheter des boutures de CBD Limoncello<\/strong> - obtenez d\u00e8s maintenant des clones frais au profil terp\u00e9nique citronn\u00e9 &amp; issus de culture biologique suisse. Commandez aujourd&rsquo;hui &amp; recevez des plants vigoureux pour votre culture. <strong>D\u00e9lai de livraison : 14-21 jours !<\/strong><\/p>\n<p>Nos <strong>boutures de CBD Limoncello<\/strong> se distinguent par un ar\u00f4me intense de citron, une g\u00e9n\u00e9tique hybride robuste et une forte production de r\u00e9sine. Cette vari\u00e9t\u00e9 convient parfaitement \u00e0 la <strong>culture en int\u00e9rieur et en ext\u00e9rieur<\/strong> - cette g\u00e9n\u00e9tique est particuli\u00e8rement populaire dans le domaine <strong data-start=\"498\" data-end=\"521\">du CBD Farming en Suisse<\/strong>.<\/p>\n<h3>\ud83d\udc49 <strong>Attention : Cultiv\u00e9 frais - pas de stock !<\/strong><\/h3>\n<p>Pour que vous receviez des boutures saines et vigoureuses, votre <strong>clone CBD Limoncello<\/strong> est cultiv\u00e9 <strong>directement apr\u00e8s votre commande<\/strong>. Le d\u00e9lai de livraison est d&rsquo;environ <strong>14 \u00e0 21 jours<\/strong>, afin que vos boutures arrivent chez vous parfaitement enracin\u00e9es et r\u00e9sistantes.<\/p>\n<p><strong>Nous garantissons des produits frais, sans parasites ni maladies sur votre bouture de CBD.<\/strong><br \/>\nToutes les boutures proviennent de <strong>cultures biologiques<\/strong> en Suisse, sont r\u00e9guli\u00e8rement contr\u00f4l\u00e9es et poussent dans des conditions optimales.<\/p>\n<h2><strong>Restez flexible - Choisissez vos plants !<\/strong><\/h2>\n<p>Lors de votre commande, vous avez la possibilit\u00e9 de choisir les vari\u00e9t\u00e9s que vous souhaitez. <strong>Il vous suffit d&rsquo;indiquer dans les commentaires de commande la g\u00e9n\u00e9tique que vous souhaitez<\/strong> - nous composerons votre kit sur mesure.<\/p>\n<h4>\u2705 Choisissez parmi les vari\u00e9t\u00e9s suivantes :<\/h4>\n<ul>\n<li><strong>Boutures de CBD <a href=\"https:\/\/www.herbadiberna.ch\/?post_type=product&amp;p=61635&amp;preview=true\">Harlequin<\/a><\/strong><\/li>\n<li><strong>Boutures de CBD <a href=\"https:\/\/www.herbadiberna.ch\/?post_type=product&amp;p=61631&amp;preview=true\">Plutonium<\/a><\/strong><\/li>\n<li><strong>Boutures de CBD <a href=\"https:\/\/www.herbadiberna.ch\/?post_type=product&amp;p=61627&amp;preview=true\">Cannatonic<\/a><\/strong><\/li>\n<li><strong>Boutures de CBD <a href=\"https:\/\/www.herbadiberna.ch\/?post_type=product&amp;p=61623&amp;preview=true\">Erdbeerli<\/a><\/strong><\/li>\n<li><strong>Boutures de CBD <a href=\"https:\/\/www.herbadiberna.ch\/?post_type=product&amp;p=61619&amp;preview=true\">Amnesia<\/a><\/strong><\/li>\n<li><strong>Boutures de CBD <a href=\"https:\/\/www.herbadiberna.ch\/it\/produkt\/talee-di-cbd\/\">Orangello<\/a><\/strong><\/li>\n<li><strong>Boutures de CBD <a href=\"https:\/\/www.herbadiberna.ch\/?post_type=product&amp;p=61639&amp;preview=true\">V1<\/a><\/strong><\/li>\n<\/ul>\n<p>Si aucune vari\u00e9t\u00e9 sp\u00e9cifique n&rsquo;est indiqu\u00e9e, vous recevrez automatiquement les <strong>boutures de CBD Limoncello<\/strong> (3 pi\u00e8ces).<\/p>\n<h2><strong>Pourquoi acheter des boutures de CBD Limoncello ?<\/strong><\/h2>\n<p>Nos <strong>clones de CBD Limoncello<\/strong> se caract\u00e9risent par une <strong>croissance r\u00e9guli\u00e8re, une production \u00e9lev\u00e9e de r\u00e9sine et un ar\u00f4me de citron tr\u00e8s prononc\u00e9<\/strong>. La g\u00e9n\u00e9tique robuste est particuli\u00e8rement r\u00e9sistante aux influences environnementales et convient parfaitement \u00e0 une culture en Suisse.<\/p>\n<ul>\n<li><strong>G\u00e9n\u00e9tique hybride puissante &amp; croissance rapide<\/strong><\/li>\n<li><strong>Fleurs compactes au profil terp\u00e9nique citronn\u00e9<\/strong><\/li>\n<li><strong>Production \u00e9lev\u00e9e de r\u00e9sine pour une qualit\u00e9 maximale de CBD<\/strong><\/li>\n<\/ul>\n<h2><strong>Exp\u00e9rience avec les boutures de CBD Limoncello<\/strong><\/h2>\n<p>Beaucoup de nos clients* font \u00e9tat d&rsquo;une <strong>structure de croissance particuli\u00e8rement robuste<\/strong> et d&rsquo;un <strong>ar\u00f4me intense et frais de citron<\/strong>. La facilit\u00e9 d&rsquo;entretien de cette vari\u00e9t\u00e9 en fait une vari\u00e9t\u00e9 recommand\u00e9e aussi bien pour les cultivateurs d\u00e9butants* que pour les cultivateurs exp\u00e9riment\u00e9s.<\/p>\n<h2><strong>Acheter des boutures de CBD Limoncello maintenant &amp; commencer directement !<\/strong><\/h2>\n<p><strong>Commandez vos clones de CBD Limoncello maintenant et profitez d&rsquo;une g\u00e9n\u00e9tique de haute qualit\u00e9, d&rsquo;une culture contr\u00f4l\u00e9e et d&rsquo;une livraison rapide.<\/strong><br \/>\nQue ce soit pour le <strong>CBD Farming Suisse<\/strong> ou votre projet priv\u00e9 de culture \u00e0 domicile, avec Limoncello vous misez sur la qualit\u00e9 &amp; la stabilit\u00e9.<\/p>\n<h2><strong>En d\u00e9couvrir davantage : Autres boutures de CBD de qualit\u00e9<\/strong><\/h2>\n<p>\u27a1\ufe0f Int\u00e9ress\u00e9 par d&rsquo;autres vari\u00e9t\u00e9s ? Consultez notre s\u00e9lection de <a href=\"https:\/\/www.herbadiberna.ch\/fr\/boutures\/\">boutures de CBD<\/a>!<br \/>\n\u27a1\ufe0f Apprenez-en plus sur nos <a href=\"https:\/\/www.herbadiberna.ch\/fr\/culture-du-cbd\/\">produits CBD pour la culture<\/a> avec une g\u00e9n\u00e9tique stable.<br \/>\n<a href=\"https:\/\/www.herbadiberna.ch\/fr\/blog\/instructions-pour-planter-du-chanvre\/\">\u27a1\ufe0f Instructions pour planter du chanvre<\/a><\/p>\n<\/div>\n<\/div>\n<\/div>\n<\/div>\n","protected":false},"excerpt":{"rendered":"<p>\ud83d\udc49 <strong>Attention : Veuillez tenir compte du d\u00e9lai de livraison - pas de marchandise en stock !<\/strong><\/p>\n<p>Commandez maintenant des boutures de CBD suisse et cultivez-les vous-m\u00eame !<\/p>\n","protected":false},"featured_media":62930,"comment_status":"open","ping_status":"closed","template":"","meta":{"inline_featured_image":false},"product_brand":[],"product_cat":[411,387],"product_tag":[],"class_list":{"0":"post-62738","1":"product","2":"type-product","3":"status-publish","4":"has-post-thumbnail","6":"product_cat-boutures","7":"product_cat-culture-du-cbd","8":"product_shipping_class-postpac-emballages-pour-plantes","9":"pif-has-gallery","11":"first","12":"instock","13":"taxable","14":"shipping-taxable","15":"purchasable","16":"product-type-simple"},"_links":{"self":[{"href":"https:\/\/www.herbadiberna.ch\/fr\/wp-json\/wp\/v2\/product\/62738","targetHints":{"allow":["GET"]}}],"collection":[{"href":"https:\/\/www.herbadiberna.ch\/fr\/wp-json\/wp\/v2\/product"}],"about":[{"href":"https:\/\/www.herbadiberna.ch\/fr\/wp-json\/wp\/v2\/types\/product"}],"replies":[{"embeddable":true,"href":"https:\/\/www.herbadiberna.ch\/fr\/wp-json\/wp\/v2\/comments?post=62738"}],"wp:featuredmedia":[{"embeddable":true,"href":"https:\/\/www.herbadiberna.ch\/fr\/wp-json\/wp\/v2\/media\/62930"}],"wp:attachment":[{"href":"https:\/\/www.herbadiberna.ch\/fr\/wp-json\/wp\/v2\/media?parent=62738"}],"wp:term":[{"taxonomy":"product_brand","embeddable":true,"href":"https:\/\/www.herbadiberna.ch\/fr\/wp-json\/wp\/v2\/product_brand?post=62738"},{"taxonomy":"product_cat","embeddable":true,"href":"https:\/\/www.herbadiberna.ch\/fr\/wp-json\/wp\/v2\/product_cat?post=62738"},{"taxonomy":"product_tag","embeddable":true,"href":"https:\/\/www.herbadiberna.ch\/fr\/wp-json\/wp\/v2\/product_tag?post=62738"}],"curies":[{"name":"wp","href":"https:\/\/api.w.org\/{rel}","templated":true}]}}