{"id":61629,"date":"2025-03-12T16:03:20","date_gmt":"2025-03-12T15:03:20","guid":{"rendered":"https:\/\/www.herbadiberna.ch\/?post_type=product&#038;p=61629"},"modified":"2026-04-25T01:44:22","modified_gmt":"2026-04-25T00:44:22","slug":"boutures-de-cbd-3-pieces-cannatonic","status":"publish","type":"product","link":"https:\/\/www.herbadiberna.ch\/fr\/produit\/boutures-de-cbd-3-pieces-cannatonic\/","title":{"rendered":"Acheter des boutures de CBD Cannatonic (3 pi\u00e8ces)"},"content":{"rendered":"<div class=\"flex max-w-full flex-col flex-grow\">\n<div class=\"min-h-8 text-message flex w-full flex-col items-end gap-2 whitespace-normal break-words text-start [.text-message+&amp;]:mt-5\" dir=\"auto\">\n<div class=\"flex w-full flex-col gap-1 empty:hidden first:pt-[3px]\">\n<div class=\"markdown prose w-full break-words dark:prose-invert light\">\n<h2><strong>Acheter des boutures de CBD Cannatonic - Fleurs compactes &amp; ar\u00f4me intense d&rsquo;agrumes et de mangue<\/strong><\/h2>\n<p><strong>Acheter des boutures de CBD Cannatonic<\/strong> - des boutures de CBD fra\u00eeches au profil terp\u00e9nique fruit\u00e9 et sucr\u00e9 en provenance directe de Suisse. Commandez maintenant &amp; obtenez des clones de qualit\u00e9 pour votre culture.  <strong>D\u00e9lai de livraison : 14-21 jours !<\/strong><\/p>\n<p>Nos <strong>boutures de CBD Cannatonic<\/strong> sont id\u00e9ales pour la <strong>culture en int\u00e9rieur et en ext\u00e9rieur<\/strong>. Cette vari\u00e9t\u00e9 se caract\u00e9rise par des fleurs compactes et riches en r\u00e9sine et un ar\u00f4me intense d&rsquo;agrumes et de mangue. Parfait pour la <strong>culture du CBD en Suisse<\/strong> - avec une g\u00e9n\u00e9tique stable et une structure robuste.  <\/p>\n<h3>\ud83d\udc49 <strong>Attention : Cultiv\u00e9 frais - pas de stock !<\/strong><\/h3>\n<p>Pour que vous receviez des boutures vigoureuses et saines, votre <strong>clone CBD Cannatonic<\/strong> sera cultiv\u00e9 <strong>directement apr\u00e8s votre commande<\/strong>. Le d\u00e9lai de livraison est d&rsquo;environ <strong>14 \u00e0 21 jours<\/strong>, afin que votre plante arrive chez vous parfaitement enracin\u00e9e &amp; r\u00e9sistante. <\/p>\n<p><strong>Nous garantissons des boutures de CBD fra\u00eeches, sans parasites ni maladies.<\/strong><br \/>\nToutes les boutures proviennent de <strong>cultures biologiques<\/strong> en Suisse et sont r\u00e9guli\u00e8rement contr\u00f4l\u00e9es et cultiv\u00e9es avec amour.<\/p>\n<h2><strong>Restez flexible - choisissez votre vari\u00e9t\u00e9 de bouture !<\/strong><\/h2>\n<p>Lors de votre commande, vous avez la possibilit\u00e9 de choisir de mani\u00e8re flexible les boutures de CBD que vous souhaitez.  <strong>Il vous suffit d&rsquo;indiquer dans les commentaires de votre commande quel clone de CBD vous souhaitez<\/strong> - nous composerons votre kit sur mesure.<\/p>\n<h4>\u2705 Choisissez parmi les vari\u00e9t\u00e9s suivantes :<\/h4>\n<ul>\n<li><strong>Boutures de CBD Harlequin<\/strong><\/li>\n<li><strong>Boutures de CBD Plutonium<\/strong><\/li>\n<li><strong>Boutures de CBD Limoncello<\/strong><\/li>\n<li><strong>Boutures de CBD Erdbeerli<\/strong><\/li>\n<li><strong>Boutures de CBD Amnesia<\/strong><\/li>\n<li><strong>Boutures de CBD Orangello<\/strong><\/li>\n<li><strong>Boutures de CBD V1<\/strong><\/li>\n<\/ul>\n<p>Si aucune vari\u00e9t\u00e9 sp\u00e9cifique n&rsquo;est indiqu\u00e9e, vous recevrez automatiquement les <strong>boutures de CBD Cannatonic<\/strong> (3 pi\u00e8ces).<\/p>\n<h2><strong>Pourquoi acheter des boutures de CBD Cannatonic ?<\/strong><\/h2>\n<p>Nos <strong>boutures de CBD Cannatonic<\/strong> impressionnent par leur <strong>croissance r\u00e9guli\u00e8re, leur g\u00e9n\u00e9tique stable<\/strong> et leur <strong>profil terp\u00e9nique<\/strong> super <strong>fruit\u00e9 et citronn\u00e9<\/strong>. Cette vari\u00e9t\u00e9 convient parfaitement \u00e0 la <strong>culture biologique du CBD en Suisse<\/strong> et marque des points avec sa production \u00e9lev\u00e9e de r\u00e9sine. <\/p>\n<ul>\n<li><strong>G\u00e9n\u00e9tique hybride puissante avec une croissance rapide et un rendement \u00e9lev\u00e9<\/strong><\/li>\n<li><strong>Fleurs denses et compactes \u00e0 haute teneur en r\u00e9sine et fleurs de CBD compact\u00e9es<\/strong><\/li>\n<li><strong>Ar\u00f4me agrumes-mangue pour une exp\u00e9rience gustative unique<\/strong><\/li>\n<\/ul>\n<h2><strong>Exp\u00e9rience avec les boutures de CBD Cannatonic<\/strong><\/h2>\n<p>Beaucoup de nos clients font \u00e9tat d&rsquo;une <strong>structure de croissance particuli\u00e8rement robuste<\/strong> et d&rsquo;un <strong>ar\u00f4me agr\u00e9ablement sucr\u00e9 et fruit\u00e9<\/strong>. La facilit\u00e9 d&rsquo;utilisation de cette vari\u00e9t\u00e9 la rend id\u00e9ale pour les cultivateurs d\u00e9butants comme pour les cultivateurs exp\u00e9riment\u00e9s. <\/p>\n<h2><strong>Achetez maintenant des boutures de CBD Cannatonic &amp; commencez directement !<\/strong><\/h2>\n<p><strong>Commandez vos clones de CBD Cannatonic maintenant et commencez votre projet de culture avec une qualit\u00e9 \u00e9prouv\u00e9e !<\/strong><br \/>\nQue ce soit pour la <strong>culture de CBD en Suisse<\/strong> ou pour votre culture priv\u00e9e en int\u00e9rieur, Cannatonic donne des r\u00e9sultats puissants et un ar\u00f4me exceptionnel.<\/p>\n<h2><strong>En d\u00e9couvrir davantage : Autres boutures de CBD de qualit\u00e9<\/strong><\/h2>\n<p>\u27a1\ufe0f Int\u00e9ress\u00e9 par d&rsquo;autres vari\u00e9t\u00e9s ? Consultez notre s\u00e9lection de <a href=\"https:\/\/www.herbadiberna.ch\/fr\/boutures\/\">boutures de CBD<\/a>!<br \/>\n\u27a1\ufe0f Apprenez-en plus sur nos <a href=\"https:\/\/www.herbadiberna.ch\/fr\/culture-du-cbd\/\">produits CBD pour la culture<\/a> avec une g\u00e9n\u00e9tique stable.<br \/>\n<a href=\"https:\/\/www.herbadiberna.ch\/fr\/blog\/instructions-pour-planter-du-chanvre\/\">\u27a1\ufe0f Instructions pour planter du chanvre<\/a><\/p>\n<\/div>\n<\/div>\n<\/div>\n<\/div>\n","protected":false},"excerpt":{"rendered":"<div style=\"background-color: #d4edda;color: #155724;padding: 15px;border-radius: 5px;margin-bottom: 20px\">\n  \ud83d\udc49 <strong>Attention : Veuillez tenir compte du d\u00e9lai de livraison - pas de marchandise en stock !<\/strong>\n<\/div>\n<p>Acheter des boutures de CBD Cannatonic - Obtenez des plants de CBD durables d\u00e8s maintenant pour commencer \u00e0 cultiver.<\/p>\n","protected":false},"featured_media":62998,"comment_status":"open","ping_status":"closed","template":"","meta":{"inline_featured_image":false},"product_brand":[],"product_cat":[411,387],"product_tag":[],"class_list":{"0":"post-61629","1":"product","2":"type-product","3":"status-publish","4":"has-post-thumbnail","6":"product_cat-boutures","7":"product_cat-culture-du-cbd","8":"product_shipping_class-postpac-emballages-pour-plantes","9":"pif-has-gallery","11":"first","12":"instock","13":"taxable","14":"shipping-taxable","15":"purchasable","16":"product-type-simple"},"_links":{"self":[{"href":"https:\/\/www.herbadiberna.ch\/fr\/wp-json\/wp\/v2\/product\/61629","targetHints":{"allow":["GET"]}}],"collection":[{"href":"https:\/\/www.herbadiberna.ch\/fr\/wp-json\/wp\/v2\/product"}],"about":[{"href":"https:\/\/www.herbadiberna.ch\/fr\/wp-json\/wp\/v2\/types\/product"}],"replies":[{"embeddable":true,"href":"https:\/\/www.herbadiberna.ch\/fr\/wp-json\/wp\/v2\/comments?post=61629"}],"wp:featuredmedia":[{"embeddable":true,"href":"https:\/\/www.herbadiberna.ch\/fr\/wp-json\/wp\/v2\/media\/62998"}],"wp:attachment":[{"href":"https:\/\/www.herbadiberna.ch\/fr\/wp-json\/wp\/v2\/media?parent=61629"}],"wp:term":[{"taxonomy":"product_brand","embeddable":true,"href":"https:\/\/www.herbadiberna.ch\/fr\/wp-json\/wp\/v2\/product_brand?post=61629"},{"taxonomy":"product_cat","embeddable":true,"href":"https:\/\/www.herbadiberna.ch\/fr\/wp-json\/wp\/v2\/product_cat?post=61629"},{"taxonomy":"product_tag","embeddable":true,"href":"https:\/\/www.herbadiberna.ch\/fr\/wp-json\/wp\/v2\/product_tag?post=61629"}],"curies":[{"name":"wp","href":"https:\/\/api.w.org\/{rel}","templated":true}]}}