{"id":61625,"date":"2025-03-12T16:02:57","date_gmt":"2025-03-12T15:02:57","guid":{"rendered":"https:\/\/www.herbadiberna.ch\/?post_type=product&#038;p=61625"},"modified":"2026-04-20T17:03:39","modified_gmt":"2026-04-20T16:03:39","slug":"boutures-de-cbd-3-pieces-3","status":"publish","type":"product","link":"https:\/\/www.herbadiberna.ch\/fr\/produit\/boutures-de-cbd-3-pieces-3\/","title":{"rendered":"Acheter des boutures de CBD Fraise (3 pi\u00e8ces)"},"content":{"rendered":"<div class=\"flex max-w-full flex-col flex-grow\">\n<div class=\"min-h-8 text-message flex w-full flex-col items-end gap-2 whitespace-normal break-words text-start [.text-message+&amp;]:mt-5\" dir=\"auto\">\n<div class=\"flex w-full flex-col gap-1 empty:hidden first:pt-[3px]\">\n<div class=\"markdown prose w-full break-words dark:prose-invert light\">\n<h2><strong>Acheter des boutures de CBD Fraise - Profil terp\u00e9nique fruit\u00e9 de la fraise &amp; fleurs compactes<\/strong><\/h2>\n<p>Vous voulez <strong>acheter des boutures de CBD Fraise<\/strong>? Ces clones frais de Suisse ont un ar\u00f4me intense de baies des bois et une structure de fleur compacte. Commandez d\u00e8s maintenant et obtenez une g\u00e9n\u00e9tique de qualit\u00e9 pour votre culture. <strong>D\u00e9lai de livraison : 14-21 jours !<\/strong><\/p>\n<p>Nos <strong>jeunes pousses de CBD Erdbeerli<\/strong> sont une vari\u00e9t\u00e9 de qualit\u00e9 sup\u00e9rieure pour <strong>la culture en int\u00e9rieur et en ext\u00e9rieur<\/strong>. Elle offre des notes douces de fraise et de myrtille, une g\u00e9n\u00e9tique stable et une forme de croissance robuste - parfaite pour la <strong>culture du CBD en Suisse<\/strong>.<\/p>\n<h3><strong>\ud83d\udc49 Attention : Cultiv\u00e9 frais - pas de stock !<\/strong><\/h3>\n<p>Pour que vous receviez une bouture vigoureuse et saine, votre <strong>clone CBD Erdbeerli<\/strong> sera cultiv\u00e9 <strong>directement apr\u00e8s votre commande<\/strong>. Le d\u00e9lai de livraison est d&rsquo;environ <strong>14-21 jours<\/strong>, afin que votre plante arrive parfaitement enracin\u00e9e &amp; r\u00e9sistante.<\/p>\n<p><strong>Nous garantissons des produits frais, sans parasites ni maladies.<\/strong><br \/>\nToutes les boutures proviennent de l <strong>&lsquo;agriculture biologique<\/strong> suisse, sont r\u00e9guli\u00e8rement contr\u00f4l\u00e9es &amp; cultiv\u00e9es dans les meilleures conditions.<\/p>\n<h2><strong>Restez flexible - choisissez votre vari\u00e9t\u00e9 de bouture !<\/strong><\/h2>\n<p>Lorsque vous passez commande, vous pouvez choisir la vari\u00e9t\u00e9 que vous souhaitez recevoir. <strong>Il vous suffit d&rsquo;indiquer dans les commentaires de votre commande la g\u00e9n\u00e9tique que vous pr\u00e9f\u00e9rez<\/strong> - nous composerons votre kit sur mesure pour vous.<\/p>\n<p>\u2705 Choisissez parmi les vari\u00e9t\u00e9s suivantes :<\/p>\n<ul>\n<li><strong>Boutures de CBD <a href=\"https:\/\/www.herbadiberna.ch\/?post_type=product&amp;p=61635&amp;preview=true\">Harlequin<\/a><\/strong><\/li>\n<li><strong>Boutures de CBD <a href=\"https:\/\/www.herbadiberna.ch\/?post_type=product&amp;p=61631&amp;preview=true\">Plutonium<\/a><\/strong><\/li>\n<li><strong>Boutures de CBD <a href=\"https:\/\/www.herbadiberna.ch\/?post_type=product&amp;p=61627&amp;preview=true\">Cannatonic<\/a><\/strong><\/li>\n<li><strong>Boutures de CBD <a href=\"https:\/\/www.herbadiberna.ch\/?post_type=product&amp;p=62736&amp;preview=true\">Limoncello<\/a><\/strong><\/li>\n<li><strong>Boutures de CBD <a href=\"https:\/\/www.herbadiberna.ch\/?post_type=product&amp;p=61619&amp;preview=true\">Amnesia<\/a><\/strong><\/li>\n<li><strong>Boutures de CBD <a href=\"https:\/\/www.herbadiberna.ch\/fr\/produkt\/boutures-de-cbd\/\">Orangello<\/a><\/strong><\/li>\n<li><strong>Boutures de CBD <a href=\"https:\/\/www.herbadiberna.ch\/?post_type=product&amp;p=61639&amp;preview=true\">V1<\/a><\/strong><\/li>\n<\/ul>\n<p>Si aucune vari\u00e9t\u00e9 sp\u00e9cifique n&rsquo;est indiqu\u00e9e, vous recevrez automatiquement les <strong>boutures de CBD Fraise<\/strong> (3 pi\u00e8ces).<\/p>\n<h2><strong>Pourquoi acheter des clones CBD Fraise ?<\/strong><\/h2>\n<p>Nos <strong>clones CBD Erdbeerli<\/strong> offrent une <strong>croissance r\u00e9guli\u00e8re, une production \u00e9lev\u00e9e de r\u00e9sine<\/strong> et un <strong>profil terp\u00e9nique fruit\u00e9 prononc\u00e9<\/strong>. Cette vari\u00e9t\u00e9 est id\u00e9ale pour la <strong>culture du CBD en Suisse<\/strong> et se distingue par ses ar\u00f4mes doux et bois\u00e9s.<\/p>\n<ul>\n<li><strong>Ar\u00f4me intense de fraise et de myrtille avec une note de baies des bois<\/strong><\/li>\n<li><strong>Fleurs compactes et r\u00e9sineuses avec une forte intensit\u00e9 aromatique<\/strong><\/li>\n<li><strong>G\u00e9n\u00e9tique puissante &amp; croissance robuste<\/strong><\/li>\n<\/ul>\n<h2><strong>Exp\u00e9rience avec les boutures de CBD Erdbeerli<\/strong><\/h2>\n<p>Beaucoup de nos clients rapportent que la <strong>structure<\/strong> du plant de CBD est <strong>particuli\u00e8rement facile \u00e0 entretenir<\/strong> et que son <strong>ar\u00f4me est agr\u00e9ablement doux et fruit\u00e9<\/strong>. Cette vari\u00e9t\u00e9 est id\u00e9ale pour les cultivateurs d\u00e9butants* comme pour les cultivateurs exp\u00e9riment\u00e9s.<\/p>\n<h2><strong>Achetez maintenant des boutures de CBD Fraise &amp; commencez directement !<\/strong><\/h2>\n<p>Si vous voulez <strong>acheter des boutures de CBD Erdbeerli<\/strong>, vous trouverez chez nous une qualit\u00e9 contr\u00f4l\u00e9e provenant directement de cultures biologiques en Suisse - parfait pour votre culture en int\u00e9rieur ou en ext\u00e9rieur.<\/p>\n<h2><strong>En d\u00e9couvrir davantage : Autres boutures de CBD de qualit\u00e9<\/strong><\/h2>\n<p>\u27a1\ufe0f Int\u00e9ress\u00e9 par d&rsquo;autres vari\u00e9t\u00e9s ? Consultez notre s\u00e9lection de <a href=\"https:\/\/www.herbadiberna.ch\/fr\/boutures\/\">boutures de CBD<\/a>!<br \/>\n\u27a1\ufe0f Apprenez-en plus sur nos <a href=\"https:\/\/www.herbadiberna.ch\/fr\/culture-du-cbd\/\">produits CBD pour la culture<\/a> avec une g\u00e9n\u00e9tique stable.<br \/>\n<a href=\"https:\/\/www.herbadiberna.ch\/fr\/blog\/instructions-pour-planter-du-chanvre\/\">\u27a1\ufe0f Instructions pour planter du chanvre<\/a><\/p>\n<\/div>\n<\/div>\n<\/div>\n<\/div>\n","protected":false},"excerpt":{"rendered":"<p>\ud83d\udc49 <strong>Attention : Veuillez respecter le d\u00e9lai de livraison - pas de stock !<\/strong><\/p>\n<p>Acheter des boutures de CBD Erdbeerli - Commandez maintenant et recevez des racines dans 14-21 jours !<\/p>\n","protected":false},"featured_media":62947,"comment_status":"open","ping_status":"closed","template":"","meta":{"inline_featured_image":false},"product_brand":[],"product_cat":[411,387],"product_tag":[],"class_list":{"0":"post-61625","1":"product","2":"type-product","3":"status-publish","4":"has-post-thumbnail","6":"product_cat-boutures","7":"product_cat-culture-du-cbd","8":"product_shipping_class-postpac-emballages-pour-plantes","9":"pif-has-gallery","11":"first","12":"instock","13":"taxable","14":"shipping-taxable","15":"purchasable","16":"product-type-simple"},"_links":{"self":[{"href":"https:\/\/www.herbadiberna.ch\/fr\/wp-json\/wp\/v2\/product\/61625","targetHints":{"allow":["GET"]}}],"collection":[{"href":"https:\/\/www.herbadiberna.ch\/fr\/wp-json\/wp\/v2\/product"}],"about":[{"href":"https:\/\/www.herbadiberna.ch\/fr\/wp-json\/wp\/v2\/types\/product"}],"replies":[{"embeddable":true,"href":"https:\/\/www.herbadiberna.ch\/fr\/wp-json\/wp\/v2\/comments?post=61625"}],"wp:featuredmedia":[{"embeddable":true,"href":"https:\/\/www.herbadiberna.ch\/fr\/wp-json\/wp\/v2\/media\/62947"}],"wp:attachment":[{"href":"https:\/\/www.herbadiberna.ch\/fr\/wp-json\/wp\/v2\/media?parent=61625"}],"wp:term":[{"taxonomy":"product_brand","embeddable":true,"href":"https:\/\/www.herbadiberna.ch\/fr\/wp-json\/wp\/v2\/product_brand?post=61625"},{"taxonomy":"product_cat","embeddable":true,"href":"https:\/\/www.herbadiberna.ch\/fr\/wp-json\/wp\/v2\/product_cat?post=61625"},{"taxonomy":"product_tag","embeddable":true,"href":"https:\/\/www.herbadiberna.ch\/fr\/wp-json\/wp\/v2\/product_tag?post=61625"}],"curies":[{"name":"wp","href":"https:\/\/api.w.org\/{rel}","templated":true}]}}