{"id":61621,"date":"2025-03-12T15:56:24","date_gmt":"2025-03-12T14:56:24","guid":{"rendered":"https:\/\/www.herbadiberna.ch\/?post_type=product&#038;p=61621"},"modified":"2026-04-26T01:38:54","modified_gmt":"2026-04-26T00:38:54","slug":"boutures-de-cbd-3-pieces-kopie","status":"publish","type":"product","link":"https:\/\/www.herbadiberna.ch\/fr\/produit\/boutures-de-cbd-3-pieces-kopie\/","title":{"rendered":"Acheter des boutures de CBD Amnesia (3 pi\u00e8ces)"},"content":{"rendered":"<div class=\"flex max-w-full flex-col flex-grow\">\n<div class=\"min-h-8 text-message flex w-full flex-col items-end gap-2 whitespace-normal break-words text-start [.text-message+&amp;]:mt-5\" dir=\"auto\">\n<div class=\"flex w-full flex-col gap-1 empty:hidden first:pt-[3px]\">\n<div class=\"markdown prose w-full break-words dark:prose-invert light\">\n<h2><strong>Acheter des boutures de CBD Amnesia - Ar\u00f4me intense &amp; g\u00e9n\u00e9tique robuste<\/strong><\/h2>\n<p>Vous voulez <strong>acheter des boutures de CBD Amnesia<\/strong>? Ces plantes fra\u00eechement cultiv\u00e9es en Suisse vous offrent un profil terp\u00e9nique intense et \u00e9pic\u00e9 avec une note r\u00e9sineuse et une g\u00e9n\u00e9tique stable et r\u00e9sistante. Profitez d&rsquo;une qualit\u00e9 sup\u00e9rieure -<strong> d\u00e9lai de livraison : 14-21 jours !<\/strong>  <\/p>\n<p>Nos <strong>boutures de CBD Amnesia<\/strong> sont id\u00e9ales pour la <strong>culture en int\u00e9rieur ou en ext\u00e9rieur<\/strong>. Elles se distinguent par une croissance vigoureuse, des fleurs r\u00e9sineuses et un ar\u00f4me herbac\u00e9 unique. Cette vari\u00e9t\u00e9 est parfaite pour la <strong>culture du CBD en Suisse<\/strong> et vous offre une plante fiable pour vos besoins de culture.  <\/p>\n<h3>\ud83d\udc49 <strong>Attention : Cultiv\u00e9 frais - pas de stock !<\/strong><\/h3>\n<p>Votre <strong>bouture de CBD Amnesia<\/strong> sera <strong>cultiv\u00e9e directement apr\u00e8s votre commande<\/strong>. Le d\u00e9lai de livraison est d&rsquo;environ <strong>14 \u00e0 21 jours<\/strong>, afin que votre bouture arrive chez vous parfaitement enracin\u00e9e et r\u00e9sistante. <\/p>\n<p><strong>Nous garantissons des produits frais, sans parasites ni maladies.<\/strong><br \/>\nToutes les boutures proviennent de <strong>cultures biologiques<\/strong> en Suisse, sont r\u00e9guli\u00e8rement contr\u00f4l\u00e9es et cultiv\u00e9es dans les meilleures conditions.<\/p>\n<h2><strong>Restez flexible - choisissez votre vari\u00e9t\u00e9 de bouture !<\/strong><\/h2>\n<p>Lorsque vous passez commande, vous pouvez choisir la vari\u00e9t\u00e9 que vous souhaitez. <strong>Il vous suffit d&rsquo;indiquer dans les commentaires de votre commande la g\u00e9n\u00e9tique que vous pr\u00e9f\u00e9rez<\/strong> - nous composerons votre kit sur mesure pour vous. <\/p>\n<h4>\u2705 Choisissez parmi les vari\u00e9t\u00e9s suivantes :<\/h4>\n<ul>\n<li><strong>Boutures de CBD <a href=\"https:\/\/www.herbadiberna.ch\/?post_type=product&amp;p=61635&amp;preview=true\">Harlequin<\/a><\/strong><\/li>\n<li><strong>Boutures de CBD <a href=\"https:\/\/www.herbadiberna.ch\/?post_type=product&amp;p=61631&amp;preview=true\">Plutonium<\/a><\/strong><\/li>\n<li><strong>Boutures de CBD <a href=\"https:\/\/www.herbadiberna.ch\/?post_type=product&amp;p=62736&amp;preview=true\">Limoncello<\/a><\/strong><\/li>\n<li><strong>Boutures de CBD <a href=\"https:\/\/www.herbadiberna.ch\/?post_type=product&amp;p=61623&amp;preview=true\">Erdbeerli<\/a><\/strong><\/li>\n<li><strong>Boutures de CBD <a href=\"https:\/\/www.herbadiberna.ch\/?post_type=product&amp;p=61619&amp;preview=true\">Amnesia<\/a><\/strong><\/li>\n<li><strong>Boutures de CBD <a href=\"https:\/\/www.herbadiberna.ch\/fr\/produkt\/boutures-de-cbd\/\">Orangello<\/a><\/strong><\/li>\n<li><strong>Boutures de CBD <a href=\"https:\/\/www.herbadiberna.ch\/?post_type=product&amp;p=61639&amp;preview=true\">V1<\/a><\/strong><\/li>\n<\/ul>\n<p>Si aucune vari\u00e9t\u00e9 sp\u00e9cifique n&rsquo;est indiqu\u00e9e, vous recevrez automatiquement les <strong>boutures de CBD Amnesia<\/strong> (3 pi\u00e8ces).<\/p>\n<h2><strong>Pourquoi acheter des boutures de CBD Amnesia ?<\/strong><\/h2>\n<p>Nos <strong>boutures de CBD Amnesia<\/strong> se caract\u00e9risent par une croissance stable, une production \u00e9lev\u00e9e de r\u00e9sine et un profil terp\u00e9nique particuli\u00e8rement r\u00e9sineux - puissant. Cette vari\u00e9t\u00e9 est particuli\u00e8rement adapt\u00e9e \u00e0 la <strong>culture du CBD en Suisse<\/strong> et se distingue par sa r\u00e9sistance \u00e0 diverses influences environnementales. <\/p>\n<ul>\n<li><strong>G\u00e9n\u00e9tique stable &amp; croissance r\u00e9sistante<\/strong><\/li>\n<li><strong>Fleurs compactes \u00e0 l&rsquo;ar\u00f4me \u00e9pic\u00e9 et herbac\u00e9<\/strong><\/li>\n<li><strong>Production \u00e9lev\u00e9e de r\u00e9sine pour un profil terp\u00e9nique intense<\/strong><\/li>\n<\/ul>\n<h2><strong>Exp\u00e9rience avec les boutures de CBD Amnesia<\/strong><\/h2>\n<p>Beaucoup de nos clients* font \u00e9tat d&rsquo;une structure de croissance particuli\u00e8rement vigoureuse et d&rsquo;un ar\u00f4me intense, r\u00e9sineux et \u00e2pre. La facilit\u00e9 d&rsquo;utilisation et d&rsquo;adaptation de cette vari\u00e9t\u00e9 la rend id\u00e9ale pour les cultivateurs d\u00e9butants* comme pour les cultivateurs exp\u00e9riment\u00e9s. <\/p>\n<h2><strong>Acheter des boutures de CBD Amnesia maintenant &amp; commencer directement !<\/strong><\/h2>\n<p><strong>Commandez vos clones de CBD Amnesia maintenant et faites l&rsquo;exp\u00e9rience de la plus haute qualit\u00e9 !<\/strong><br \/>\nGr\u00e2ce \u00e0 des conditions de culture optimales et \u00e0 des contr\u00f4les de qualit\u00e9 stricts, nous garantissons les meilleurs r\u00e9sultats pour votre projet de culture.<\/p>\n<h2><strong>En d\u00e9couvrir davantage : Autres boutures de CBD de qualit\u00e9<\/strong><\/h2>\n<p>\u27a1\ufe0f Int\u00e9ress\u00e9 par d&rsquo;autres vari\u00e9t\u00e9s ? Consultez notre s\u00e9lection de <a href=\"https:\/\/www.herbadiberna.ch\/fr\/boutures\/\">boutures de CBD<\/a>!<br \/>\n\u27a1\ufe0f Apprenez-en plus sur nos <a href=\"https:\/\/www.herbadiberna.ch\/fr\/culture-du-cbd\/\">produits CBD pour la culture<\/a> avec une g\u00e9n\u00e9tique stable.<br \/>\n<a href=\"https:\/\/www.herbadiberna.ch\/fr\/instructions-pour-planter-du-chanvre\/\">\u27a1\ufe0f Instructions pour planter du chanvre<\/a><\/p>\n<\/div>\n<\/div>\n<\/div>\n<\/div>\n","protected":false},"excerpt":{"rendered":"<p>\ud83d\udc49 <strong>Attention : Veuillez tenir compte du d\u00e9lai de livraison - pas de marchandise en stock !<\/strong><\/p>\n<p>Acheter des boutures de CBD Amnesia - Commandez maintenant et recevez des racines de haute qualit\u00e9 en 14 - 21 jours !<\/p>\n","protected":false},"featured_media":62952,"comment_status":"open","ping_status":"closed","template":"","meta":{"inline_featured_image":false},"product_brand":[],"product_cat":[411],"product_tag":[],"class_list":{"0":"post-61621","1":"product","2":"type-product","3":"status-publish","4":"has-post-thumbnail","6":"product_cat-boutures","7":"product_shipping_class-postpac-emballages-pour-plantes","8":"pif-has-gallery","10":"first","11":"outofstock","12":"taxable","13":"shipping-taxable","14":"purchasable","15":"product-type-simple"},"_links":{"self":[{"href":"https:\/\/www.herbadiberna.ch\/fr\/wp-json\/wp\/v2\/product\/61621","targetHints":{"allow":["GET"]}}],"collection":[{"href":"https:\/\/www.herbadiberna.ch\/fr\/wp-json\/wp\/v2\/product"}],"about":[{"href":"https:\/\/www.herbadiberna.ch\/fr\/wp-json\/wp\/v2\/types\/product"}],"replies":[{"embeddable":true,"href":"https:\/\/www.herbadiberna.ch\/fr\/wp-json\/wp\/v2\/comments?post=61621"}],"wp:featuredmedia":[{"embeddable":true,"href":"https:\/\/www.herbadiberna.ch\/fr\/wp-json\/wp\/v2\/media\/62952"}],"wp:attachment":[{"href":"https:\/\/www.herbadiberna.ch\/fr\/wp-json\/wp\/v2\/media?parent=61621"}],"wp:term":[{"taxonomy":"product_brand","embeddable":true,"href":"https:\/\/www.herbadiberna.ch\/fr\/wp-json\/wp\/v2\/product_brand?post=61621"},{"taxonomy":"product_cat","embeddable":true,"href":"https:\/\/www.herbadiberna.ch\/fr\/wp-json\/wp\/v2\/product_cat?post=61621"},{"taxonomy":"product_tag","embeddable":true,"href":"https:\/\/www.herbadiberna.ch\/fr\/wp-json\/wp\/v2\/product_tag?post=61621"}],"curies":[{"name":"wp","href":"https:\/\/api.w.org\/{rel}","templated":true}]}}