{"id":59334,"date":"2025-02-07T12:16:47","date_gmt":"2025-02-07T11:16:47","guid":{"rendered":"https:\/\/www.herbadiberna.ch\/?post_type=product&#038;p=59334"},"modified":"2026-04-17T18:48:44","modified_gmt":"2026-04-17T17:48:44","slug":"tofu-au-chanvre-bio-200g-kopie","status":"publish","type":"product","link":"https:\/\/www.herbadiberna.ch\/fr\/produit\/tofu-au-chanvre-bio-200g-kopie\/","title":{"rendered":"M\u00e9daillon de tofu Green Harmony"},"content":{"rendered":"<div class=\"flex max-w-full flex-col flex-grow\">\n<div class=\"min-h-8 text-message flex w-full flex-col items-end gap-2 whitespace-normal break-words text-start [.text-message+&amp;]:mt-5\" dir=\"auto\">\n<div class=\"flex w-full flex-col gap-1 empty:hidden first:pt-[3px]\">\n<div class=\"markdown prose w-full break-words dark:prose-invert light\">\n<h1><strong>Acheter du tofu de chanvre suisse - M\u00e9daillon Green Harmony \u00e0 base de prot\u00e9ines de graines de chanvre<\/strong><\/h1>\n<p><strong>Acheter du tofu de chanvre suisse - La source de prot\u00e9ines v\u00e9g\u00e9tales \u00e0 base de graines de chanvre !<\/strong><br \/>\nLe <strong>m\u00e9daillon Green Harmony<\/strong> est le choix id\u00e9al pour tous ceux qui recherchent une alternative durable et saine au tofu traditionnel. Fabriqu\u00e9 \u00e0 partir de <strong>graines de chanvre suisse<\/strong> et d&rsquo;eau, il s\u00e9duit par son <strong>go\u00fbt doux de noisette<\/strong> et sa <strong>composition nutritionnelle \u00e9quilibr\u00e9e<\/strong>. Parfait pour des recettes cr\u00e9atives de tofu au chanvre et une alimentation consciente !  <\/p>\n<h2><strong>Caract\u00e9ristiques du m\u00e9daillon Green Harmony<\/strong><\/h2>\n<ul>\n<li><strong>100 % v\u00e9g\u00e9tal &amp; sans allerg\u00e8nes :<\/strong> sans gluten, soja, lactose, noix &amp; additifs artificiels.<\/li>\n<li><strong>Prot\u00e9ine pure de graines de chanvre :<\/strong> fournit les 21 acides amin\u00e9s, y compris les 8 essentiels.<\/li>\n<li><strong>Riche en nutriments :<\/strong> Riche en om\u00e9ga-3, fer, magn\u00e9sium, calcium &amp; zinc.<\/li>\n<li><strong>Utilisable dans de nombreux domaines :<\/strong> Id\u00e9al pour r\u00f4tir, mariner ou ajouter \u00e0 la soupe.<\/li>\n<li><strong>Produit de mani\u00e8re durable :<\/strong> Culture de chanvre certifi\u00e9e biologique &amp; fabrication neutre en CO\u2082 en cours de d\u00e9veloppement.<\/li>\n<\/ul>\n<h2><strong>Pourquoi du tofu de chanvre suisse ?<\/strong><\/h2>\n<p>Le m\u00e9daillon Green Harmony est plus qu&rsquo;un substitut de viande : c&rsquo;est une <strong>source de prot\u00e9ines<\/strong> compl\u00e8te et <strong>v\u00e9g\u00e9talienne<\/strong>, facile \u00e0 pr\u00e9parer. Si vous souhaitez d\u00e9couvrir <strong>des recettes \u00e0 base de tofu de chanvre<\/strong>, vous trouverez dans ce produit la base parfaite - pour des plats pleins de saveur, de sant\u00e9 et de durabilit\u00e9. <\/p>\n<h2><strong>T\u00e9moignages de clients sur le m\u00e9daillon Green Harmony<\/strong><\/h2>\n<p>Beaucoup parlent de sa <strong>texture agr\u00e9able<\/strong> et de son <strong>ar\u00f4me doux de noisette<\/strong>. La facilit\u00e9 de pr\u00e9paration est particuli\u00e8rement appr\u00e9ci\u00e9e, que ce soit \u00e0 la po\u00eale, sur le gril ou dans des bols. Un produit phare pour tous ceux qui privil\u00e9gient les <strong>aliments \u00e0 base de chanvre de qualit\u00e9<\/strong>.  <\/p>\n<h2><strong>Achetez maintenant du tofu de chanvre suisse &amp; savourez des aliments v\u00e9g\u00e9taux !<\/strong><\/h2>\n<p><strong>D\u00e9couvrez le pouvoir du chanvre dans la cuisine !<\/strong><br \/>\nCommandez maintenant le <strong>m\u00e9daillon Green Harmony<\/strong> directement chez Herba di Berna et profitez de la meilleure qualit\u00e9.<\/p>\n<h2><strong>D\u00e9couvrir plus : Autres aliments \u00e0 base de chanvre<\/strong><\/h2>\n<p>\u27a1\ufe0f Curieux de d\u00e9couvrir d&rsquo;autres produits ? Consultez \u00e9galement notre <a href=\"https:\/\/www.herbadiberna.ch\/fr\/alimentation\/\">gamme d&rsquo;aliments \u00e0 base de chanvre<\/a>! <\/p>\n<\/div>\n<\/div>\n<\/div>\n<\/div>\n","protected":false},"excerpt":{"rendered":"<p class=\"\" data-start=\"206\" data-end=\"402\">Commandez d\u00e8s maintenant le m\u00e9daillon Green Harmony - Acheter du tofu de chanvre suisse avec des graines de chanvre pures &amp; de l&rsquo;eau. 100 % v\u00e9g\u00e9tal, au go\u00fbt de noisette &amp; polyvalent. <\/p>\n","protected":false},"featured_media":59621,"comment_status":"closed","ping_status":"closed","template":"","meta":{"inline_featured_image":false},"product_brand":[],"product_cat":[346,389],"product_tag":[],"class_list":{"0":"post-59334","1":"product","2":"type-product","3":"status-publish","4":"has-post-thumbnail","6":"product_cat-aliments-chanvre","7":"product_cat-produits-alimentaires","8":"pif-has-gallery","10":"first","11":"outofstock","12":"taxable","13":"shipping-taxable","14":"purchasable","15":"product-type-simple"},"_links":{"self":[{"href":"https:\/\/www.herbadiberna.ch\/fr\/wp-json\/wp\/v2\/product\/59334","targetHints":{"allow":["GET"]}}],"collection":[{"href":"https:\/\/www.herbadiberna.ch\/fr\/wp-json\/wp\/v2\/product"}],"about":[{"href":"https:\/\/www.herbadiberna.ch\/fr\/wp-json\/wp\/v2\/types\/product"}],"replies":[{"embeddable":true,"href":"https:\/\/www.herbadiberna.ch\/fr\/wp-json\/wp\/v2\/comments?post=59334"}],"wp:featuredmedia":[{"embeddable":true,"href":"https:\/\/www.herbadiberna.ch\/fr\/wp-json\/wp\/v2\/media\/59621"}],"wp:attachment":[{"href":"https:\/\/www.herbadiberna.ch\/fr\/wp-json\/wp\/v2\/media?parent=59334"}],"wp:term":[{"taxonomy":"product_brand","embeddable":true,"href":"https:\/\/www.herbadiberna.ch\/fr\/wp-json\/wp\/v2\/product_brand?post=59334"},{"taxonomy":"product_cat","embeddable":true,"href":"https:\/\/www.herbadiberna.ch\/fr\/wp-json\/wp\/v2\/product_cat?post=59334"},{"taxonomy":"product_tag","embeddable":true,"href":"https:\/\/www.herbadiberna.ch\/fr\/wp-json\/wp\/v2\/product_tag?post=59334"}],"curies":[{"name":"wp","href":"https:\/\/api.w.org\/{rel}","templated":true}]}}