{"id":58545,"date":"2025-01-28T12:41:48","date_gmt":"2025-01-28T11:41:48","guid":{"rendered":"https:\/\/www.herbadiberna.ch\/?post_type=product&#038;p=58545"},"modified":"2026-05-07T04:49:05","modified_gmt":"2026-05-07T03:49:05","slug":"5-cbg-cbd-full-spectrum-huile-de-chanvre-biologique-kopie","status":"publish","type":"product","link":"https:\/\/www.herbadiberna.ch\/fr\/produit\/5-cbg-cbd-full-spectrum-huile-de-chanvre-biologique-kopie\/","title":{"rendered":"10% CBG\/CBD Full Spectrum Huile de chanvre biologique"},"content":{"rendered":"<div class=\"flex max-w-full flex-col flex-grow\">\n<div class=\"min-h-8 text-message flex w-full flex-col items-end gap-2 whitespace-normal break-words text-start [.text-message+&amp;]:mt-5\" dir=\"auto\">\n<div class=\"flex w-full flex-col gap-1 empty:hidden first:pt-[3px]\">\n<div class=\"markdown prose w-full break-words dark:prose-invert light\">\n<h2><strong>Acheter 10% d&rsquo;huile de chanvre bio CBG\/CBD Full Spectrum - Commander de l&rsquo;huile de CBD de haute qualit\u00e9<\/strong><\/h2>\n<p><strong>Acheter 10% CBG\/CBD Full Spectrum Huile de chanvre biologique - D\u00e9couvrez une huile de CBD &amp; CBG de haute qualit\u00e9 !<\/strong><br \/>\nNotre <strong>huile 10% CBG\/CBD<\/strong> combine un m\u00e9lange \u00e9quilibr\u00e9 de CBD et de CBG et est parfaite pour l&rsquo;aromatisation quotidienne. La combinaison de 10% de CBD et de 10% de CBG procure une odeur bienfaisante compl\u00e8te, id\u00e9ale pour tous ceux qui recherchent un produit naturel et tr\u00e8s efficace. Nous utilisons comme base une <strong>huile de coco MCT<\/strong> de haute qualit\u00e9 et facilement soluble, qui favorise une combinaison optimale des pr\u00e9cieux ingr\u00e9dients.  <\/p>\n<h2><strong>Caract\u00e9ristiques de l&rsquo;huile CBG\/CBD<\/strong><\/h2>\n<ul>\n<li><strong>Combinaison optimale de CBD &amp; CBG :<\/strong> 10% de CBD et 10% de CBG pour un parfum naturel holistique.<\/li>\n<li><strong>Sans pesticides ni herbicides :<\/strong> Nos plantes de chanvre sont cultiv\u00e9es biologiquement.<\/li>\n<li><strong>Extraction douce au CO\u2082 :<\/strong> notre extraction supercritique au CO\u2082 pr\u00e9serve tous les pr\u00e9cieux ingr\u00e9dients.<\/li>\n<li><strong>100% naturel :<\/strong> sans colorant, sans ar\u00f4me et sans conservateur, pour un produit pur.<\/li>\n<li><strong>Huile de coco MCT :<\/strong> assure une odeur naturelle des cannabino\u00efdes.<\/li>\n<\/ul>\n<h2><strong>Pourquoi acheter de l&rsquo;huile de CBD ?<\/strong><\/h2>\n<p>Notre <strong>huile 10% CBG\/CBD<\/strong> combine les avantages du CBD et du CBG. Id\u00e9ale pour une utilisation quotidienne et pour les personnes \u00e0 la recherche d&rsquo;un produit naturel et fabriqu\u00e9 de mani\u00e8re durable. <\/p>\n<h2><strong>T\u00e9moignages de clients sur l&rsquo;huile 10% CBD\/CBD<\/strong><\/h2>\n<p>Nos clients appr\u00e9cient particuli\u00e8rement le d\u00e9veloppement doux de l&rsquo;ar\u00f4me et le profil \u00e9quilibr\u00e9 de cette huile. Beaucoup font \u00e9tat d&rsquo;une odeur positive et bienfaisante. <\/p>\n<h2><strong>Commandez d\u00e8s maintenant 10% d&rsquo;huile et d\u00e9couvrez le pouvoir de la plante de chanvre !<\/strong><\/h2>\n<p>Commandez d\u00e8s maintenant l&rsquo;<strong>huile 10% CBG\/CBD<\/strong> de haute qualit\u00e9 de Herba di Berna. Profitez d&rsquo;une livraison rapide et d&rsquo;un produit naturel et durable qui vous apportera du bien-\u00eatre. <\/p>\n<h2><strong>En d\u00e9couvrir davantage : Autres gouttes de CBD<\/strong><\/h2>\n<p>\u27a1\ufe0f Vous voulez une autre concentration ? Regardez notre <a href=\"https:\/\/www.herbadiberna.ch\/fr\/produit\/fullspectrum-bio-cbd-hanfoel-5\/\">huile de CBD 6%<\/a>!<br \/>\n\u27a1\ufe0f D\u00e9couvrez \u00e9galement notre <a href=\"https:\/\/www.herbadiberna.ch\/fr\/produit\/40-fullspectrum-bio-cbd-hanfoel\/\">huile de CBD 40%<\/a> pour un effet plus puissant.<br \/>\n<a href=\"https:\/\/www.herbadiberna.ch\/fr\/huile-de-cbd\/\">\u27a1\ufe0fEn savoir plus<\/a><\/p>\n<\/div>\n<\/div>\n<\/div>\n<\/div>\n","protected":false},"excerpt":{"rendered":"<p>Notre huile 10% CBG\/CBD contient 10% de CBD et 10% de CBG, ce qui lui conf\u00e8re une odeur naturelle. Fabriqu\u00e9 \u00e0 partir de plantes de chanvre cultiv\u00e9es biologiquement sans pesticides ni herbicides. Id\u00e9al pour une utilisation quotidienne et 100% naturel.   Profitez d&rsquo;une livraison rapide et d&rsquo;une qualit\u00e9 sup\u00e9rieure.  <strong>Command\u00e9 jusqu&rsquo;\u00e0 15:00, livr\u00e9 demain \u2713 Port pay\u00e9 \u00e0 partir de 80 CHF \u2713<\/strong><\/p>\n","protected":false},"featured_media":58549,"comment_status":"open","ping_status":"closed","template":"","meta":{"inline_featured_image":false},"product_brand":[],"product_cat":[353,354],"product_tag":[],"class_list":{"0":"post-58545","1":"product","2":"type-product","3":"status-publish","4":"has-post-thumbnail","6":"product_cat-huile-de-cbd","7":"product_cat-huile-fullspectrum","8":"pif-has-gallery","10":"first","11":"instock","12":"taxable","13":"shipping-taxable","14":"purchasable","15":"product-type-simple"},"_links":{"self":[{"href":"https:\/\/www.herbadiberna.ch\/fr\/wp-json\/wp\/v2\/product\/58545","targetHints":{"allow":["GET"]}}],"collection":[{"href":"https:\/\/www.herbadiberna.ch\/fr\/wp-json\/wp\/v2\/product"}],"about":[{"href":"https:\/\/www.herbadiberna.ch\/fr\/wp-json\/wp\/v2\/types\/product"}],"replies":[{"embeddable":true,"href":"https:\/\/www.herbadiberna.ch\/fr\/wp-json\/wp\/v2\/comments?post=58545"}],"wp:featuredmedia":[{"embeddable":true,"href":"https:\/\/www.herbadiberna.ch\/fr\/wp-json\/wp\/v2\/media\/58549"}],"wp:attachment":[{"href":"https:\/\/www.herbadiberna.ch\/fr\/wp-json\/wp\/v2\/media?parent=58545"}],"wp:term":[{"taxonomy":"product_brand","embeddable":true,"href":"https:\/\/www.herbadiberna.ch\/fr\/wp-json\/wp\/v2\/product_brand?post=58545"},{"taxonomy":"product_cat","embeddable":true,"href":"https:\/\/www.herbadiberna.ch\/fr\/wp-json\/wp\/v2\/product_cat?post=58545"},{"taxonomy":"product_tag","embeddable":true,"href":"https:\/\/www.herbadiberna.ch\/fr\/wp-json\/wp\/v2\/product_tag?post=58545"}],"curies":[{"name":"wp","href":"https:\/\/api.w.org\/{rel}","templated":true}]}}