{"id":55864,"date":"2024-12-09T15:18:36","date_gmt":"2024-12-09T14:18:36","guid":{"rendered":"https:\/\/www.herbadiberna.ch\/cadeau-de-noel-petite-boite-de-bain\/"},"modified":"2026-04-18T14:04:14","modified_gmt":"2026-04-18T13:04:14","slug":"cadeau-de-noel-petite-boite-de-bain","status":"publish","type":"product","link":"https:\/\/www.herbadiberna.ch\/fr\/produit\/cadeau-de-noel-petite-boite-de-bain\/","title":{"rendered":"Cadeau Bo\u00eete de bain petite"},"content":{"rendered":"<p><b>Bo\u00eete de bain relaxante - bien-\u00eatre pour le corps et l&rsquo;esprit<\/b><\/p>\n<p><span style=\"font-weight: 400;\">Faites plaisir \u00e0 vos proches ou \u00e0 vous-m\u00eame avec notre coffret de bain exclusif ! Ce coffret cadeau en \u00e9dition limit\u00e9e contient quatre cubes de bain soigneusement fabriqu\u00e9s \u00e0 la main, enrichis d&rsquo;une g\u00e9n\u00e9reuse dose de CBD pour une relaxation profonde. Les diff\u00e9rents parfums ajoutent une merveilleuse diversit\u00e9 \u00e0 l&rsquo;exp\u00e9rience du bain - parfait pour se d\u00e9barrasser du stress quotidien, tout simplement.  <\/span><\/p>\n<p><span style=\"font-weight: 400;\">Notre bo\u00eete de bain est fabriqu\u00e9e dans un atelier par des personnes handicap\u00e9es, ce qui refl\u00e8te nos exigences en mati\u00e8re de durabilit\u00e9 et de responsabilit\u00e9 sociale. Chaque d\u00e9tail est con\u00e7u pour \u00eatre de la plus haute qualit\u00e9 et naturel : Les cubes sont fabriqu\u00e9s \u00e0 partir d&rsquo;ingr\u00e9dients biologiques et la bo\u00eete elle-m\u00eame est en bois compress\u00e9 - une production enti\u00e8rement durable et \u00e9quitable. <\/span><\/p>\n<p><span style=\"font-weight: 400;\">Plongez dans des moments de bain apaisants, tout \u00e0 fait adapt\u00e9s \u00e0 cette p\u00e9riode de l&rsquo;ann\u00e9e, et offrez-vous, ainsi qu&rsquo;\u00e0 vos proches, une petite pause qui fera du bien \u00e0 votre corps et \u00e0 votre esprit.<\/span><\/p>\n<p><b>Contenu :<\/b><\/p>\n<ul>\n<li style=\"font-weight: 400;\"><span style=\"font-weight: 400;\">4 cubes de bain de haute qualit\u00e9 avec des essences parfum\u00e9es naturelles et du CBD<\/span><\/li>\n<li style=\"font-weight: 400;\"><span style=\"font-weight: 400;\">Bo\u00eete en bois press\u00e9 en \u00e9dition limit\u00e9e, fabriqu\u00e9e de mani\u00e8re sociale et durable<\/span><\/li>\n<\/ul>\n<p><a href=\"https:\/\/www.herbadiberna.ch\/fr\/produkt\/cubes-de-bain-cbd-eucalyptus-citron\/\">Vari\u00e9t\u00e9s de boules de bain<\/a><\/p>\n<p><a href=\"https:\/\/www.herbadiberna.ch\/fr\/produkt\/cubes-de-bain-cbd-eucalyptus-citron\/\">Lavande<\/a><br \/>\n<a href=\"https:\/\/www.herbadiberna.ch\/fr\/produkt\/cubes-de-bain-cbd-eucalyptus-citron\/\">Lait &amp; miel<\/a><br \/>\n<a href=\"https:\/\/www.herbadiberna.ch\/fr\/produkt\/cubes-de-bain-cbd-eucalyptus-citron\/\">  Eucalyptus &amp; Citron<\/a><br \/>\n<a href=\"https:\/\/www.herbadiberna.ch\/fr\/produkt\/cubes-de-bain-cbd-eucalyptus-citron\/\">Rose<\/a><br \/>\n<a href=\"https:\/\/www.herbadiberna.ch\/fr\/produkt\/cubes-de-bain-cbd-eucalyptus-citron\/\">Mangue &amp; P\u00eache<\/a><br \/>\n<a href=\"https:\/\/www.herbadiberna.ch\/fr\/produkt\/cubes-de-bain-cbd-eucalyptus-citron\/\">Myrtille<\/a><br \/>\n<a href=\"https:\/\/www.herbadiberna.ch\/fr\/produkt\/cubes-de-bain-cbd-eucalyptus-citron\/\">Citronnelle &amp; citron vert<\/a><\/p>\n<p><b>ATTENTION -&gt;<\/b> Veuillez indiquer les vari\u00e9t\u00e9s de boules de bain souhait\u00e9es dans la ligne de commentaires lors de la commande ou les envoyer par e-mail \u00e0 <a href=\"mailto:info@herbadiberna.ch?subject=Auswahl%20Badekugel%20f%C3%BCr%20Bade-Box\">info@herbadiberna.ch<\/a>.<a href=\"mailto:info@herbadiberna.ch?subject=Auswahl%20Badekugel%20f%C3%BCr%20Bade-Box\"><br \/>\n<\/a>Ne pas ajouter individuellement dans le panier. Si aucun choix n&rsquo;est fait, nous composons nous-m\u00eames les vari\u00e9t\u00e9s en guise de surprise.<\/p>\n","protected":false},"excerpt":{"rendered":"<p>Offrez \u00e0 vos proches des moments de bain r\u00e9confortants de Herba di Berna.<\/p>\n","protected":false},"featured_media":54444,"comment_status":"closed","ping_status":"closed","template":"","meta":{"inline_featured_image":false},"product_brand":[],"product_cat":[1054,480,466],"product_tag":[],"class_list":{"0":"post-55864","1":"product","2":"type-product","3":"status-publish","4":"has-post-thumbnail","6":"product_cat-acheter-cadeaux-cbd","7":"product_cat-boules-de-bain","8":"product_cat-produits-de-soins-au-cbd","9":"pif-has-gallery","11":"first","12":"instock","13":"taxable","14":"shipping-taxable","15":"purchasable","16":"product-type-simple"},"_links":{"self":[{"href":"https:\/\/www.herbadiberna.ch\/fr\/wp-json\/wp\/v2\/product\/55864","targetHints":{"allow":["GET"]}}],"collection":[{"href":"https:\/\/www.herbadiberna.ch\/fr\/wp-json\/wp\/v2\/product"}],"about":[{"href":"https:\/\/www.herbadiberna.ch\/fr\/wp-json\/wp\/v2\/types\/product"}],"replies":[{"embeddable":true,"href":"https:\/\/www.herbadiberna.ch\/fr\/wp-json\/wp\/v2\/comments?post=55864"}],"wp:featuredmedia":[{"embeddable":true,"href":"https:\/\/www.herbadiberna.ch\/fr\/wp-json\/wp\/v2\/media\/54444"}],"wp:attachment":[{"href":"https:\/\/www.herbadiberna.ch\/fr\/wp-json\/wp\/v2\/media?parent=55864"}],"wp:term":[{"taxonomy":"product_brand","embeddable":true,"href":"https:\/\/www.herbadiberna.ch\/fr\/wp-json\/wp\/v2\/product_brand?post=55864"},{"taxonomy":"product_cat","embeddable":true,"href":"https:\/\/www.herbadiberna.ch\/fr\/wp-json\/wp\/v2\/product_cat?post=55864"},{"taxonomy":"product_tag","embeddable":true,"href":"https:\/\/www.herbadiberna.ch\/fr\/wp-json\/wp\/v2\/product_tag?post=55864"}],"curies":[{"name":"wp","href":"https:\/\/api.w.org\/{rel}","templated":true}]}}