{"id":55024,"date":"2024-11-12T12:43:51","date_gmt":"2024-11-12T11:43:51","guid":{"rendered":"https:\/\/www.herbadiberna.ch\/?post_type=product&#038;p=55024"},"modified":"2026-04-11T16:30:11","modified_gmt":"2026-04-11T15:30:11","slug":"purple-punch-mini-buds-21g-kopie-kopie","status":"publish","type":"product","link":"https:\/\/www.herbadiberna.ch\/fr\/produit\/purple-punch-mini-buds-21g-kopie-kopie\/","title":{"rendered":"Herba SELECT G\u00e2teau au fromage et aux fraises"},"content":{"rendered":"<div class=\"flex max-w-full flex-col flex-grow\">\n<div class=\"min-h-8 text-message flex w-full flex-col items-end gap-2 whitespace-normal break-words text-start [.text-message+&amp;]:mt-5\" dir=\"auto\">\n<div class=\"flex w-full flex-col gap-1 empty:hidden first:pt-[3px]\">\n<div class=\"markdown prose w-full break-words dark:prose-invert light\">\n<h2><strong>Acheter Strawberry Cheese Cake Greenhouse - Qualit\u00e9 suisse fruit\u00e9e et cr\u00e9meuse<\/strong><\/h2>\n<p>Vous envisagez d&rsquo;<strong>acheter le Strawberry Cheese Cake Greenhouse<\/strong>? Ou \u00eates-vous \u00e0 la recherche d&rsquo;une fleur CBD qui combine la durabilit\u00e9 avec un v\u00e9ritable ar\u00f4me de dessert ?<br \/>\nNos <strong>fleurs CBD Greenhouse<\/strong> de la ligne Select ne sont pas du tout des produits standard. Les connaisseurs les appr\u00e9cient comme le r\u00e9sultat d&rsquo;une collaboration exclusive entre Budspensarey et Herba di Berna.  <\/p>\n<p>En outre, cette vari\u00e9t\u00e9 est consid\u00e9r\u00e9e comme la favorite de ceux qui ne veulent pas de lumi\u00e8re artificielle, mais qui recherchent une pleine puissance. C&rsquo;est pourquoi elle est id\u00e9ale \u00e0 consommer pure, s&rsquo;int\u00e8gre parfaitement dans la <strong>vape<\/strong> et procure des moments de d\u00e9tente.<br \/>\nCette fleur ressemble \u00e0 une visite \u00e0 la p\u00e2tisserie. En effet, nous combinons ici des ar\u00f4mes intenses de fraise avec une note cr\u00e9meuse de g\u00e2teau au fromage. Le r\u00e9sultat est une <strong>fleur de CBD Greenhouse<\/strong> au profil terp\u00e9nique si doux et complexe qu&rsquo;il est difficile de croire qu&rsquo;elle a m\u00fbri \u00e0 la lumi\u00e8re du soleil.   <\/p>\n<h2><strong>Le profil aromatique : la fraise sucr\u00e9e rencontre le dessert cr\u00e9meux<\/strong><\/h2>\n<p>Chez nous, vous achetez de la nature pure et de la qualit\u00e9 tri\u00e9e sur le volet. Ces fleurs proviennent d&rsquo;une culture durable sous serre, sans aucun \u00e9clairage artificiel. <\/p>\n<ul>\n<li><strong>L&rsquo;ar\u00f4me :<\/strong> la g\u00e9n\u00e9tique apporte une douceur distinctive. Celle-ci vous rappelle imm\u00e9diatement les fraises fra\u00eeches. Des nuances cr\u00e9meuses de g\u00e2teau au fromage compl\u00e8tent le profil. Le go\u00fbt est donc absolument harmonieux et doux.   <\/li>\n<li><strong>L&rsquo;utilisation :<\/strong> Comme ces fleurs compactes sont extr\u00eamement r\u00e9sineuses, les terp\u00e8nes sont conserv\u00e9s au maximum. Elles sont donc parfaites pour \u00eatre fum\u00e9es ou utilis\u00e9es comme composant aromatique dans un vaporisateur. De plus, leur go\u00fbt intense en fait une excellente base pour <strong>des \u00e9dulcorants au CBD<\/strong> de qualit\u00e9.  <\/li>\n<\/ul>\n<h2><strong>Caract\u00e9ristiques du produit : Pourquoi acheter Strawberry Cheese Cake Greenhouse ?<\/strong><\/h2>\n<ul>\n<li><strong>Qualit\u00e9 de la ligne Select :<\/strong> faisant partie de notre s\u00e9lection Premium, cette vari\u00e9t\u00e9 r\u00e9pond aux exigences les plus \u00e9lev\u00e9es. Chaque fleur est soigneusement r\u00e9colt\u00e9e et trait\u00e9e \u00e0 la main. <\/li>\n<li><strong>Profil terp\u00e9nique unique :<\/strong> vous savourez un m\u00e9lange de fruits et de cr\u00e8me. Il est rare de trouver une telle densit\u00e9 aromatique dans une culture purement solaire. <\/li>\n<li><strong>Exclusivit\u00e9 saisonni\u00e8re :<\/strong> comme nous misons sur les cycles naturels, cette vari\u00e9t\u00e9 est disponible en quantit\u00e9s limit\u00e9es. Si vous souhaitez acheter le Strawberry Cheese Cake Greenhouse, nous vous conseillons de le faire d\u00e8s qu&rsquo;il est disponible. <\/li>\n<li><strong>Culture durable :<\/strong> cultiv\u00e9e en serre avec <strong>BioTabs et de l&rsquo;eau de source pure<\/strong>. Les plantes poussent sans lumi\u00e8re artificielle ni pesticides. Cela pr\u00e9serve l&rsquo;environnement et garantit un produit authentique et naturel.  <\/li>\n<\/ul>\n<h2><strong>Acheter Strawberry Cheese Cake Greenhouse - Durable &amp; Exclusif<\/strong><\/h2>\n<p>La responsabilit\u00e9 \u00e9cologique nous tient \u00e0 c\u0153ur. Nous prouvons qu&rsquo;il est possible d&rsquo;obtenir une qualit\u00e9 sup\u00e9rieure sans d\u00e9penser \u00e9norm\u00e9ment d&rsquo;\u00e9nergie. Ce que beaucoup connaissent comme une simple culture en serre, nous l&rsquo;avons port\u00e9 \u00e0 la perfection gr\u00e2ce \u00e0 notre expertise et \u00e0 l&rsquo;irrigation \u00e0 l&rsquo;eau de source.<br \/>\nEn cons\u00e9quence, vous obtenez un produit plein de puissance naturelle. C&rsquo;est donc une mani\u00e8re consciente de profiter <strong>d&rsquo;un CBD de qualit\u00e9<\/strong>. Vous ne devez en aucun cas renoncer \u00e0 la puissance ou \u00e0 la beaut\u00e9 de la structure de la fleur.    <\/p>\n<h2><strong>T\u00e9moignages de clients sur Strawberry Cheese Cake<\/strong><\/h2>\n<p>Le plus souvent, nos clients d\u00e9crivent l&rsquo;ar\u00f4me comme <strong>\u00e9tonnamment intense pour une vari\u00e9t\u00e9 Greenhouse<\/strong>. La note sucr\u00e9e de fraise est clairement reconnaissable et fait de ces fleurs de CBD une favorite pour les amateurs qui pr\u00e9f\u00e8rent une fum\u00e9e douce. Ils ont \u00e9galement soulign\u00e9 la <strong>structure compacte et r\u00e9sineuse<\/strong> de la fleur, que l&rsquo;on trouve habituellement dans les fleurs d&rsquo;int\u00e9rieur.  <\/p>\n<h2><strong>Achetez et savourez le Strawberry Cheese Cake Greenhouse d\u00e8s maintenant !<\/strong><\/h2>\n<p>\u00cates-vous pr\u00eat \u00e0 vivre l&rsquo;exp\u00e9rience fruit\u00e9e et cr\u00e9meuse de l&rsquo;agriculture durable ?<br \/>\nCommandez d\u00e8s maintenant et obtenez notre sp\u00e9cialit\u00e9 saisonni\u00e8re Select.<\/p>\n<h2><strong>Des compl\u00e9ments parfaits pour votre style de vie<\/strong><\/h2>\n<p>\u27a1\ufe0f  <a href=\"https:\/\/www.herbadiberna.ch\/fr\/huile-de-cbd\/\">Huile de CBD en gouttes<\/a> (pour l&rsquo;\u00e9quilibre int\u00e9rieur)<br \/>\n\u27a1\ufe0f  <a href=\"https:\/\/www.herbadiberna.ch\/fr\/produits-de-soins-au-cbd\/\">Cosm\u00e9tique CBD<\/a> (soins pour votre peau)<br \/>\n\u27a1\ufe0f  <a href=\"https:\/\/www.herbadiberna.ch\/cbd-zubehoer\/\">Acheter des accessoires<\/a> (papiers, filtres et autres)<\/p>\n<\/div>\n<\/div>\n<\/div>\n<\/div>\n","protected":false},"excerpt":{"rendered":"<p><strong>Strawberry Cheese Cake Greenhouse<\/strong> - Une <strong>fleur suisse de premi\u00e8re qualit\u00e9<\/strong> aux notes fruit\u00e9es de fraise et cr\u00e9meuses de cheesecake, cultiv\u00e9e de mani\u00e8re durable sous le soleil suisse. Parfait pour ceux qui recherchent la qualit\u00e9<strong>, <\/strong>le plaisir et une<strong> alternative au THC<\/strong>. <\/p>\n","protected":false},"featured_media":62427,"comment_status":"open","ping_status":"closed","template":"","meta":{"inline_featured_image":false},"product_brand":[],"product_cat":[355,1232,450],"product_tag":[],"class_list":{"0":"post-55024","1":"product","2":"type-product","3":"status-publish","4":"has-post-thumbnail","6":"product_cat-fleurs-de-cbd","7":"product_cat-select-premium-fr","8":"product_cat-serre-fr","9":"product_shipping_class-postpac-prioritaire","10":"pa_anbau-serre","11":"pa_cbd-157-fr","12":"pa_marke-herba-di-berna","13":"pa_thc-061-fr","14":"pif-has-gallery","16":"first","17":"instock","18":"taxable","19":"shipping-taxable","20":"purchasable","21":"product-type-simple"},"_links":{"self":[{"href":"https:\/\/www.herbadiberna.ch\/fr\/wp-json\/wp\/v2\/product\/55024","targetHints":{"allow":["GET"]}}],"collection":[{"href":"https:\/\/www.herbadiberna.ch\/fr\/wp-json\/wp\/v2\/product"}],"about":[{"href":"https:\/\/www.herbadiberna.ch\/fr\/wp-json\/wp\/v2\/types\/product"}],"replies":[{"embeddable":true,"href":"https:\/\/www.herbadiberna.ch\/fr\/wp-json\/wp\/v2\/comments?post=55024"}],"wp:featuredmedia":[{"embeddable":true,"href":"https:\/\/www.herbadiberna.ch\/fr\/wp-json\/wp\/v2\/media\/62427"}],"wp:attachment":[{"href":"https:\/\/www.herbadiberna.ch\/fr\/wp-json\/wp\/v2\/media?parent=55024"}],"wp:term":[{"taxonomy":"product_brand","embeddable":true,"href":"https:\/\/www.herbadiberna.ch\/fr\/wp-json\/wp\/v2\/product_brand?post=55024"},{"taxonomy":"product_cat","embeddable":true,"href":"https:\/\/www.herbadiberna.ch\/fr\/wp-json\/wp\/v2\/product_cat?post=55024"},{"taxonomy":"product_tag","embeddable":true,"href":"https:\/\/www.herbadiberna.ch\/fr\/wp-json\/wp\/v2\/product_tag?post=55024"}],"curies":[{"name":"wp","href":"https:\/\/api.w.org\/{rel}","templated":true}]}}