{"id":54594,"date":"2024-10-31T12:59:51","date_gmt":"2024-10-31T11:59:51","guid":{"rendered":"https:\/\/www.herbadiberna.ch\/?post_type=product&#038;p=54594"},"modified":"2026-01-21T13:24:02","modified_gmt":"2026-01-21T12:24:02","slug":"cadeau-de-noel-bain-box-grand-kopie","status":"publish","type":"product","link":"https:\/\/www.herbadiberna.ch\/fr\/produit\/cadeau-de-noel-bain-box-grand-kopie\/","title":{"rendered":"Calendrier de l&rsquo;Avent - 24 surprises pour les amateurs de cannabis"},"content":{"rendered":"<p>Calendrier de l&rsquo;Avent Herba di Berna - une nouvelle surprise chaque jour !<br \/>\nD\u00e9couvrez 24 produits haut de gamme soigneusement s\u00e9lectionn\u00e9s pour vous faire vivre l&rsquo;exp\u00e9rience Herba.<\/p>\n<p>Vivez l&rsquo;Avent d&rsquo;une mani\u00e8re sp\u00e9ciale avec le calendrier de l&rsquo;Avent Herba di Berna ! Ce calendrier emball\u00e9 avec style contient 24 produits haut de gamme soigneusement s\u00e9lectionn\u00e9s qui vous r\u00e9servent chaque jour une nouvelle surprise. Des accessoires exclusifs aux gadgets innovants, le calendrier de l&rsquo;Avent offre presque tout ce qui fait battre le c\u0153ur d&rsquo;un passionn\u00e9 de cannabis.  <\/p>\n<p>Id\u00e9al comme cadeau ou pour ceux qui aiment \u00eatre surpris, ce calendrier de l&rsquo;Avent en \u00e9dition limit\u00e9e est \u00e0 saisir rapidement avant qu&rsquo;il ne soit \u00e9puis\u00e9 !<\/p>\n","protected":false},"excerpt":{"rendered":"<p>24 surprises pour les amateurs de cannabis<\/p>\n","protected":false},"featured_media":54598,"comment_status":"closed","ping_status":"closed","template":"","meta":{"inline_featured_image":false},"product_brand":[],"product_cat":[1054,1210,355],"product_tag":[],"class_list":{"0":"post-54594","1":"product","2":"type-product","3":"status-publish","4":"has-post-thumbnail","6":"product_cat-acheter-cadeaux-cbd","7":"product_cat-calendrier-avent-cbd","8":"product_cat-fleurs-de-cbd","10":"first","11":"outofstock","12":"taxable","13":"shipping-taxable","14":"purchasable","15":"product-type-simple"},"_links":{"self":[{"href":"https:\/\/www.herbadiberna.ch\/fr\/wp-json\/wp\/v2\/product\/54594","targetHints":{"allow":["GET"]}}],"collection":[{"href":"https:\/\/www.herbadiberna.ch\/fr\/wp-json\/wp\/v2\/product"}],"about":[{"href":"https:\/\/www.herbadiberna.ch\/fr\/wp-json\/wp\/v2\/types\/product"}],"replies":[{"embeddable":true,"href":"https:\/\/www.herbadiberna.ch\/fr\/wp-json\/wp\/v2\/comments?post=54594"}],"wp:featuredmedia":[{"embeddable":true,"href":"https:\/\/www.herbadiberna.ch\/fr\/wp-json\/wp\/v2\/media\/54598"}],"wp:attachment":[{"href":"https:\/\/www.herbadiberna.ch\/fr\/wp-json\/wp\/v2\/media?parent=54594"}],"wp:term":[{"taxonomy":"product_brand","embeddable":true,"href":"https:\/\/www.herbadiberna.ch\/fr\/wp-json\/wp\/v2\/product_brand?post=54594"},{"taxonomy":"product_cat","embeddable":true,"href":"https:\/\/www.herbadiberna.ch\/fr\/wp-json\/wp\/v2\/product_cat?post=54594"},{"taxonomy":"product_tag","embeddable":true,"href":"https:\/\/www.herbadiberna.ch\/fr\/wp-json\/wp\/v2\/product_tag?post=54594"}],"curies":[{"name":"wp","href":"https:\/\/api.w.org\/{rel}","templated":true}]}}