{"id":54428,"date":"2024-10-31T08:41:12","date_gmt":"2024-10-31T07:41:12","guid":{"rendered":"https:\/\/www.herbadiberna.ch\/?post_type=product&#038;p=54428"},"modified":"2026-05-12T16:46:38","modified_gmt":"2026-05-12T15:46:38","slug":"batterie-efest-imr-18650-3000mah-35a-2","status":"publish","type":"product","link":"https:\/\/www.herbadiberna.ch\/fr\/produit\/batterie-efest-imr-18650-3000mah-35a-2\/","title":{"rendered":"CBD E liquide myGeeko Kush"},"content":{"rendered":"<p><span style=\"font-weight: 400;\">myGeeko Kush offre la premi\u00e8re exp\u00e9rience authentique de vapotage de chanvre par pure extraction de vapeur, sans ar\u00f4mes artificiels. Le chanvre CBD de haute qualit\u00e9 garantit un go\u00fbt inalt\u00e9r\u00e9 et un plaisir unique. <\/span><\/p>\n<p>EAN<span style=\"font-weight: 400;\"> 5430000590429<\/span><\/p>\n","protected":false},"excerpt":{"rendered":"<p><span style=\"font-weight: 400;\">myGeeko Kush CBD E liquide 0.0% THC  <\/span><\/p>\n","protected":false},"featured_media":54790,"comment_status":"closed","ping_status":"closed","template":"","meta":{"inline_featured_image":false},"product_brand":[],"product_cat":[380],"product_tag":[],"class_list":{"0":"post-54428","1":"product","2":"type-product","3":"status-publish","4":"has-post-thumbnail","6":"product_cat-e-liquides","7":"pa_cbg-00-fr","8":"pa_nikotin-0-0-fr","9":"pa_thc-00-fr","11":"first","12":"instock","13":"taxable","14":"shipping-taxable","15":"purchasable","16":"product-type-simple"},"_links":{"self":[{"href":"https:\/\/www.herbadiberna.ch\/fr\/wp-json\/wp\/v2\/product\/54428","targetHints":{"allow":["GET"]}}],"collection":[{"href":"https:\/\/www.herbadiberna.ch\/fr\/wp-json\/wp\/v2\/product"}],"about":[{"href":"https:\/\/www.herbadiberna.ch\/fr\/wp-json\/wp\/v2\/types\/product"}],"replies":[{"embeddable":true,"href":"https:\/\/www.herbadiberna.ch\/fr\/wp-json\/wp\/v2\/comments?post=54428"}],"wp:featuredmedia":[{"embeddable":true,"href":"https:\/\/www.herbadiberna.ch\/fr\/wp-json\/wp\/v2\/media\/54790"}],"wp:attachment":[{"href":"https:\/\/www.herbadiberna.ch\/fr\/wp-json\/wp\/v2\/media?parent=54428"}],"wp:term":[{"taxonomy":"product_brand","embeddable":true,"href":"https:\/\/www.herbadiberna.ch\/fr\/wp-json\/wp\/v2\/product_brand?post=54428"},{"taxonomy":"product_cat","embeddable":true,"href":"https:\/\/www.herbadiberna.ch\/fr\/wp-json\/wp\/v2\/product_cat?post=54428"},{"taxonomy":"product_tag","embeddable":true,"href":"https:\/\/www.herbadiberna.ch\/fr\/wp-json\/wp\/v2\/product_tag?post=54428"}],"curies":[{"name":"wp","href":"https:\/\/api.w.org\/{rel}","templated":true}]}}