{"id":51993,"date":"2024-10-12T10:04:41","date_gmt":"2024-10-12T09:04:41","guid":{"rendered":"https:\/\/www.herbadiberna.ch\/?post_type=product&#038;p=51993"},"modified":"2026-04-29T20:57:24","modified_gmt":"2026-04-29T19:57:24","slug":"batterie-efest-imr-18650-3000mah-35a","status":"publish","type":"product","link":"https:\/\/www.herbadiberna.ch\/fr\/produit\/batterie-efest-imr-18650-3000mah-35a\/","title":{"rendered":"Batterie Efest IMR 18650 3000mAh 35A"},"content":{"rendered":"<p>Efest IMR 18650 3000mAh 3,6V - 3,7V Li-Ion cellule \u00e0 courant \u00e9lev\u00e9 (Flat Top) 35A<\/p>\n","protected":false},"excerpt":{"rendered":"<p>Efest IMR 18650 3000mAh EAN : 6958946201361<\/p>\n","protected":false},"featured_media":54343,"comment_status":"closed","ping_status":"closed","template":"","meta":{"inline_featured_image":false},"product_brand":[],"product_cat":[1148],"product_tag":[],"class_list":{"0":"post-51993","1":"product","2":"type-product","3":"status-publish","4":"has-post-thumbnail","6":"product_cat-pieces-de-rechange-pour-la-vape","7":"pif-has-gallery","9":"first","10":"instock","11":"taxable","12":"shipping-taxable","13":"purchasable","14":"product-type-simple"},"_links":{"self":[{"href":"https:\/\/www.herbadiberna.ch\/fr\/wp-json\/wp\/v2\/product\/51993","targetHints":{"allow":["GET"]}}],"collection":[{"href":"https:\/\/www.herbadiberna.ch\/fr\/wp-json\/wp\/v2\/product"}],"about":[{"href":"https:\/\/www.herbadiberna.ch\/fr\/wp-json\/wp\/v2\/types\/product"}],"replies":[{"embeddable":true,"href":"https:\/\/www.herbadiberna.ch\/fr\/wp-json\/wp\/v2\/comments?post=51993"}],"wp:featuredmedia":[{"embeddable":true,"href":"https:\/\/www.herbadiberna.ch\/fr\/wp-json\/wp\/v2\/media\/54343"}],"wp:attachment":[{"href":"https:\/\/www.herbadiberna.ch\/fr\/wp-json\/wp\/v2\/media?parent=51993"}],"wp:term":[{"taxonomy":"product_brand","embeddable":true,"href":"https:\/\/www.herbadiberna.ch\/fr\/wp-json\/wp\/v2\/product_brand?post=51993"},{"taxonomy":"product_cat","embeddable":true,"href":"https:\/\/www.herbadiberna.ch\/fr\/wp-json\/wp\/v2\/product_cat?post=51993"},{"taxonomy":"product_tag","embeddable":true,"href":"https:\/\/www.herbadiberna.ch\/fr\/wp-json\/wp\/v2\/product_tag?post=51993"}],"curies":[{"name":"wp","href":"https:\/\/api.w.org\/{rel}","templated":true}]}}