{"id":36582,"date":"2024-07-12T16:55:48","date_gmt":"2024-07-12T15:55:48","guid":{"rendered":"https:\/\/www.herbadiberna.ch\/?post_type=product&#038;p=36582"},"modified":"2026-04-17T16:40:37","modified_gmt":"2026-04-17T15:40:37","slug":"jupe-portefeuille-khala-design","status":"publish","type":"product","link":"https:\/\/www.herbadiberna.ch\/fr\/produit\/jupe-portefeuille-khala-design\/","title":{"rendered":"Jupe portefeuille de Khala Design"},"content":{"rendered":"<p>Soutenez le mouvement de la mode \u00e9quitable ! Khala Design est une marque de mode solidaire et \u00e9quitable du Malawi.<\/p>\n<p>Jupe r\u00e9versible d\u00e9contract\u00e9e et \u00e9l\u00e9gante \u00e0 enrouler en mat\u00e9riaux naturels. Chaque page attire l&rsquo;attention. Longueur de la jupe au niveau du genou (entre 42 et 47 cm selon la taille). Ceinture en tissu de 3 cm de large \u00e0 nouer sur le c\u00f4t\u00e9 avec des passants \u00e0 la taille. Les tissus soigneusement s\u00e9lectionn\u00e9s sont cousus \u00e0 la main avec pr\u00e9cision dans le c\u0153ur chaleureux de l&rsquo;Afrique.<\/p>\n","protected":false},"excerpt":{"rendered":"<p>en m\u00e9lange chanvre-coton bio<\/p>\n","protected":false},"featured_media":36596,"comment_status":"open","ping_status":"closed","template":"","meta":{"inline_featured_image":false},"product_brand":[],"product_cat":[583],"product_tag":[],"class_list":{"0":"post-36582","1":"product","2":"type-product","3":"status-publish","4":"has-post-thumbnail","6":"product_cat-lestextiles","7":"pif-has-gallery","9":"first","10":"instock","11":"taxable","12":"shipping-taxable","13":"purchasable","14":"product-type-variable","15":"rtwpvs-product"},"_links":{"self":[{"href":"https:\/\/www.herbadiberna.ch\/fr\/wp-json\/wp\/v2\/product\/36582","targetHints":{"allow":["GET"]}}],"collection":[{"href":"https:\/\/www.herbadiberna.ch\/fr\/wp-json\/wp\/v2\/product"}],"about":[{"href":"https:\/\/www.herbadiberna.ch\/fr\/wp-json\/wp\/v2\/types\/product"}],"replies":[{"embeddable":true,"href":"https:\/\/www.herbadiberna.ch\/fr\/wp-json\/wp\/v2\/comments?post=36582"}],"wp:featuredmedia":[{"embeddable":true,"href":"https:\/\/www.herbadiberna.ch\/fr\/wp-json\/wp\/v2\/media\/36596"}],"wp:attachment":[{"href":"https:\/\/www.herbadiberna.ch\/fr\/wp-json\/wp\/v2\/media?parent=36582"}],"wp:term":[{"taxonomy":"product_brand","embeddable":true,"href":"https:\/\/www.herbadiberna.ch\/fr\/wp-json\/wp\/v2\/product_brand?post=36582"},{"taxonomy":"product_cat","embeddable":true,"href":"https:\/\/www.herbadiberna.ch\/fr\/wp-json\/wp\/v2\/product_cat?post=36582"},{"taxonomy":"product_tag","embeddable":true,"href":"https:\/\/www.herbadiberna.ch\/fr\/wp-json\/wp\/v2\/product_tag?post=36582"}],"curies":[{"name":"wp","href":"https:\/\/api.w.org\/{rel}","templated":true}]}}