{"id":35346,"date":"2024-05-08T14:05:20","date_gmt":"2024-05-08T13:05:20","guid":{"rendered":"https:\/\/www.herbadiberna.ch\/hoodie-avec-capuche-et-poche-ventrale\/"},"modified":"2026-05-05T21:07:05","modified_gmt":"2026-05-05T20:07:05","slug":"hoodie-avec-capuche-et-poche-ventrale","status":"publish","type":"product","link":"https:\/\/www.herbadiberna.ch\/fr\/produit\/hoodie-avec-capuche-et-poche-ventrale\/","title":{"rendered":"Hoodie avec capuche et poche ventrale"},"content":{"rendered":"<p>Ce sweat \u00e0 capuche confortable avec une poche ventrale et l&rsquo;imprim\u00e9 Herba di Berna est en 100% coton et issu d&rsquo;une production \u00e9quitable et durable. Une solide combinaison de long\u00e9vit\u00e9 et de qualit\u00e9.<\/p>\n<p>tailles : M, L, XL<\/p>\n","protected":false},"excerpt":{"rendered":"<p>Naturellement produit de mani\u00e8re durable<\/p>\n","protected":false},"featured_media":32254,"comment_status":"open","ping_status":"closed","template":"","meta":{"inline_featured_image":false},"product_brand":[],"product_cat":[583],"product_tag":[],"class_list":{"0":"post-35346","1":"product","2":"type-product","3":"status-publish","4":"has-post-thumbnail","6":"product_cat-lestextiles","7":"pif-has-gallery","9":"first","10":"outofstock","11":"taxable","12":"shipping-taxable","13":"purchasable","14":"product-type-variable","15":"rtwpvs-product"},"_links":{"self":[{"href":"https:\/\/www.herbadiberna.ch\/fr\/wp-json\/wp\/v2\/product\/35346","targetHints":{"allow":["GET"]}}],"collection":[{"href":"https:\/\/www.herbadiberna.ch\/fr\/wp-json\/wp\/v2\/product"}],"about":[{"href":"https:\/\/www.herbadiberna.ch\/fr\/wp-json\/wp\/v2\/types\/product"}],"replies":[{"embeddable":true,"href":"https:\/\/www.herbadiberna.ch\/fr\/wp-json\/wp\/v2\/comments?post=35346"}],"wp:featuredmedia":[{"embeddable":true,"href":"https:\/\/www.herbadiberna.ch\/fr\/wp-json\/wp\/v2\/media\/32254"}],"wp:attachment":[{"href":"https:\/\/www.herbadiberna.ch\/fr\/wp-json\/wp\/v2\/media?parent=35346"}],"wp:term":[{"taxonomy":"product_brand","embeddable":true,"href":"https:\/\/www.herbadiberna.ch\/fr\/wp-json\/wp\/v2\/product_brand?post=35346"},{"taxonomy":"product_cat","embeddable":true,"href":"https:\/\/www.herbadiberna.ch\/fr\/wp-json\/wp\/v2\/product_cat?post=35346"},{"taxonomy":"product_tag","embeddable":true,"href":"https:\/\/www.herbadiberna.ch\/fr\/wp-json\/wp\/v2\/product_tag?post=35346"}],"curies":[{"name":"wp","href":"https:\/\/api.w.org\/{rel}","templated":true}]}}