{"id":35329,"date":"2023-03-21T10:28:56","date_gmt":"2023-03-21T09:28:56","guid":{"rendered":"https:\/\/www.herbadiberna.ch\/hasch-cbd-bio-pollen-dexterieur\/"},"modified":"2026-04-15T19:51:20","modified_gmt":"2026-04-15T18:51:20","slug":"hasch-cbd-bio-pollen-dexterieur","status":"publish","type":"product","link":"https:\/\/www.herbadiberna.ch\/fr\/produit\/hasch-cbd-bio-pollen-dexterieur\/","title":{"rendered":"Hasch CBD BIO Pollen d&rsquo;ext\u00e9rieur"},"content":{"rendered":"<div class=\"flex max-w-full flex-col flex-grow\">\n<div class=\"min-h-8 text-message flex w-full flex-col items-end gap-2 whitespace-normal break-words text-start [.text-message+&amp;]:mt-5\" dir=\"auto\">\n<div class=\"flex w-full flex-col gap-1 empty:hidden first:pt-[3px]\">\n<div class=\"markdown prose w-full break-words dark:prose-invert light\">\n<h2><strong>Acheter du haschisch CBD - Haschisch de pollen d&rsquo;ext\u00e9rieur cultiv\u00e9 de fa\u00e7on durable<\/strong><\/h2>\n<p><strong>Acheter du haschisch CBD - Pollen d&rsquo;ext\u00e9rieur bio Haschisch \u00e0 l&rsquo;ar\u00f4me unique !<\/strong><br \/>\nLe <strong>haschisch CBD Pollen d&rsquo;ext\u00e9rieur bio<\/strong> est produit selon une m\u00e9thode traditionnelle et s\u00e9duit par sa <strong>consistance a\u00e9r\u00e9e et douce<\/strong> ainsi que par son <strong>ar\u00f4me floral \u00e9pic\u00e9<\/strong>.<br \/>\nCe type de haschisch est obtenu par friction m\u00e9canique et par une technique de tamisage sp\u00e9ciale qui s\u00e9pare les trichomes du mat\u00e9riel v\u00e9g\u00e9tal et les comprime ensuite en fines plaques.<\/p>\n<h2><strong>Haschisch de pollen d&rsquo;ext\u00e9rieur bio - Haschisch CBD de qualit\u00e9 sup\u00e9rieure  <\/strong><\/h2>\n<ul>\n<li><strong>Go\u00fbt naturel :<\/strong> des notes \u00e9pic\u00e9es et terreuses combin\u00e9es \u00e0 un ar\u00f4me floral pour une exp\u00e9rience authentique.<\/li>\n<li><strong>Fabrication traditionnelle :<\/strong> des trichomes isol\u00e9s par friction m\u00e9canique sont comprim\u00e9s en fines plaques.<\/li>\n<li><strong>Cultiv\u00e9 de mani\u00e8re biologique :<\/strong> Produit par notre partenaire <strong>Aare Hemp<\/strong> dans des conditions durables.<\/li>\n<li><strong>Consistance molle :<\/strong> se frotte et se transforme particuli\u00e8rement bien.<\/li>\n<li><strong>Stockage optimal :<\/strong> pour pr\u00e9server la qualit\u00e9,<strong> le haschisch de pollen d&rsquo;ext\u00e9rieur<\/strong> doit \u00eatre conserv\u00e9 dans un endroit frais, sec et \u00e0 l&rsquo;abri de la lumi\u00e8re.<\/li>\n<\/ul>\n<h2><strong>Pourquoi acheter du haschisch CBD au pollen d&rsquo;ext\u00e9rieur bio ?<\/strong><\/h2>\n<p>Cette vari\u00e9t\u00e9 de haschisch combine un <strong>traitement traditionnel<\/strong> avec les avantages de la <strong>culture biologique<\/strong>.<br \/>\nGr\u00e2ce \u00e0 sa consistance a\u00e9r\u00e9e et douce &amp; \u00e0 ses ar\u00f4mes intenses, le pollen Bio Outdoor est particuli\u00e8rement appr\u00e9ci\u00e9 des connaisseurs et des nouveaux venus.<br \/>\nSi vous souhaitez <strong>acheter du haschisch<\/strong> et que vous recherchez une production naturelle, vous faites ici le bon choix.<\/p>\n<h2><strong>T\u00e9moignages de clients sur le haschisch de pollen d&rsquo;ext\u00e9rieur bio<\/strong><\/h2>\n<p>Les utilisateurs font surtout l&rsquo;\u00e9loge de la <strong>consistance douce et facile \u00e0 travailler<\/strong> et de l&rsquo;<strong>ar\u00f4me floral \u00e9pic\u00e9<\/strong>.<br \/>\nBeaucoup rapportent une <strong>exp\u00e9rience douce &amp; agr\u00e9able<\/strong> qui d\u00e9passe les attentes du haschisch CBD premium.<br \/>\nLa combinaison de la fabrication traditionnelle &amp; de la qualit\u00e9 biologique suscite de nombreux commentaires positifs.<\/p>\n<h2><strong>Achetez et savourez le haschisch de pollen d&rsquo;ext\u00e9rieur bio d\u00e8s maintenant !<\/strong><\/h2>\n<p><strong>D\u00e9couvrez la qualit\u00e9 incomparable du haschisch de pollen bio d&rsquo;ext\u00e9rieur !<\/strong><br \/>\nCommandez d\u00e8s maintenant et profitez d&rsquo;<strong>un haschisch de qualit\u00e9 sup\u00e9rieure issu de l&rsquo;agriculture biologique<\/strong> - naturel, durable et aromatique !<\/p>\n<h2><strong>En savoir plus : Autres vari\u00e9t\u00e9s de haschisch premium<\/strong><\/h2>\n<p>\u27a1\ufe0f Vous voulez tester d&rsquo;autres vari\u00e9t\u00e9s ? Jetez un coup d&rsquo;\u0153il \u00e0 notre <a href=\"https:\/\/www.herbadiberna.ch\/fr\/produkt\/pack-de-demarrage-hasch-cbd-12-5g\/\">CBD Hash Starter Pack 12.5g<\/a>!<br \/>\n\u27a1\ufe0f D\u00e9couvrez \u00e9galement notre <a href=\"https:\/\/www.herbadiberna.ch\/fr\/produkt\/cbd-hash-marok-cream\/\">hasch CBD Marok Cream<\/a> pour une consistance particuli\u00e8rement cr\u00e9meuse.<br \/>\n<a href=\"https:\/\/www.herbadiberna.ch\/fr\/haschisch-au-cbd\/\">\u27a1\ufe0fUnsere<\/a>nouvelles <a href=\"https:\/\/www.herbadiberna.ch\/fr\/vaporisateurs\/\">vapes au CBD<\/a><\/p>\n<\/div>\n<\/div>\n<\/div>\n<\/div>\n","protected":false},"excerpt":{"rendered":"<p>Acheter du hasch bio CBD Pollen d&rsquo;ext\u00e9rieur - Du hasch naturel issu de l&rsquo;agriculture biologique pour une exp\u00e9rience authentique.<br \/>\nHasch de haute qualit\u00e9 \u00e0 la texture douce et \u00e0 l&rsquo;ar\u00f4me floral \u00e9pic\u00e9 - id\u00e9al pour les connaisseurs et les d\u00e9butants.<\/p>\n","protected":false},"featured_media":57818,"comment_status":"open","ping_status":"closed","template":"","meta":{"inline_featured_image":false},"product_brand":[],"product_cat":[724],"product_tag":[],"class_list":{"0":"post-35329","1":"product","2":"type-product","3":"status-publish","4":"has-post-thumbnail","6":"product_cat-haschisch-au-cbd","7":"product_shipping_class-postpac-prioritaire","8":"pa_anbau-outdoor-fr","9":"pa_cbd-28-0-fr","10":"pa_cbg-1-5-fr","11":"pa_inhalt-netto-10g-fr","12":"pa_inhalt-netto-3g-fr","13":"pa_thc-0-9-fr","14":"pif-has-gallery","16":"first","17":"instock","18":"taxable","19":"shipping-taxable","20":"purchasable","21":"product-type-variable","22":"rtwpvs-product"},"_links":{"self":[{"href":"https:\/\/www.herbadiberna.ch\/fr\/wp-json\/wp\/v2\/product\/35329","targetHints":{"allow":["GET"]}}],"collection":[{"href":"https:\/\/www.herbadiberna.ch\/fr\/wp-json\/wp\/v2\/product"}],"about":[{"href":"https:\/\/www.herbadiberna.ch\/fr\/wp-json\/wp\/v2\/types\/product"}],"replies":[{"embeddable":true,"href":"https:\/\/www.herbadiberna.ch\/fr\/wp-json\/wp\/v2\/comments?post=35329"}],"wp:featuredmedia":[{"embeddable":true,"href":"https:\/\/www.herbadiberna.ch\/fr\/wp-json\/wp\/v2\/media\/57818"}],"wp:attachment":[{"href":"https:\/\/www.herbadiberna.ch\/fr\/wp-json\/wp\/v2\/media?parent=35329"}],"wp:term":[{"taxonomy":"product_brand","embeddable":true,"href":"https:\/\/www.herbadiberna.ch\/fr\/wp-json\/wp\/v2\/product_brand?post=35329"},{"taxonomy":"product_cat","embeddable":true,"href":"https:\/\/www.herbadiberna.ch\/fr\/wp-json\/wp\/v2\/product_cat?post=35329"},{"taxonomy":"product_tag","embeddable":true,"href":"https:\/\/www.herbadiberna.ch\/fr\/wp-json\/wp\/v2\/product_tag?post=35329"}],"curies":[{"name":"wp","href":"https:\/\/api.w.org\/{rel}","templated":true}]}}