{"id":35174,"date":"2024-04-25T12:03:35","date_gmt":"2024-04-25T11:03:35","guid":{"rendered":"https:\/\/www.herbadiberna.ch\/?post_type=product&#038;p=35174"},"modified":"2026-04-20T21:06:31","modified_gmt":"2026-04-20T20:06:31","slug":"gel-articulaire-au-cbd","status":"publish","type":"product","link":"https:\/\/www.herbadiberna.ch\/fr\/produit\/gel-articulaire-au-cbd\/","title":{"rendered":"Gel articulaire au CBD"},"content":{"rendered":"<p>L&rsquo;association unique d&rsquo;ingr\u00e9dients naturels tr\u00e8s puissants tels que le CBD, l&rsquo;arnica, le marron d&rsquo;Inde et la griffe du diable conf\u00e8re \u00e0 ce gel des propri\u00e9t\u00e9s anti-inflammatoires et analg\u00e9siques efficaces. Une combinaison optimale et tr\u00e8s efficace qui influence positivement la r\u00e9cup\u00e9ration des sportifs* ou des personnes soumises \u00e0 la douleur. En plus de son efficacit\u00e9, le gel se caract\u00e9rise par une absorption rapide et un parfum agr\u00e9able et rafra\u00eechissant qui permet de respirer imm\u00e9diatement.<\/p>\n<p>Nous recommandons d&rsquo;appliquer le gel apr\u00e8s l&rsquo;exercice, avant m\u00eame que les courbatures n&rsquo;apparaissent. Le gel Gelenkwohl est bas\u00e9 sur des ingr\u00e9dients exclusivement naturels et ne contient pas d&rsquo;analg\u00e9siques. Le gel de bien-\u00eatre pour les articulations est id\u00e9al pour soutenir la r\u00e9g\u00e9n\u00e9ration de l&rsquo;appareil locomoteur.<\/p>\n<p>Disponible dans un r\u00e9cipient pratique de 75 ml en tant que distributeur airless.<br \/>\nDes unit\u00e9s de 130 ML sont \u00e9galement disponibles sur demande.<\/p>\n","protected":false},"excerpt":{"rendered":"<p>Lib\u00e8re les tensions et favorise la r\u00e9g\u00e9n\u00e9ration<\/p>\n","protected":false},"featured_media":54695,"comment_status":"open","ping_status":"closed","template":"","meta":{"inline_featured_image":false},"product_brand":[],"product_cat":[467,466],"product_tag":[],"class_list":{"0":"post-35174","1":"product","2":"type-product","3":"status-publish","4":"has-post-thumbnail","6":"product_cat-pommades","7":"product_cat-produits-de-soins-au-cbd","9":"first","10":"instock","11":"taxable","12":"shipping-taxable","13":"purchasable","14":"product-type-variable","15":"rtwpvs-product"},"_links":{"self":[{"href":"https:\/\/www.herbadiberna.ch\/fr\/wp-json\/wp\/v2\/product\/35174","targetHints":{"allow":["GET"]}}],"collection":[{"href":"https:\/\/www.herbadiberna.ch\/fr\/wp-json\/wp\/v2\/product"}],"about":[{"href":"https:\/\/www.herbadiberna.ch\/fr\/wp-json\/wp\/v2\/types\/product"}],"replies":[{"embeddable":true,"href":"https:\/\/www.herbadiberna.ch\/fr\/wp-json\/wp\/v2\/comments?post=35174"}],"wp:featuredmedia":[{"embeddable":true,"href":"https:\/\/www.herbadiberna.ch\/fr\/wp-json\/wp\/v2\/media\/54695"}],"wp:attachment":[{"href":"https:\/\/www.herbadiberna.ch\/fr\/wp-json\/wp\/v2\/media?parent=35174"}],"wp:term":[{"taxonomy":"product_brand","embeddable":true,"href":"https:\/\/www.herbadiberna.ch\/fr\/wp-json\/wp\/v2\/product_brand?post=35174"},{"taxonomy":"product_cat","embeddable":true,"href":"https:\/\/www.herbadiberna.ch\/fr\/wp-json\/wp\/v2\/product_cat?post=35174"},{"taxonomy":"product_tag","embeddable":true,"href":"https:\/\/www.herbadiberna.ch\/fr\/wp-json\/wp\/v2\/product_tag?post=35174"}],"curies":[{"name":"wp","href":"https:\/\/api.w.org\/{rel}","templated":true}]}}