{"id":34752,"date":"2024-03-22T15:23:44","date_gmt":"2024-03-22T14:23:44","guid":{"rendered":"https:\/\/www.herbadiberna.ch\/?post_type=product&#038;p=34752"},"modified":"2026-04-24T11:15:39","modified_gmt":"2026-04-24T10:15:39","slug":"huile-de-chanvre-cbd-pour-chats-kopie","status":"publish","type":"product","link":"https:\/\/www.herbadiberna.ch\/fr\/produit\/huile-de-chanvre-cbd-pour-chats-kopie\/","title":{"rendered":"Huile de graines de chanvre biologique avec CBD pour chevaux"},"content":{"rendered":"<div class=\"flex max-w-full flex-col flex-grow\">\n<div class=\"min-h-8 text-message flex w-full flex-col items-end gap-2 whitespace-normal break-words text-start [.text-message+&amp;]:mt-5\" dir=\"auto\">\n<div class=\"flex w-full flex-col gap-1 empty:hidden first:pt-[3px]\">\n<div class=\"markdown prose w-full break-words dark:prose-invert light\">\n<h2><strong>Acheter de l&rsquo;huile de CBD pour chevaux - Naturelle et de haute qualit\u00e9<\/strong><\/h2>\n<p>Si vous souhaitez <strong>acheter de l&rsquo;huile de CBD pour animaux<\/strong> qui soit douce et de haute qualit\u00e9, notre huile de chanvre sp\u00e9cialement con\u00e7ue est le choix parfait.<br \/>\nIl a \u00e9t\u00e9 d\u00e9velopp\u00e9 en collaboration avec des experts en alimentation animale et convient aux chevaux, aux chiens et aux chats.<\/p>\n<h2><strong>Pourquoi acheter notre huile animale ?<\/strong><\/h2>\n<ul>\n<li><strong>Sp\u00e9cialement con\u00e7u pour les animaux :<\/strong> Formule optimale pour chevaux, chiens &amp; chats.<\/li>\n<li><strong>100% naturel &amp; bio :<\/strong> exempt de pesticides &amp; d&rsquo;herbicides.<\/li>\n<li><strong>Extraction douce au CO\u2082 :<\/strong> pr\u00e9serve toutes les substances v\u00e9g\u00e9tales importantes.<\/li>\n<li><strong>Huile de graines de chanvre comme base :<\/strong> riche en acides gras om\u00e9ga-3 &amp; om\u00e9ga-6.<\/li>\n<li><strong>Sans additifs artificiels :<\/strong> pas de colorants, d&rsquo;ar\u00f4mes ou de conservateurs.<\/li>\n<\/ul>\n<h2><strong data-start=\"432\" data-end=\"486\">Remarque sur le stockage et la cristallisation naturelle !<\/strong><\/h2>\n<p><strong data-start=\"432\" data-end=\"486\"><br \/>\n<\/strong>Les huiles de CBD \u00e0 tr\u00e8s forte concentration peuvent cristalliser naturellement \u00e0 des <strong data-start=\"562\" data-end=\"571\">temp\u00e9ratures<\/strong> inf\u00e9rieures \u00e0 <strong data-start=\"562\" data-end=\"571\">10 \u00b0C<\/strong> environ. Il s&rsquo;agit d&rsquo;une caract\u00e9ristique positive de la qualit\u00e9, qui montre la haute teneur en CBD, mais qui peut rendre la manipulation plus difficile. Nous recommandons donc de conserver l&rsquo;huile <strong data-start=\"747\" data-end=\"769\">\u00e0 temp\u00e9rature ambiante<\/strong> et de ne <strong data-start=\"788\" data-end=\"822\">pas<\/strong> la stocker <strong data-start=\"788\" data-end=\"822\">\u00e0 long terme dans le froid<\/strong>.<br data-start=\"833\" data-end=\"836\">Si des cristaux apparaissent malgr\u00e9 tout, ils peuvent \u00eatre enti\u00e8rement dissous en <strong data-start=\"897\" data-end=\"951\">r\u00e9chauffant prudemment le flacon au bain-marie<\/strong>.  <\/p>\n<h2><strong>Acheter des gouttes de CBD pour animaux - une tol\u00e9rance en douceur<\/strong><\/h2>\n<p>Cette <strong>huile de CBD pour animaux<\/strong> a \u00e9t\u00e9 sp\u00e9cialement con\u00e7ue pour les grands &amp; petits quadrup\u00e8des.<br \/>\nIl favorise le bien-\u00eatre de mani\u00e8re naturelle et ne contient que des ingr\u00e9dients de qualit\u00e9 certifi\u00e9s bio.<\/p>\n<h2><strong>T\u00e9moignages de clients sur le CBD pour animaux<\/strong><\/h2>\n<p>De nombreux propri\u00e9taires d&rsquo;animaux rapportent les <strong>effets positifs<\/strong> et l&rsquo;utilisation en douceur de notre huile de chanvre CBD pour animaux.<br \/>\nLa facilit\u00e9 de dosage et la qualit\u00e9 sup\u00e9rieure sont particuli\u00e8rement appr\u00e9ci\u00e9es.<\/p>\n<h2><strong>Acheter du CBD pour chevaux maintenant - une qualit\u00e9 sup\u00e9rieure pour votre animal de compagnie<\/strong><\/h2>\n<p><strong>Offrez le meilleur \u00e0 votre compagnon \u00e0 quatre pattes - commandez d\u00e8s maintenant de l&rsquo;huile de chanvre CBD de haute qualit\u00e9 pour animaux !<\/strong><\/p>\n<h2><strong>D\u00e9couvrir plus de CBD pour animaux<\/strong><\/h2>\n<ul>\n<li>\u27a1\ufe0f Pour les chiens : <a href=\"https:\/\/www.herbadiberna.ch\/it\/produkt\/cbd-hanfoel-dogs\/\">Huile de CBD pour chiens<\/a><\/li>\n<li>\u27a1\ufe0f Pour les chats : <a href=\"https:\/\/www.herbadiberna.ch\/it\/produkt\/cbd-hanfoel-cat\/\">Huile de CBD pour chats<\/a><\/li>\n<li><a href=\"https:\/\/www.herbadiberna.ch\/cbd-oel-haustiere\/\">\u27a1\ufe0f D\u00e9couvrir plus de gouttes de CBD pour les animaux<\/a><\/li>\n<\/ul>\n<h2><strong>Utilisation &amp; dosage chez les chevaux<\/strong><\/h2>\n<p data-start=\"111\" data-end=\"256\">Notre huile de CBD pour chevaux est livr\u00e9e dans un flacon pulv\u00e9risateur pratique - une pulv\u00e9risation correspond \u00e0 environ 37-45 mg de CBD (pour une huile \u00e0 30 %).<\/p>\n<p data-start=\"111\" data-end=\"256\"><strong>Exemple de dosage pour un cheval de 500 kg (\u00e0 30 %)<\/strong><\/p>\n<p data-start=\"663\" data-end=\"764\"><strong data-start=\"663\" data-end=\"673\">L\u00e9ger<\/strong> (p. ex. g\u00e9n\u00e9ral, animaux sensibles) : env. <strong data-start=\"715\" data-end=\"730\">50 mg \/ jour<\/strong> = 1-2 vaporisations<br \/>\n<strong data-start=\"766\" data-end=\"776\">Moyen<\/strong> (p. ex. stress, app\u00e9tit, peau) : env. <strong data-start=\"814\" data-end=\"830\">125 mg \/ jour<\/strong> = 2-3 vaporisations<br \/>\n<strong data-start=\"862\" data-end=\"870\">Elev\u00e9<\/strong> (p. ex. arthrose, fortes douleurs) : env. <strong data-start=\"915\" data-end=\"931\">250 mg \/ jour<\/strong> = 6-7 pulv\u00e9risations<\/p>\n<p>Veuillez toujours commencer par une faible dose et augmenter progressivement si n\u00e9cessaire.<\/p>\n<p><strong>Instructions pour une utilisation en toute s\u00e9curit\u00e9 :<\/strong><\/p>\n<ul>\n<li>\u274c Ne pas utiliser chez les juments gestantes<\/li>\n<li>\u2757En cas de traitement m\u00e9dicamenteux : consulter un v\u00e9t\u00e9rinaire<\/li>\n<li>\u26a0\ufe0f Un surdosage peut entra\u00eener de la fatigue ou des probl\u00e8mes digestifs.<\/li>\n<li>\u2744\ufe0f Conserver au frais, \u00e0 l&rsquo;abri de la lumi\u00e8re et hors de port\u00e9e des enfants.<\/li>\n<\/ul>\n<\/div>\n<p><strong>Remarque sur l&rsquo;\u00e9volution des prix<\/strong><br \/>\nEn raison de l&rsquo;augmentation des co\u00fbts des mat\u00e9riaux pour l&rsquo;huile de graines de chanvre, nous avons d\u00fb adapter l\u00e9g\u00e8rement nos prix. Nous nous effor\u00e7ons toujours de proposer \u00e0 nos clients des prix de vente attractifs. Parall\u00e8lement, l&rsquo;augmentation des co\u00fbts de l&rsquo;\u00e9nergie et du personnel entra\u00eene des co\u00fbts suppl\u00e9mentaires dans le traitement des huiles de support, que nous devons en partie r\u00e9percuter. Nous vous remercions de votre compr\u00e9hension et continuons \u00e0 tout mettre en \u0153uvre pour maintenir un rapport qualit\u00e9\/prix \u00e9quitable.   <\/p>\n<\/div>\n<\/div>\n<\/div>\n","protected":false},"excerpt":{"rendered":"<p data-start=\"28\" data-end=\"253\"><strong data-start=\"34\" data-end=\"72\">L&rsquo;huile de graines de chanvre biologique avec CBD pour chevaux<\/strong>, qui <strong data-start=\"77\" data-end=\"95\">contient 30% de CBD<\/strong>, contribue au bien-\u00eatre de votre cheval. L&rsquo;huile de graines de chanvre de haute qualit\u00e9 fournit des acides gras essentiels om\u00e9ga-3 et om\u00e9ga-6 - 100% biologique et d&rsquo;origine suisse.<\/p>\n","protected":false},"featured_media":79848,"comment_status":"open","ping_status":"closed","template":"","meta":{"inline_featured_image":false},"product_brand":[],"product_cat":[353,396],"product_tag":[],"class_list":{"0":"post-34752","1":"product","2":"type-product","3":"status-publish","4":"has-post-thumbnail","6":"product_cat-huile-de-cbd","7":"product_cat-huile-de-cbd-animaux","8":"pif-has-gallery","10":"first","11":"instock","12":"taxable","13":"shipping-taxable","14":"purchasable","15":"product-type-simple"},"_links":{"self":[{"href":"https:\/\/www.herbadiberna.ch\/fr\/wp-json\/wp\/v2\/product\/34752","targetHints":{"allow":["GET"]}}],"collection":[{"href":"https:\/\/www.herbadiberna.ch\/fr\/wp-json\/wp\/v2\/product"}],"about":[{"href":"https:\/\/www.herbadiberna.ch\/fr\/wp-json\/wp\/v2\/types\/product"}],"replies":[{"embeddable":true,"href":"https:\/\/www.herbadiberna.ch\/fr\/wp-json\/wp\/v2\/comments?post=34752"}],"wp:featuredmedia":[{"embeddable":true,"href":"https:\/\/www.herbadiberna.ch\/fr\/wp-json\/wp\/v2\/media\/79848"}],"wp:attachment":[{"href":"https:\/\/www.herbadiberna.ch\/fr\/wp-json\/wp\/v2\/media?parent=34752"}],"wp:term":[{"taxonomy":"product_brand","embeddable":true,"href":"https:\/\/www.herbadiberna.ch\/fr\/wp-json\/wp\/v2\/product_brand?post=34752"},{"taxonomy":"product_cat","embeddable":true,"href":"https:\/\/www.herbadiberna.ch\/fr\/wp-json\/wp\/v2\/product_cat?post=34752"},{"taxonomy":"product_tag","embeddable":true,"href":"https:\/\/www.herbadiberna.ch\/fr\/wp-json\/wp\/v2\/product_tag?post=34752"}],"curies":[{"name":"wp","href":"https:\/\/api.w.org\/{rel}","templated":true}]}}