{"id":33976,"date":"2024-02-19T11:01:43","date_gmt":"2024-02-19T10:01:43","guid":{"rendered":"https:\/\/www.herbadiberna.ch\/?post_type=product&#038;p=33976"},"modified":"2026-05-01T15:33:29","modified_gmt":"2026-05-01T14:33:29","slug":"bol-de-melange-en-bois-de-berne-kopie","status":"publish","type":"product","link":"https:\/\/www.herbadiberna.ch\/fr\/produit\/bol-de-melange-en-bois-de-berne-kopie\/","title":{"rendered":"Revue, l&rsquo;ivresse de Lucy"},"content":{"rendered":"<p>Lucys aborde la th\u00e9matique interdisciplinaire de toutes les drogues psychoactives sous les angles les plus divers - sous forme de reportages, d&rsquo;interviews, de comptes rendus, de reportages et d&rsquo;images. Les nouveaux d\u00e9veloppements, l&rsquo;art, la musique et la litt\u00e9rature font partie du spectre, tout comme la politique des drogues et les habitudes de consommation d&rsquo;hier \u00e0 aujourd&rsquo;hui. L&rsquo;ivresse de Lucy apporte des connaissances de base sur l&rsquo;ethnobotanique, la science et la culture autour des substances psychoactives, qui sont un sujet de discussion dans toutes les couches de la soci\u00e9t\u00e9 et dans toutes les classes d&rsquo;\u00e2ge. Ce magazine sur la culture psychoactive fournit des informations sur l&rsquo;origine, l&rsquo;utilisation et l&rsquo;histoire des diff\u00e9rentes substances - des plantes rituelles sacr\u00e9es \u00e0 l&rsquo;utilisation quotidienne de mol\u00e9cules qui stimulent l&rsquo;esprit - et rend \u00e9galement compte des modifications de l&rsquo;\u00e9tat de conscience induites par des moyens non pharmacologiques.  <\/p>\n","protected":false},"excerpt":{"rendered":"<p>Le magazine de la culture psychoactive<\/p>\n","protected":false},"featured_media":34097,"comment_status":"open","ping_status":"closed","template":"","meta":{"inline_featured_image":false},"product_brand":[],"product_cat":[369,464],"product_tag":[],"class_list":{"0":"post-33976","1":"product","2":"type-product","3":"status-publish","4":"has-post-thumbnail","6":"product_cat-accessoires-cbd","7":"product_cat-litterature","9":"first","10":"instock","11":"taxable","12":"shipping-taxable","13":"purchasable","14":"product-type-variable","15":"rtwpvs-product"},"_links":{"self":[{"href":"https:\/\/www.herbadiberna.ch\/fr\/wp-json\/wp\/v2\/product\/33976","targetHints":{"allow":["GET"]}}],"collection":[{"href":"https:\/\/www.herbadiberna.ch\/fr\/wp-json\/wp\/v2\/product"}],"about":[{"href":"https:\/\/www.herbadiberna.ch\/fr\/wp-json\/wp\/v2\/types\/product"}],"replies":[{"embeddable":true,"href":"https:\/\/www.herbadiberna.ch\/fr\/wp-json\/wp\/v2\/comments?post=33976"}],"wp:featuredmedia":[{"embeddable":true,"href":"https:\/\/www.herbadiberna.ch\/fr\/wp-json\/wp\/v2\/media\/34097"}],"wp:attachment":[{"href":"https:\/\/www.herbadiberna.ch\/fr\/wp-json\/wp\/v2\/media?parent=33976"}],"wp:term":[{"taxonomy":"product_brand","embeddable":true,"href":"https:\/\/www.herbadiberna.ch\/fr\/wp-json\/wp\/v2\/product_brand?post=33976"},{"taxonomy":"product_cat","embeddable":true,"href":"https:\/\/www.herbadiberna.ch\/fr\/wp-json\/wp\/v2\/product_cat?post=33976"},{"taxonomy":"product_tag","embeddable":true,"href":"https:\/\/www.herbadiberna.ch\/fr\/wp-json\/wp\/v2\/product_tag?post=33976"}],"curies":[{"name":"wp","href":"https:\/\/api.w.org\/{rel}","templated":true}]}}