{"id":33966,"date":"2024-02-19T10:55:00","date_gmt":"2024-02-19T09:55:00","guid":{"rendered":"https:\/\/www.herbadiberna.ch\/?post_type=product&#038;p=33966"},"modified":"2026-04-30T16:41:22","modified_gmt":"2026-04-30T15:41:22","slug":"livre-canabidiol-un-compendium-contenant-du-cannabis-kopie-kopie-kopie-kopie-kopie-kopie-kopie-kopie-kopie-kopie-kopie-kopie-kopie","status":"publish","type":"product","link":"https:\/\/www.herbadiberna.ch\/fr\/produit\/livre-canabidiol-un-compendium-contenant-du-cannabis-kopie-kopie-kopie-kopie-kopie-kopie-kopie-kopie-kopie-kopie-kopie-kopie-kopie\/","title":{"rendered":"Le traitement au cannabis"},"content":{"rendered":"<p>Ce livre traite des multiples possibilit\u00e9s d&rsquo;utilisation des produits du cannabis, de leur bon usage et de leur dosage, et informe sur les aspects juridiques importants.  <\/p>\n<p>Ce livre offre des informations compl\u00e8tes et pratiques ainsi que des conseils utiles sur l&rsquo;utilisation th\u00e9rapeutique du cannabis et de certains cannabino\u00efdes, sur la base de la situation juridique actuelle.<br \/>\nIl aborde aussi bien les th\u00e8mes m\u00e9dicaux, tels que les domaines d&rsquo;application, le dosage, les effets secondaires, que des aspects plus larges qui peuvent jouer un r\u00f4le dans une th\u00e9rapie avec des produits \u00e0 base de cannabis. Il s&rsquo;agit notamment de la prise en charge par les caisses d&rsquo;assurance maladie, du cannabis et du permis de conduire, de l&rsquo;utilisation optimale par inhalation et par voie orale, de la gestion des \u00e9ventuelles r\u00e9serves des m\u00e9decins, de la culture et du stockage du cannabis.<br \/>\nTous les sujets sont trait\u00e9s par l&rsquo;auteur avec une grande expertise et une attention particuli\u00e8re \u00e0 l&rsquo;essentiel, gr\u00e2ce \u00e0 sa longue exp\u00e9rience pratique et \u00e0 sa connaissance approfondie de la litt\u00e9rature scientifique. Il en r\u00e9sulte un guide compact, indispensable pour tous ceux qui cherchent une introduction pratique \u00e0 cette mati\u00e8re complexe.<\/p>\n","protected":false},"excerpt":{"rendered":"<p>Livres sp\u00e9cialis\u00e9s : Livre de Franjo Grotenhermen<\/p>\n","protected":false},"featured_media":34026,"comment_status":"open","ping_status":"closed","template":"","meta":{"inline_featured_image":false},"product_brand":[],"product_cat":[369,464],"product_tag":[],"class_list":{"0":"post-33966","1":"product","2":"type-product","3":"status-publish","4":"has-post-thumbnail","6":"product_cat-accessoires-cbd","7":"product_cat-litterature","9":"first","10":"instock","11":"taxable","12":"shipping-taxable","13":"purchasable","14":"product-type-simple"},"_links":{"self":[{"href":"https:\/\/www.herbadiberna.ch\/fr\/wp-json\/wp\/v2\/product\/33966","targetHints":{"allow":["GET"]}}],"collection":[{"href":"https:\/\/www.herbadiberna.ch\/fr\/wp-json\/wp\/v2\/product"}],"about":[{"href":"https:\/\/www.herbadiberna.ch\/fr\/wp-json\/wp\/v2\/types\/product"}],"replies":[{"embeddable":true,"href":"https:\/\/www.herbadiberna.ch\/fr\/wp-json\/wp\/v2\/comments?post=33966"}],"wp:featuredmedia":[{"embeddable":true,"href":"https:\/\/www.herbadiberna.ch\/fr\/wp-json\/wp\/v2\/media\/34026"}],"wp:attachment":[{"href":"https:\/\/www.herbadiberna.ch\/fr\/wp-json\/wp\/v2\/media?parent=33966"}],"wp:term":[{"taxonomy":"product_brand","embeddable":true,"href":"https:\/\/www.herbadiberna.ch\/fr\/wp-json\/wp\/v2\/product_brand?post=33966"},{"taxonomy":"product_cat","embeddable":true,"href":"https:\/\/www.herbadiberna.ch\/fr\/wp-json\/wp\/v2\/product_cat?post=33966"},{"taxonomy":"product_tag","embeddable":true,"href":"https:\/\/www.herbadiberna.ch\/fr\/wp-json\/wp\/v2\/product_tag?post=33966"}],"curies":[{"name":"wp","href":"https:\/\/api.w.org\/{rel}","templated":true}]}}