{"id":33933,"date":"2024-02-16T11:31:49","date_gmt":"2024-02-16T10:31:49","guid":{"rendered":"https:\/\/www.herbadiberna.ch\/?post_type=product&#038;p=33933"},"modified":"2026-04-27T14:05:51","modified_gmt":"2026-04-27T13:05:51","slug":"livre-canabidiol-un-compendium-contenant-du-cannabis-kopie-kopie-kopie-kopie-kopie-kopie-kopie-kopie","status":"publish","type":"product","link":"https:\/\/www.herbadiberna.ch\/fr\/produit\/livre-canabidiol-un-compendium-contenant-du-cannabis-kopie-kopie-kopie-kopie-kopie-kopie-kopie-kopie\/","title":{"rendered":"Le cannabis contre le cancer"},"content":{"rendered":"<p>Ce livre offre une vue d&rsquo;ensemble objective et fond\u00e9e de l&rsquo;\u00e9tat actuel de la science sur le potentiel th\u00e9rapeutique des composants du cannabis dans diff\u00e9rents cancers et sur leur utilisation m\u00e9dicale pratique.<\/p>\n<p>Des \u00e9tudes scientifiques ont montr\u00e9 que la plante de chanvre (Cannabis sativa L.) et de nombreux composants du cannabis ont des propri\u00e9t\u00e9s anticanc\u00e9reuses, notamment le THC (t\u00e9trahydrocannabinol) et le CBD (cannabidiol), mais aussi quelques autres cannabino\u00efdes et terp\u00e8nes moins connus. De nombreux patients atteints de cancer recherchent des alternatives et des traitements naturels compl\u00e9mentaires aux proc\u00e9dures m\u00e9dicales standard dans le traitement du cancer et placent leurs espoirs dans le traitement par les produits du cannabis. Cependant, les informations sur le sujet dans les m\u00e9dias sont souvent contradictoires et trompeuses. Ce livre apporte des r\u00e9ponses aux questions suivantes : quels cannabino\u00efdes peuvent \u00eatre utilis\u00e9s, quelles doses doivent \u00eatre utilis\u00e9es, quelles pr\u00e9parations sont utiles, quelles combinaisons avec les th\u00e9rapies standard sont prometteuses et pourquoi diff\u00e9rents types de cancer n\u00e9cessitent une approche diff\u00e9rente.<\/p>\n","protected":false},"excerpt":{"rendered":"<p>Livre sp\u00e9cialis\u00e9, ouvrage de r\u00e9f\u00e9rence : livre de Jack Herer, Mathias Br\u00f6ckers, Institut Katalyse<\/p>\n","protected":false},"featured_media":34038,"comment_status":"open","ping_status":"closed","template":"","meta":{"inline_featured_image":false},"product_brand":[],"product_cat":[369,464],"product_tag":[],"class_list":{"0":"post-33933","1":"product","2":"type-product","3":"status-publish","4":"has-post-thumbnail","6":"product_cat-accessoires-cbd","7":"product_cat-litterature","9":"first","10":"instock","11":"taxable","12":"shipping-taxable","13":"purchasable","14":"product-type-simple"},"_links":{"self":[{"href":"https:\/\/www.herbadiberna.ch\/fr\/wp-json\/wp\/v2\/product\/33933","targetHints":{"allow":["GET"]}}],"collection":[{"href":"https:\/\/www.herbadiberna.ch\/fr\/wp-json\/wp\/v2\/product"}],"about":[{"href":"https:\/\/www.herbadiberna.ch\/fr\/wp-json\/wp\/v2\/types\/product"}],"replies":[{"embeddable":true,"href":"https:\/\/www.herbadiberna.ch\/fr\/wp-json\/wp\/v2\/comments?post=33933"}],"wp:featuredmedia":[{"embeddable":true,"href":"https:\/\/www.herbadiberna.ch\/fr\/wp-json\/wp\/v2\/media\/34038"}],"wp:attachment":[{"href":"https:\/\/www.herbadiberna.ch\/fr\/wp-json\/wp\/v2\/media?parent=33933"}],"wp:term":[{"taxonomy":"product_brand","embeddable":true,"href":"https:\/\/www.herbadiberna.ch\/fr\/wp-json\/wp\/v2\/product_brand?post=33933"},{"taxonomy":"product_cat","embeddable":true,"href":"https:\/\/www.herbadiberna.ch\/fr\/wp-json\/wp\/v2\/product_cat?post=33933"},{"taxonomy":"product_tag","embeddable":true,"href":"https:\/\/www.herbadiberna.ch\/fr\/wp-json\/wp\/v2\/product_tag?post=33933"}],"curies":[{"name":"wp","href":"https:\/\/api.w.org\/{rel}","templated":true}]}}