{"id":33904,"date":"2024-02-15T16:30:39","date_gmt":"2024-02-15T15:30:39","guid":{"rendered":"https:\/\/www.herbadiberna.ch\/?post_type=product&#038;p=33904"},"modified":"2026-04-29T08:44:31","modified_gmt":"2026-04-29T07:44:31","slug":"livre-chanvre-comme-remede","status":"publish","type":"product","link":"https:\/\/www.herbadiberna.ch\/fr\/produit\/livre-chanvre-comme-remede\/","title":{"rendered":"Le chanvre comme rem\u00e8de"},"content":{"rendered":"<p>Ce livre retrace l&rsquo;histoire et l&rsquo;importance du chanvre dans les diff\u00e9rents syst\u00e8mes et doctrines m\u00e9dicales et donne une multitude d&rsquo;applications et de recettes pratiques.<\/p>\n<p>Depuis au moins 6000 ans, le chanvre est utilis\u00e9 culturellement comme fournisseur de fibres, comme aliment et comme stimulant, mais ses multiples qualit\u00e9s m\u00e9dicinales ont \u00e9galement \u00e9t\u00e9 d\u00e9couvertes tr\u00e8s t\u00f4t. Il avait sa place dans la m\u00e9decine pharaonique, assyrienne, antique, islamique et m\u00e9di\u00e9vale. Les m\u00e9decines chinoise et tib\u00e9taine appr\u00e9cient ses propri\u00e9t\u00e9s euphorisantes et antid\u00e9pressives, et l&rsquo;ayurv\u00e9da le vante comme une panac\u00e9e et un aphrodisiaque. Mais nos anc\u00eatres germaniques et celtes utilisaient \u00e9galement cette plante \u00e0 des fins m\u00e9dicinales. Hildegarde de Bingen les utilisait tout comme Samuel Hahnemann, le fondateur de l&rsquo;hom\u00e9opathie.<br \/>\nDans la recherche m\u00e9dicale et pharmacologique moderne, les applications anciennes et ethnobotaniques de la plante de chanvre sont maintenant test\u00e9es et en grande partie confirm\u00e9es. Avec une pr\u00e9face du Dr. med. Franjo Grotenhermen.<\/p>\n","protected":false},"excerpt":{"rendered":"<p>Ethnom\u00e9decine, applications et recettes : Livre de Christian R\u00e4tsch<\/p>\n","protected":false},"featured_media":34058,"comment_status":"open","ping_status":"closed","template":"","meta":{"inline_featured_image":false},"product_brand":[],"product_cat":[369,464],"product_tag":[],"class_list":{"0":"post-33904","1":"product","2":"type-product","3":"status-publish","4":"has-post-thumbnail","6":"product_cat-accessoires-cbd","7":"product_cat-litterature","9":"first","10":"instock","11":"taxable","12":"shipping-taxable","13":"purchasable","14":"product-type-simple"},"_links":{"self":[{"href":"https:\/\/www.herbadiberna.ch\/fr\/wp-json\/wp\/v2\/product\/33904","targetHints":{"allow":["GET"]}}],"collection":[{"href":"https:\/\/www.herbadiberna.ch\/fr\/wp-json\/wp\/v2\/product"}],"about":[{"href":"https:\/\/www.herbadiberna.ch\/fr\/wp-json\/wp\/v2\/types\/product"}],"replies":[{"embeddable":true,"href":"https:\/\/www.herbadiberna.ch\/fr\/wp-json\/wp\/v2\/comments?post=33904"}],"wp:featuredmedia":[{"embeddable":true,"href":"https:\/\/www.herbadiberna.ch\/fr\/wp-json\/wp\/v2\/media\/34058"}],"wp:attachment":[{"href":"https:\/\/www.herbadiberna.ch\/fr\/wp-json\/wp\/v2\/media?parent=33904"}],"wp:term":[{"taxonomy":"product_brand","embeddable":true,"href":"https:\/\/www.herbadiberna.ch\/fr\/wp-json\/wp\/v2\/product_brand?post=33904"},{"taxonomy":"product_cat","embeddable":true,"href":"https:\/\/www.herbadiberna.ch\/fr\/wp-json\/wp\/v2\/product_cat?post=33904"},{"taxonomy":"product_tag","embeddable":true,"href":"https:\/\/www.herbadiberna.ch\/fr\/wp-json\/wp\/v2\/product_tag?post=33904"}],"curies":[{"name":"wp","href":"https:\/\/api.w.org\/{rel}","templated":true}]}}