{"id":33832,"date":"2024-02-15T15:53:12","date_gmt":"2024-02-15T14:53:12","guid":{"rendered":"https:\/\/www.herbadiberna.ch\/?post_type=product&#038;p=33832"},"modified":"2026-04-13T19:39:11","modified_gmt":"2026-04-13T18:39:11","slug":"cubes-de-bain-cbd-eucalyptus-citron","status":"publish","type":"product","link":"https:\/\/www.herbadiberna.ch\/fr\/produit\/cubes-de-bain-cbd-eucalyptus-citron\/","title":{"rendered":"Cubes de bain au CBD"},"content":{"rendered":"<p>La d\u00e9tente \u00e0 l&rsquo;\u00e9tat pur !<br \/>\nIl n&rsquo;y a rien de plus agr\u00e9able que de se d\u00e9fouler apr\u00e8s une longue journ\u00e9e. Avec les cubes de bain au CBD, tu oublies le stress de la vie quotidienne et tu fais du bien \u00e0 ton corps et \u00e0 toi-m\u00eame. Vous vous ressourcerez et retrouverez votre \u00e9quilibre gr\u00e2ce aux effets relaxants du CBD.<br \/>\nDe plus, chaque cube de bain est une bombe de soins naturels et riches pour votre peau et de merveilleux parfums pour vos sens. Tu peux \u00e9viter de soigner ta peau apr\u00e8s le bain gr\u00e2ce \u00e0 la pr\u00e9cieuse huile de coco.<\/p>\n<p>Nature pure, v\u00e9g\u00e9talien et ingr\u00e9dients exclusivement naturels, couleurs issues de fruits et de l\u00e9gumes. Sans tests sur les animaux.<\/p>\n<p>Ingr\u00e9dients<\/p>\n<p>Myrtille : bicarbonate de sodium, acide citrique, amidon de Zea Mays, huile de Cocos Nucifera, kaolin, cannabidiol, extrait de fruit de Pyrus Malus (pomme), extrait de Spirulina Platensis, extrait de Daucus Carota Sativa, extrait de fleur d&rsquo;hibiscus Sabdariffa, parfum, linalool<\/p>\n<p>Mangue &amp; P\u00eache : bicarbonate de sodium, acide citrique, amidon de Zea Mays, huile de Cocos Nucifera, kaolin, cannabidiol, extrait de fruit de Capsicum Frutescens, extrait de Daucus Carota Sativa, parfum, limon\u00e8ne<\/p>\n<p>Eucalyptus &amp; Citron : bicarbonate de sodium, acide citrique, amidon de Zea Mays, huile de Cocos Nucifera, kaolin, cannabidiol, extrait de fruit de Pyrus Malus (pomme), extrait de Spirulina Platensis, concentr\u00e9 de carthame, parfum, limon\u00e8ne<\/p>\n<p>Citronnelle &amp; Citron vert : bicarbonate de sodium, acide citrique, amidon de Zea Mays, huile de Cocos Nucifera, kaolin, cannabidiol, extrait de fruit de Pyrus Malus (pomme), extrait de Spirulina Platensis, extrait de fruit de Citrus Limon, concentr\u00e9 de carthame, parfum, citral, limon\u00e8ne<\/p>\n<p>Lait &amp; Miel : bicarbonate de sodium, acide citrique, amidon de Zea Mays, huile de Cocos Nucifera, kaolin, cannabidiol, parfum.<\/p>\n<p>Lavande : bicarbonate de sodium, acide citrique, amidon de Zea Mays, huile de Cocos Nucifera, kaolin, cannabidiol, extrait de Daucus Carota Sativa, extrait de fleur d&rsquo;Hibiscus Sabdariffa, parfum, limon\u00e8ne, linalool<\/p>\n<p>Pina Colada : bicarbonate de sodium, acide citrique, amidon de Zea Mays, huile de Cocos Nucifera, kaolin, cannabidiol, extrait de fruit de Pyrus Malus (pomme), concentr\u00e9 de carthame, extrait de fruit de Citrus Limon, parfum.<\/p>\n<p>Rose : bicarbonate de sodium, acide citrique, Zea mays s<\/p>\n","protected":false},"excerpt":{"rendered":"<p>Cubes de bain 90g avec 150mg CBD<\/p>\n","protected":false},"featured_media":54679,"comment_status":"open","ping_status":"closed","template":"","meta":{"inline_featured_image":false},"product_brand":[],"product_cat":[480,466],"product_tag":[],"class_list":{"0":"post-33832","1":"product","2":"type-product","3":"status-publish","4":"has-post-thumbnail","6":"product_cat-boules-de-bain","7":"product_cat-produits-de-soins-au-cbd","8":"pif-has-gallery","10":"first","11":"instock","12":"taxable","13":"shipping-taxable","14":"purchasable","15":"product-type-variable","16":"rtwpvs-product"},"_links":{"self":[{"href":"https:\/\/www.herbadiberna.ch\/fr\/wp-json\/wp\/v2\/product\/33832","targetHints":{"allow":["GET"]}}],"collection":[{"href":"https:\/\/www.herbadiberna.ch\/fr\/wp-json\/wp\/v2\/product"}],"about":[{"href":"https:\/\/www.herbadiberna.ch\/fr\/wp-json\/wp\/v2\/types\/product"}],"replies":[{"embeddable":true,"href":"https:\/\/www.herbadiberna.ch\/fr\/wp-json\/wp\/v2\/comments?post=33832"}],"wp:featuredmedia":[{"embeddable":true,"href":"https:\/\/www.herbadiberna.ch\/fr\/wp-json\/wp\/v2\/media\/54679"}],"wp:attachment":[{"href":"https:\/\/www.herbadiberna.ch\/fr\/wp-json\/wp\/v2\/media?parent=33832"}],"wp:term":[{"taxonomy":"product_brand","embeddable":true,"href":"https:\/\/www.herbadiberna.ch\/fr\/wp-json\/wp\/v2\/product_brand?post=33832"},{"taxonomy":"product_cat","embeddable":true,"href":"https:\/\/www.herbadiberna.ch\/fr\/wp-json\/wp\/v2\/product_cat?post=33832"},{"taxonomy":"product_tag","embeddable":true,"href":"https:\/\/www.herbadiberna.ch\/fr\/wp-json\/wp\/v2\/product_tag?post=33832"}],"curies":[{"name":"wp","href":"https:\/\/api.w.org\/{rel}","templated":true}]}}