{"id":33252,"date":"2024-01-22T16:23:26","date_gmt":"2024-01-22T15:23:26","guid":{"rendered":"https:\/\/www.herbadiberna.ch\/?post_type=product&#038;p=33252"},"modified":"2026-04-17T18:07:17","modified_gmt":"2026-04-17T17:07:17","slug":"alcanna-shampoo-travel-kit","status":"publish","type":"product","link":"https:\/\/www.herbadiberna.ch\/fr\/produit\/alcanna-shampoo-travel-kit\/","title":{"rendered":"Alcanna Shampoo Travel Kit"},"content":{"rendered":"<p>Avec le kit de voyage ALCANNA, tes cheveux sont pr\u00eats \u00e0 relever tous les d\u00e9fis. Les shampooings ALCANNA 100% naturels, dans une bo\u00eete de voyage pratique de 60ml. Parfait pour ton prochain petit ou grand voyage.<\/p>\n<p>Shampooing Repair &amp; Vitamin Boost - 60ml<br \/>\nLe shampooing Repair &amp; Vitamin Boost est un booster nutritionnel incomparable. Gr\u00e2ce aux vitamines B, C, E et K, il renforce la structure des cheveux et stimule le m\u00e9tabolisme de la racine. La cinabre a un effet antioxydant suppl\u00e9mentaire. En particulier pour les cheveux secs et ab\u00eem\u00e9s, les diff\u00e9rents min\u00e9raux comme le silicium, le potassium ou encore le calcium, ont un caract\u00e8re revitalisant et r\u00e9parateur. L&rsquo;huile d&rsquo;amande emp\u00eache \u00e9galement une production accrue d&rsquo;huile.<\/p>\n<p>Shampooing Daily Routine - 60ml<br \/>\nLe shampooing Daily Routine, a un effet anti-inflammatoire gr\u00e2ce \u00e0 la grande ortie. Il aide activement \u00e0 lutter contre les pellicules du cuir chevelu. Id\u00e9al pour le lavage quotidien des cheveux, car la note rafra\u00eechissante de menthe, t&rsquo;apporte l\u00e9g\u00e8ret\u00e9 et d\u00e9contraction tout au long de la journ\u00e9e. Gr\u00e2ce \u00e0 la vitamine C, il renforce la structure du cheveu et te redonne une hydratation naturelle.<\/p>\n<p>Shampooing NOURISHING - 60ml<br \/>\nLe shampooing nourrissant \u00e0 l&rsquo;huile de CBD, a des propri\u00e9t\u00e9s r\u00e9g\u00e9n\u00e9ratrices et hydrate les cheveux. Gr\u00e2ce \u00e0 ses ingr\u00e9dients 100% naturels, il est particuli\u00e8rement p\ufb02\u00e9chant et doux, surtout pour les cuirs chevelus irrit\u00e9s. Les particularit\u00e9s de l&rsquo;huile de CBD provoquent une revitalisation suppl\u00e9mentaire. Tu obtiens un volume et une brillance naturels sans alourdir les cheveux.<\/p>\n<p>Savais-tu ?<br \/>\n- Tous les ingr\u00e9dients sont naturels<br \/>\n- La bouteille et la bo\u00eete sont fabriqu\u00e9es \u00e0 partir de mat\u00e9riaux 100% recycl\u00e9s<br \/>\n- Le shampooing a \u00e9t\u00e9 d\u00e9velopp\u00e9 et fabriqu\u00e9 en Suisse.<br \/>\n- V\u00e9g\u00e9talien et non test\u00e9 sur les animaux<\/p>\n","protected":false},"excerpt":{"rendered":"<p>Shampooing Nourishing, Daily Routine et Repair &amp; Vitamin Boost \u00e0 60ml<\/p>\n","protected":false},"featured_media":33268,"comment_status":"open","ping_status":"closed","template":"","meta":{"inline_featured_image":false},"product_brand":[],"product_cat":[466,535],"product_tag":[],"class_list":{"0":"post-33252","1":"product","2":"type-product","3":"status-publish","4":"has-post-thumbnail","6":"product_cat-produits-de-soins-au-cbd","7":"product_cat-shampooing","8":"pif-has-gallery","10":"first","11":"instock","12":"taxable","13":"shipping-taxable","14":"purchasable","15":"product-type-simple"},"_links":{"self":[{"href":"https:\/\/www.herbadiberna.ch\/fr\/wp-json\/wp\/v2\/product\/33252","targetHints":{"allow":["GET"]}}],"collection":[{"href":"https:\/\/www.herbadiberna.ch\/fr\/wp-json\/wp\/v2\/product"}],"about":[{"href":"https:\/\/www.herbadiberna.ch\/fr\/wp-json\/wp\/v2\/types\/product"}],"replies":[{"embeddable":true,"href":"https:\/\/www.herbadiberna.ch\/fr\/wp-json\/wp\/v2\/comments?post=33252"}],"wp:featuredmedia":[{"embeddable":true,"href":"https:\/\/www.herbadiberna.ch\/fr\/wp-json\/wp\/v2\/media\/33268"}],"wp:attachment":[{"href":"https:\/\/www.herbadiberna.ch\/fr\/wp-json\/wp\/v2\/media?parent=33252"}],"wp:term":[{"taxonomy":"product_brand","embeddable":true,"href":"https:\/\/www.herbadiberna.ch\/fr\/wp-json\/wp\/v2\/product_brand?post=33252"},{"taxonomy":"product_cat","embeddable":true,"href":"https:\/\/www.herbadiberna.ch\/fr\/wp-json\/wp\/v2\/product_cat?post=33252"},{"taxonomy":"product_tag","embeddable":true,"href":"https:\/\/www.herbadiberna.ch\/fr\/wp-json\/wp\/v2\/product_tag?post=33252"}],"curies":[{"name":"wp","href":"https:\/\/api.w.org\/{rel}","templated":true}]}}