{"id":32107,"date":"2023-10-27T11:20:32","date_gmt":"2023-10-27T10:20:32","guid":{"rendered":"https:\/\/www.herbadiberna.ch\/?post_type=product&#038;p=32107"},"modified":"2026-04-20T08:41:32","modified_gmt":"2026-04-20T07:41:32","slug":"medusa-papers-3-in-1","status":"publish","type":"product","link":"https:\/\/www.herbadiberna.ch\/fr\/produit\/medusa-papers-3-in-1\/","title":{"rendered":"Medusa Papers 3 en 1"},"content":{"rendered":"<p>Avec les Longpapers 3 in 1, tu es par\u00e9 pour toutes les situations. Les 64 feuilles longues non blanchies offrent une combustion tr\u00e8s fine pour une exp\u00e9rience de fumer incroyable et la surface de grind int\u00e9gr\u00e9e te permet de faire pousser tes herbes partout. En plus, nos papiers offrent une surface de m\u00e9lange, donc rien ne se perd.  <\/p>\n<p>Les papiers King Size Slim sont compos\u00e9s de fibres non blanchies. Vous avez un standard de qualit\u00e9 \u00e9lev\u00e9, facilement reconnaissable \u00e0 votre finesse. Tu peux donc facilement voir \u00e0 travers. Cela permet non seulement d&rsquo;\u00e9conomiser du papier, mais aussi d&rsquo;am\u00e9liorer le go\u00fbt.<\/p>\n","protected":false},"excerpt":{"rendered":"<p>64 pi\u00e8ces, avec surface de grind et de m\u00e9lange<\/p>\n","protected":false},"featured_media":32115,"comment_status":"open","ping_status":"closed","template":"","meta":{"inline_featured_image":false},"product_brand":[],"product_cat":[369,371],"product_tag":[],"class_list":{"0":"post-32107","1":"product","2":"type-product","3":"status-publish","4":"has-post-thumbnail","6":"product_cat-accessoires-cbd","7":"product_cat-papes-filtres-broyeurs","8":"pif-has-gallery","10":"first","11":"instock","12":"taxable","13":"shipping-taxable","14":"purchasable","15":"product-type-variable","16":"rtwpvs-product"},"_links":{"self":[{"href":"https:\/\/www.herbadiberna.ch\/fr\/wp-json\/wp\/v2\/product\/32107","targetHints":{"allow":["GET"]}}],"collection":[{"href":"https:\/\/www.herbadiberna.ch\/fr\/wp-json\/wp\/v2\/product"}],"about":[{"href":"https:\/\/www.herbadiberna.ch\/fr\/wp-json\/wp\/v2\/types\/product"}],"replies":[{"embeddable":true,"href":"https:\/\/www.herbadiberna.ch\/fr\/wp-json\/wp\/v2\/comments?post=32107"}],"wp:featuredmedia":[{"embeddable":true,"href":"https:\/\/www.herbadiberna.ch\/fr\/wp-json\/wp\/v2\/media\/32115"}],"wp:attachment":[{"href":"https:\/\/www.herbadiberna.ch\/fr\/wp-json\/wp\/v2\/media?parent=32107"}],"wp:term":[{"taxonomy":"product_brand","embeddable":true,"href":"https:\/\/www.herbadiberna.ch\/fr\/wp-json\/wp\/v2\/product_brand?post=32107"},{"taxonomy":"product_cat","embeddable":true,"href":"https:\/\/www.herbadiberna.ch\/fr\/wp-json\/wp\/v2\/product_cat?post=32107"},{"taxonomy":"product_tag","embeddable":true,"href":"https:\/\/www.herbadiberna.ch\/fr\/wp-json\/wp\/v2\/product_tag?post=32107"}],"curies":[{"name":"wp","href":"https:\/\/api.w.org\/{rel}","templated":true}]}}