{"id":32095,"date":"2023-10-27T10:07:31","date_gmt":"2023-10-27T09:07:31","guid":{"rendered":"https:\/\/www.herbadiberna.ch\/?post_type=product&#038;p=32095"},"modified":"2026-05-05T20:05:31","modified_gmt":"2026-05-05T19:05:31","slug":"purple-punch-mini-buds-21g","status":"publish","type":"product","link":"https:\/\/www.herbadiberna.ch\/fr\/produit\/purple-punch-mini-buds-21g\/","title":{"rendered":"Purple Punch Mini-Buds"},"content":{"rendered":"<div class=\"flex max-w-full flex-col flex-grow\">\n<div class=\"min-h-8 text-message flex w-full flex-col items-end gap-2 whitespace-normal break-words text-start [.text-message+&amp;]:mt-5\" dir=\"auto\">\n<div class=\"flex w-full flex-col gap-1 empty:hidden first:pt-[3px]\">\n<div class=\"markdown prose w-full break-words dark:prose-invert light\">\n<h2><strong>Acheter Purple Punch Mini-Buds - 12% CBD, fruit\u00e9 &amp; compact<\/strong><\/h2>\n<p>Achetez Purple Punch Mini-Buds et profitez de la qualit\u00e9 suisse avec un ar\u00f4me intense de baies ! D\u00e9couvrez le go\u00fbt intens\u00e9ment fruit\u00e9 de nos <strong>Purple Punch Mini-Buds<\/strong>. Cette vari\u00e9t\u00e9 enthousiasme par son riche ar\u00f4me de baies, sa magnifique coloration violette et sa structure dense et compacte. Gr\u00e2ce \u00e0 la culture indoor durable en Suisse, vous obtenez une pure qualit\u00e9 premium qui vous assure une d\u00e9tente harmonieuse au quotidien.   <\/p>\n<h2><strong>Caract\u00e9ristiques du produit Purple Punch Mini Buds<\/strong><\/h2>\n<ul>\n<li style=\"list-style-type: none;\">\n<ul>\n<li><strong>Profondeur aromatique :<\/strong> un profil terp\u00e9nique complexe allie les baies des bois douces et les fruits de la passion \u00e0 une note terreuse subtile - un plaisir pour les connaisseurs.<\/li>\n<li><strong>Attraction visuelle :<\/strong> les petites fleurs fermes sont travers\u00e9es par des nuances de violet et riches en trichomes scintillants.<\/li>\n<li><strong>D\u00e9tente douce :<\/strong> avec une teneur en CBD de 12%, cette vari\u00e9t\u00e9 est id\u00e9ale pour se d\u00e9tendre apr\u00e8s une longue journ\u00e9e, sans produire d&rsquo;effet d&rsquo;ivresse.<\/li>\n<li><strong>Qualit\u00e9 suisse indoor :<\/strong> nous garantissons une culture contr\u00f4l\u00e9e sans pesticides ni herbicides pour un produit pur et authentique.<\/li>\n<li><strong>Un rapport qualit\u00e9-prix parfait :<\/strong> les mini-boutures vous offrent la m\u00eame qualit\u00e9 sup\u00e9rieure et le m\u00eame ar\u00f4me que les fleurs plus grandes \u00e0 un prix plus attractif.<\/li>\n<\/ul>\n<\/li>\n<\/ul>\n<h2><strong>Pourquoi acheter Purple Punch Mini Buds ?<\/strong><\/h2>\n<p>Si vous souhaitez <strong>acheter des fleurs de CBD fruit\u00e9es<\/strong>, vous trouverez ici votre favori. L&rsquo;exp\u00e9rience gustative de la Purple Punch rappelle un panier de baies fra\u00eechement cueillies, compl\u00e9t\u00e9 par une douceur subtile qui reste longtemps en bouche. L&rsquo;inspiration de la c\u00e9l\u00e8bre g\u00e9n\u00e9tique <em>Purple Punch<\/em> est ind\u00e9niable.  <\/p>\n<h2><strong>T\u00e9moignages de clients de Purple Punch  <\/strong><\/h2>\n<p>Beaucoup de nos clients appr\u00e9cient les <strong>mini-buds Purple Punch<\/strong> pour leur ar\u00f4me exceptionnel et leur effet agr\u00e9ablement relaxant. Leur taille compacte les rend en outre particuli\u00e8rement pratiques \u00e0 utiliser et \u00e0 doser au quotidien. <\/p>\n<h2><strong>Commandez maintenant Purple Punch Mini-Buds &amp; d\u00e9couvrez le CBD Premium !<\/strong><\/h2>\n<p><strong>D\u00e9couvrez la qualit\u00e9 de nos fleurs de CBD Indoor Mini-Buds !<br \/>\n<\/strong>Commandez maintenant &amp; faites l&rsquo;exp\u00e9rience de la pure <strong>CBD premium de Suisse<\/strong> - cultiv\u00e9e de mani\u00e8re durable &amp; raffin\u00e9e avec amour.<\/p>\n<h2><strong>En d\u00e9couvrir davantage : Autres fleurs de CBD<\/strong><\/h2>\n<p>\u27a1\ufe0f D\u00e9couvrez \u00e9galement nos <a href=\"https:\/\/www.herbadiberna.ch\/fr\/accessoires-cbd\/\">accessoires CBD<\/a>.<br \/>\n\u27a1\ufe0f Ou choisissez nos <a href=\"https:\/\/www.herbadiberna.ch\/fr\/produits-de-soins-au-cbd\/\">produits cosm\u00e9tiques au CBD<\/a>.<br \/>\n\u27a1\ufe0f Parcourez l&rsquo;ensemble de notre <a href=\"https:\/\/www.herbadiberna.ch\/fr\/huile-de-cbd\/\">gamme d&rsquo;huiles CBD<\/a>.<\/p>\n<\/div>\n<\/div>\n<\/div>\n<\/div>\n","protected":false},"excerpt":{"rendered":"<p data-path-to-node=\"10\">Acheter Purple Punch Mini-Buds chez Herba di Berna. Ar\u00f4me intense de baies des bois &amp; fruits de la passion. 12% CBD, qualit\u00e9 compacte d&rsquo;int\u00e9rieur &amp; nuances de violet au meilleur prix. Id\u00e9al pour une d\u00e9tente fruit\u00e9e et une utilisation facile.     <strong>Command\u00e9 jusqu&rsquo;\u00e0 15:00, livr\u00e9 demain \u2713 Port pay\u00e9 \u00e0 partir de 80 CHF \u2713<\/strong><\/p>\n","protected":false},"featured_media":78805,"comment_status":"open","ping_status":"closed","template":"","meta":{"inline_featured_image":false},"product_brand":[],"product_cat":[355,357],"product_tag":[],"class_list":{"0":"post-32095","1":"product","2":"type-product","3":"status-publish","4":"has-post-thumbnail","6":"product_cat-fleurs-de-cbd","7":"product_cat-interieur","8":"product_shipping_class-postpac-prioritaire","9":"pa_anbau-indoor-fr","10":"pa_cbd-12-0-fr","11":"pa_thc-0-6-fr","12":"pif-has-gallery","14":"first","15":"instock","16":"taxable","17":"shipping-taxable","18":"purchasable","19":"product-type-variable","20":"rtwpvs-product"},"_links":{"self":[{"href":"https:\/\/www.herbadiberna.ch\/fr\/wp-json\/wp\/v2\/product\/32095","targetHints":{"allow":["GET"]}}],"collection":[{"href":"https:\/\/www.herbadiberna.ch\/fr\/wp-json\/wp\/v2\/product"}],"about":[{"href":"https:\/\/www.herbadiberna.ch\/fr\/wp-json\/wp\/v2\/types\/product"}],"replies":[{"embeddable":true,"href":"https:\/\/www.herbadiberna.ch\/fr\/wp-json\/wp\/v2\/comments?post=32095"}],"wp:featuredmedia":[{"embeddable":true,"href":"https:\/\/www.herbadiberna.ch\/fr\/wp-json\/wp\/v2\/media\/78805"}],"wp:attachment":[{"href":"https:\/\/www.herbadiberna.ch\/fr\/wp-json\/wp\/v2\/media?parent=32095"}],"wp:term":[{"taxonomy":"product_brand","embeddable":true,"href":"https:\/\/www.herbadiberna.ch\/fr\/wp-json\/wp\/v2\/product_brand?post=32095"},{"taxonomy":"product_cat","embeddable":true,"href":"https:\/\/www.herbadiberna.ch\/fr\/wp-json\/wp\/v2\/product_cat?post=32095"},{"taxonomy":"product_tag","embeddable":true,"href":"https:\/\/www.herbadiberna.ch\/fr\/wp-json\/wp\/v2\/product_tag?post=32095"}],"curies":[{"name":"wp","href":"https:\/\/api.w.org\/{rel}","templated":true}]}}