{"id":32046,"date":"2023-10-27T08:33:40","date_gmt":"2023-10-27T07:33:40","guid":{"rendered":"https:\/\/www.herbadiberna.ch\/?post_type=product&#038;p=32046"},"modified":"2026-04-30T07:36:48","modified_gmt":"2026-04-30T06:36:48","slug":"muffin-aux-myrtilles-a-lexterieur-45g-kopie","status":"publish","type":"product","link":"https:\/\/www.herbadiberna.ch\/fr\/produit\/muffin-aux-myrtilles-a-lexterieur-45g-kopie\/","title":{"rendered":"Past\u00e8que Ext\u00e9rieur 40g"},"content":{"rendered":"<div class=\"markdown prose w-full break-words dark:prose-invert light\">\n<h2><strong>Acheter Watermelon Outdoor - Fleurs de CBD fruit\u00e9es du Tessin<\/strong><\/h2>\n<p>Achetez Watermelon Outdoor et profitez d&rsquo;une v\u00e9ritable \u00e9nergie solaire !<br \/>\nNos fleurs de Watermelon Outdoor CBD sont la nouvelle \u00e9toile au firmament du CBD. En effet, cette vari\u00e9t\u00e9 provient \u00e0 l&rsquo;origine de Royal Queen Seeds et a \u00e9t\u00e9 produite avec beaucoup d&rsquo;amour par notre entreprise partenaire<a href=\"https:\/\/www.stecklings-farm.ch\/\">\u00ab\u00a0Stecklingsfarm<\/a>\u00ab\u00a0.<br \/>\nDe plus, les plantes ont pouss\u00e9 dans le Tessin ensoleill\u00e9, juste \u00e0 la fronti\u00e8re italienne. C&rsquo;est pourquoi elles ont pu profiter d&rsquo;un ensoleillement particuli\u00e8rement important durant l&rsquo;\u00e9t\u00e9 2023. Le r\u00e9sultat est une qualit\u00e9 d&rsquo;ext\u00e9rieur robuste au charme naturel.   <\/p>\n<h2><strong>Caract\u00e9ristiques du produit Watermelon Outdoor<\/strong><\/h2>\n<ul>\n<li style=\"list-style-type: none;\">\n<ul>\n<li><strong>Profil terp\u00e9nique doux :<\/strong> le parfum \u00e9voque imm\u00e9diatement le melon frais et les agrumes.<\/li>\n<li><strong>Go\u00fbt \u00e2pre :<\/strong> mais en fumant, ce sont plut\u00f4t des notes classiques et \u00e2pres qui se d\u00e9veloppent.<\/li>\n<li><strong>Origine tessinoise :<\/strong> culture durable avec de nombreuses heures d&rsquo;ensoleillement dans le sud de la Suisse.<\/li>\n<li><strong>Teneur solide en CBD :<\/strong> pr\u00e8s de 14 % de CBD pour une sensation corporelle agr\u00e9able.<\/li>\n<li><strong>Aspect naturel :<\/strong> les fleurs sont typiquement un peu plus l\u00e2ches en ext\u00e9rieur, tout en restant r\u00e9sineuses.<\/li>\n<li><strong>Un rapport qualit\u00e9-prix exceptionnel :<\/strong> un prix imbattable pour seulement 1 franc par gramme.<\/li>\n<\/ul>\n<\/li>\n<\/ul>\n<h2><strong>Pourquoi Past\u00e8que Outdoor ?<\/strong><\/h2>\n<p>Si vous souhaitez <strong>acheter des fleurs de CBD d&rsquo;ext\u00e9rieur<\/strong> \u00e0 bas prix, vous ferez le bon choix avec cette vari\u00e9t\u00e9.<br \/>\nWatermelon Outdoor offre en effet un contraste saisissant.<br \/>\nAu nez, il est merveilleusement doux et fruit\u00e9. Mais en bouche, elle r\u00e9v\u00e8le son v\u00e9ritable caract\u00e8re d&rsquo;ext\u00e9rieur avec des nuances \u00e2pres.<br \/>\nDe plus, son prix est un v\u00e9ritable argument. Parce que nous pouvons proposer cette qualit\u00e9 \u00e0 un prix si bas, elle est id\u00e9ale pour une consommation quotidienne.<br \/>\nAinsi, vous obtenez une qualit\u00e9 suisse honn\u00eate qui m\u00e9nage votre porte-monnaie.  <\/p>\n<h2><strong>Culture et qualit\u00e9<\/strong><\/h2>\n<p>La structure des fleurs a pouss\u00e9 naturellement. Bien qu&rsquo;elles ne soient pas aussi compactes que les fleurs d&rsquo;int\u00e9rieur, elles s\u00e9duisent par leur densit\u00e9 et leur garniture de r\u00e9sine.<br \/>\nLa culture est enti\u00e8rement exempte de pesticides et d&rsquo;herbicides. Nous vous garantissons ainsi un produit purement naturel.<br \/>\nComme il s&rsquo;agit d&rsquo;une r\u00e9colte saisonni\u00e8re, la disponibilit\u00e9 est limit\u00e9e. Alors profitez-en jusqu&rsquo;\u00e0 \u00e9puisement des stocks.   <\/p>\n<h2><strong>Commandez Past\u00e8que Outdoor maintenant &amp; \u00e9conomisez !<\/strong><\/h2>\n<p><strong>Assurez-vous d\u00e8s maintenant votre part de soleil tessinois !<\/strong><br \/>\nCommandez d\u00e8s aujourd&rsquo;hui et d\u00e9couvrez l&rsquo;ar\u00f4me de <strong>Watermelon Outdoor<\/strong>. Que ce soit pour la fin de la journ\u00e9e ou entre deux, cette fleur convient toujours. <\/p>\n<h2><strong>En d\u00e9couvrir davantage : Autres fleurs de CBD d&rsquo;ext\u00e9rieur<\/strong><\/h2>\n<p>\u27a1\ufe0f D\u00e9couvrez aussi nos<a href=\"https:\/\/www.herbadiberna.ch\/fr\/huile-de-cbd\/\"> huiles CBD<\/a><br \/>\n\u27a1\ufe0f Ou regardez les <a href=\"https:\/\/www.herbadiberna.ch\/fr\/produkt\/purple-punch-mini-buds-21g\/\">Purple Punch Mini-Buds<\/a> - petits mais puissants.<br \/>\n<a href=\"https:\/\/www.herbadiberna.ch\/fr\/fleurs-de-cbd\/\">\u27a1\ufe0f D\u00e9couvrir plus de nos fleurs<\/a><\/p>\n<\/div>\n","protected":false},"excerpt":{"rendered":"<p><strong data-start=\"320\" data-end=\"360\">Achetez des fleurs de CBD Watermelon Outdoor<\/strong> et profitez de l&rsquo;ar\u00f4me fruit\u00e9 et rafra\u00eechissant des fleurs suisses m\u00fbries au soleil ! Cette vari\u00e9t\u00e9 enthousiasme par son profil terp\u00e9nique doux et citronn\u00e9, sa structure de fleur naturelle et pr\u00e8s de 14% de CBD. Cultiv\u00e9e de mani\u00e8re durable au Tessin, elle convainc par sa qualit\u00e9 sup\u00e9rieure et son juste rapport qualit\u00e9-prix - id\u00e9ale pour tous ceux qui aiment le vrai CBD d&rsquo;ext\u00e9rieur.  <\/p>\n","protected":false},"featured_media":52551,"comment_status":"open","ping_status":"closed","template":"","meta":{"inline_featured_image":false},"product_brand":[],"product_cat":[423,355],"product_tag":[],"class_list":{"0":"post-32046","1":"product","2":"type-product","3":"status-publish","4":"has-post-thumbnail","6":"product_cat-en-plein-air","7":"product_cat-fleurs-de-cbd","8":"product_shipping_class-postpac-prioritaire","9":"pa_anbau-outdoor-fr","10":"pa_cbd-13-fr","11":"pa_cbg-2-fr","12":"pa_inhalt-netto-45g-fr","13":"pa_thc-0-8-fr","14":"pif-has-gallery","16":"first","17":"instock","18":"taxable","19":"shipping-taxable","20":"purchasable","21":"product-type-simple"},"_links":{"self":[{"href":"https:\/\/www.herbadiberna.ch\/fr\/wp-json\/wp\/v2\/product\/32046","targetHints":{"allow":["GET"]}}],"collection":[{"href":"https:\/\/www.herbadiberna.ch\/fr\/wp-json\/wp\/v2\/product"}],"about":[{"href":"https:\/\/www.herbadiberna.ch\/fr\/wp-json\/wp\/v2\/types\/product"}],"replies":[{"embeddable":true,"href":"https:\/\/www.herbadiberna.ch\/fr\/wp-json\/wp\/v2\/comments?post=32046"}],"wp:featuredmedia":[{"embeddable":true,"href":"https:\/\/www.herbadiberna.ch\/fr\/wp-json\/wp\/v2\/media\/52551"}],"wp:attachment":[{"href":"https:\/\/www.herbadiberna.ch\/fr\/wp-json\/wp\/v2\/media?parent=32046"}],"wp:term":[{"taxonomy":"product_brand","embeddable":true,"href":"https:\/\/www.herbadiberna.ch\/fr\/wp-json\/wp\/v2\/product_brand?post=32046"},{"taxonomy":"product_cat","embeddable":true,"href":"https:\/\/www.herbadiberna.ch\/fr\/wp-json\/wp\/v2\/product_cat?post=32046"},{"taxonomy":"product_tag","embeddable":true,"href":"https:\/\/www.herbadiberna.ch\/fr\/wp-json\/wp\/v2\/product_tag?post=32046"}],"curies":[{"name":"wp","href":"https:\/\/api.w.org\/{rel}","templated":true}]}}