{"id":31783,"date":"2023-10-06T13:10:37","date_gmt":"2023-10-06T12:10:37","guid":{"rendered":"https:\/\/www.herbadiberna.ch\/8000kicks-grand-sac-a-dos\/"},"modified":"2026-04-16T00:22:35","modified_gmt":"2026-04-15T23:22:35","slug":"8000kicks-sac-a-dos-grand","status":"publish","type":"product","link":"https:\/\/www.herbadiberna.ch\/fr\/produit\/8000kicks-sac-a-dos-grand\/","title":{"rendered":"8000Kicks Sac \u00e0 dos en chanvre Everyday"},"content":{"rendered":"<h2><strong>Acheter un sac \u00e0 dos en chanvre 8000Kicks - Durable et r\u00e9sistant aux intemp\u00e9ries<\/strong><\/h2>\n<p>Vous recherchez un <strong>sac \u00e0 dos<\/strong> fiable qui a l&rsquo;air simple au quotidien, mais qui devient un miracle d&rsquo;espace lorsque vous en avez besoin ? Le <strong>sac \u00e0 dos en chanvre de 8000Kicks<\/strong>, fabriqu\u00e9 \u00e0 partir de fibres de chanvre de haute qualit\u00e9, est exactement ce qu&rsquo;il vous faut. Il a une finition de qualit\u00e9, est durable et fait parfaitement le travail.  <\/p>\n<p>Que vous l&rsquo;utilisiez comme un <strong>sac \u00e0 dos professionnel<\/strong> pour le bureau ou comme un <strong>compagnon de voyage<\/strong> pratique pour vos d\u00e9placements, ce mod\u00e8le se distingue par son souci du d\u00e9tail et son extr\u00eame durabilit\u00e9. Ce sera peut-\u00eatre le dernier sac \u00e0 dos que vous ach\u00e8terez. <\/p>\n<h2><strong>Technique : volume flexible &amp; port USB<\/strong><\/h2>\n<p>Malgr\u00e9 son poids plume de 1,05 kg, ce <strong>sac \u00e0 dos en chanvre<\/strong> est tr\u00e8s puissant. Le mat\u00e9riau est r\u00e9sistant aux intemp\u00e9ries et sans PFC, pour que votre contenu reste toujours sec. La particularit\u00e9 de ce mod\u00e8le est sa structure intelligente :  <\/p>\n<ul>\n<li><strong>Extensibilit\u00e9 :<\/strong> la capacit\u00e9 peut \u00eatre augment\u00e9e de 18 litres \u00e0 30 litres.<\/li>\n<li><strong>Compartiment pour ordinateur portable :<\/strong> un compartiment rembourr\u00e9 permet d&rsquo;accueillir en toute s\u00e9curit\u00e9 un ordinateur portable de 15 pouces.<\/li>\n<li><strong>Fonction de charge :<\/strong> la prise USB int\u00e9gr\u00e9e vous permet de charger vos appareils lorsque vous \u00eates en d\u00e9placement (aucune batterie n&rsquo;est fournie).<\/li>\n<\/ul>\n<h2><strong>Caract\u00e9ristiques du produit : Votre nouveau sac \u00e0 dos en chanvre<\/strong><\/h2>\n<ul>\n<li><strong>Mat\u00e9riau :<\/strong> 100% v\u00e9g\u00e9talien et fabriqu\u00e9 \u00e0 partir de fibres de chanvre r\u00e9sistantes.<\/li>\n<li><strong>R\u00e9sistant aux intemp\u00e9ries :<\/strong> prot\u00e8ge de mani\u00e8re fiable contre la pluie et les influences environnementales.<\/li>\n<li><strong>Confort :<\/strong> poids plume de seulement 1,05 kg pour un maximum de plaisir de transport.<\/li>\n<li><strong>Test sur place :<\/strong> les produits peuvent \u00eatre vus dans le magasin sp\u00e9cialis\u00e9 en CBD et produits \u00e0 base de chanvre \u00e0 Berne.<\/li>\n<\/ul>\n<h2><strong>Pourquoi acheter ce sac \u00e0 dos en chanvre ?<\/strong><\/h2>\n<p>Acheter un <strong>sac \u00e0 dos 8000Kicks<\/strong>, c&rsquo;est vouloir une fonctionnalit\u00e9 sans compromis. Ce <strong>sac \u00e0 dos durable<\/strong> vous offre un excellent rapport qualit\u00e9\/prix gr\u00e2ce \u00e0 son extr\u00eame durabilit\u00e9. C&rsquo;est un outil fid\u00e8le pour les banlieusards et les voyageurs, qui ne vous laissera pas tomber.  <\/p>\n<h2><strong>Commandez maintenant le sac \u00e0 dos en chanvre 8000Kicks !<\/strong><\/h2>\n<p>\u00cates-vous pr\u00eat pour la mise \u00e0 niveau ? Procurez-vous d\u00e8s maintenant le mod\u00e8le polyvalent et r\u00e9sistant aux intemp\u00e9ries de 8000Kicks et optez pour des fibres de chanvre durables.<\/p>\n<h2><strong>FAQ - Foire aux questions<\/strong><\/h2>\n<h3><strong>Pourquoi le chanvre est-il le mat\u00e9riau id\u00e9al pour les sacs \u00e0 dos ?<\/strong><\/h3>\n<p>Le chanvre est l&rsquo;une des fibres naturelles les plus solides au monde, ce qui rend le sac \u00e0 dos particuli\u00e8rement r\u00e9sistant \u00e0 la d\u00e9chirure et durable. De plus, la culture du chanvre est tr\u00e8s respectueuse de l&rsquo;environnement, car elle n\u00e9cessite peu d&rsquo;eau et n&rsquo;a pas besoin de pesticides. <\/p>\n<h3><strong>Comment fonctionne le volume extensible ?<\/strong><\/h3>\n<p>Gr\u00e2ce \u00e0 un syst\u00e8me sp\u00e9cial, le sac \u00e0 dos de 18 litres peut \u00eatre port\u00e9 \u00e0 plat au quotidien. Pour de courtes vacances, il est facile de l&rsquo;\u00e9tendre jusqu&rsquo;\u00e0 30 litres, ce qui vous permet de ranger facilement des v\u00eatements pour plusieurs jours. <\/p>\n<h3><strong>Le sac \u00e0 dos est-il vraiment enti\u00e8rement v\u00e9g\u00e9talien ?<\/strong><\/h3>\n<p>Oui, 8000Kicks accorde une grande importance \u00e0 la durabilit\u00e9, c&rsquo;est pourquoi l&rsquo;ensemble du sac \u00e0 dos est produit de mani\u00e8re 100% v\u00e9g\u00e9talienne. Aucune colle ou mat\u00e9riau d&rsquo;origine animale n&rsquo;est utilis\u00e9, ce qui en fait le choix parfait pour un style de vie conscient. <\/p>\n<h2><strong>Des compl\u00e9ments parfaits pour votre configuration<\/strong><\/h2>\n<p>\u27a1\ufe0f  <a href=\"https:\/\/www.herbadiberna.ch\/cbd-blueten-kaufen-schweiz\/\">Fleurs de CBD<\/a> (pour la relaxation apr\u00e8s le voyage)<br \/>\n\u27a1\ufe0f  <a href=\"https:\/\/www.herbadiberna.ch\/fr\/huile-de-cbd\/\">Huile de CBD<\/a> (votre compagnon de tous les jours dans votre sac \u00e0 dos)<br \/>\n\u27a1\ufe0f  <a href=\"https:\/\/www.herbadiberna.ch\/fr\/trim-fr\/\">Acheter CBD Trim<\/a> (Pour rester simple)<\/p>\n","protected":false},"excerpt":{"rendered":"<p><strong>Le sac \u00e0 dos en chanvre de 8000Kicks<\/strong> est le compagnon id\u00e9al pour tout ce qui arrive. Fabriqu\u00e9 \u00e0 partir de fibres de chanvre robustes, ce sac \u00e0 dos r\u00e9sistant aux intemp\u00e9ries convainc par son volume flexible de 18 \u00e0 30 litres. Choisissez la qualit\u00e9 durable pour votre vie quotidienne ou pour de courtes vacances spontan\u00e9es.   Command\u00e9 aujourd&rsquo;hui jusqu&rsquo;\u00e0 15h, livr\u00e9 demain \u2713 Port pay\u00e9 \u00e0 partir de 80 CHF \u2713<\/p>\n","protected":false},"featured_media":31823,"comment_status":"open","ping_status":"closed","template":"","meta":{"inline_featured_image":false},"product_brand":[],"product_cat":[583],"product_tag":[],"class_list":{"0":"post-31783","1":"product","2":"type-product","3":"status-publish","4":"has-post-thumbnail","6":"product_cat-lestextiles","7":"pif-has-gallery","9":"first","10":"instock","11":"taxable","12":"shipping-taxable","13":"purchasable","14":"product-type-variable","15":"rtwpvs-product"},"_links":{"self":[{"href":"https:\/\/www.herbadiberna.ch\/fr\/wp-json\/wp\/v2\/product\/31783","targetHints":{"allow":["GET"]}}],"collection":[{"href":"https:\/\/www.herbadiberna.ch\/fr\/wp-json\/wp\/v2\/product"}],"about":[{"href":"https:\/\/www.herbadiberna.ch\/fr\/wp-json\/wp\/v2\/types\/product"}],"replies":[{"embeddable":true,"href":"https:\/\/www.herbadiberna.ch\/fr\/wp-json\/wp\/v2\/comments?post=31783"}],"wp:featuredmedia":[{"embeddable":true,"href":"https:\/\/www.herbadiberna.ch\/fr\/wp-json\/wp\/v2\/media\/31823"}],"wp:attachment":[{"href":"https:\/\/www.herbadiberna.ch\/fr\/wp-json\/wp\/v2\/media?parent=31783"}],"wp:term":[{"taxonomy":"product_brand","embeddable":true,"href":"https:\/\/www.herbadiberna.ch\/fr\/wp-json\/wp\/v2\/product_brand?post=31783"},{"taxonomy":"product_cat","embeddable":true,"href":"https:\/\/www.herbadiberna.ch\/fr\/wp-json\/wp\/v2\/product_cat?post=31783"},{"taxonomy":"product_tag","embeddable":true,"href":"https:\/\/www.herbadiberna.ch\/fr\/wp-json\/wp\/v2\/product_tag?post=31783"}],"curies":[{"name":"wp","href":"https:\/\/api.w.org\/{rel}","templated":true}]}}