{"id":30822,"date":"2023-09-11T12:40:06","date_gmt":"2023-09-11T11:40:06","guid":{"rendered":"https:\/\/www.herbadiberna.ch\/?post_type=product&#038;p=30822"},"modified":"2026-04-27T14:01:44","modified_gmt":"2026-04-27T13:01:44","slug":"livre-canabidiol-un-compendium-cannabique","status":"publish","type":"product","link":"https:\/\/www.herbadiberna.ch\/fr\/produit\/livre-canabidiol-un-compendium-cannabique\/","title":{"rendered":"Cannabidiol, CBD un compendium contenant du cannabis"},"content":{"rendered":"<p>Ce livre fait le point sur le potentiel th\u00e9rapeutique du cannabidiol (CBD) et son utilisation en th\u00e9orie et en pratique. <\/p>\n<p>Le Dr Franjo Grotenhermen d\u00e9crit les principaux faits concernant le cannabidiol et ses domaines d&rsquo;application, les r\u00e9sultats de la recherche, les modes d&rsquo;action et les interactions avec d&rsquo;autres m\u00e9dicaments, ainsi qu&rsquo;un bref aper\u00e7u des principaux cannabino\u00efdes et terp\u00e8nes. Outre l&rsquo;introduction aux connaissances de base sur le cannabis, le livre contient 35 recettes de p\u00e2tisserie et de cuisine v\u00e9g\u00e9taliennes, 6 recettes liquides pour la cuisine sucr\u00e9e et sal\u00e9e ainsi que des recettes pour 2 d\u00e9licieux desserts et 3 sauces dessert. Des recettes de bien-\u00eatre pour la pr\u00e9paration de 4 extraits et teintures ainsi que de 3 cr\u00e8mes pour la peau et suppositoires compl\u00e8tent l&rsquo;\u00e9ventail.<\/p>\n","protected":false},"excerpt":{"rendered":"<p>Utilisation, effets et recettes : Livre de Franjo Grotenhermen, Kathrin Gebhardt et Markus Berger<\/p>\n","protected":false},"featured_media":30813,"comment_status":"open","ping_status":"closed","template":"","meta":{"inline_featured_image":false},"product_brand":[],"product_cat":[369,464],"product_tag":[],"class_list":{"0":"post-30822","1":"product","2":"type-product","3":"status-publish","4":"has-post-thumbnail","6":"product_cat-accessoires-cbd","7":"product_cat-litterature","9":"first","10":"instock","11":"taxable","12":"shipping-taxable","13":"purchasable","14":"product-type-simple"},"_links":{"self":[{"href":"https:\/\/www.herbadiberna.ch\/fr\/wp-json\/wp\/v2\/product\/30822","targetHints":{"allow":["GET"]}}],"collection":[{"href":"https:\/\/www.herbadiberna.ch\/fr\/wp-json\/wp\/v2\/product"}],"about":[{"href":"https:\/\/www.herbadiberna.ch\/fr\/wp-json\/wp\/v2\/types\/product"}],"replies":[{"embeddable":true,"href":"https:\/\/www.herbadiberna.ch\/fr\/wp-json\/wp\/v2\/comments?post=30822"}],"wp:featuredmedia":[{"embeddable":true,"href":"https:\/\/www.herbadiberna.ch\/fr\/wp-json\/wp\/v2\/media\/30813"}],"wp:attachment":[{"href":"https:\/\/www.herbadiberna.ch\/fr\/wp-json\/wp\/v2\/media?parent=30822"}],"wp:term":[{"taxonomy":"product_brand","embeddable":true,"href":"https:\/\/www.herbadiberna.ch\/fr\/wp-json\/wp\/v2\/product_brand?post=30822"},{"taxonomy":"product_cat","embeddable":true,"href":"https:\/\/www.herbadiberna.ch\/fr\/wp-json\/wp\/v2\/product_cat?post=30822"},{"taxonomy":"product_tag","embeddable":true,"href":"https:\/\/www.herbadiberna.ch\/fr\/wp-json\/wp\/v2\/product_tag?post=30822"}],"curies":[{"name":"wp","href":"https:\/\/api.w.org\/{rel}","templated":true}]}}