{"id":30721,"date":"2023-09-08T14:09:48","date_gmt":"2023-09-08T13:09:48","guid":{"rendered":"https:\/\/www.herbadiberna.ch\/?post_type=product&#038;p=30721"},"modified":"2026-04-29T00:28:19","modified_gmt":"2026-04-28T23:28:19","slug":"jilter-1000-eco-box","status":"publish","type":"product","link":"https:\/\/www.herbadiberna.ch\/fr\/produit\/jilter-1000-eco-box\/","title":{"rendered":"Jilter 1000 Eco Box"},"content":{"rendered":"<p>Le paquet de filtres \u00e0 cigarettes Jilter \u00ab\u00a0Famille\u00a0\u00bb. Le sachet est 100% compostable apr\u00e8s avoir retir\u00e9 l&rsquo;anse de fermeture. Ceci est obtenu gr\u00e2ce \u00e0 l&rsquo;utilisation d&rsquo;un plastique sp\u00e9cial.<\/p>\n","protected":false},"excerpt":{"rendered":"<p>Additif pour filtre auto-rotatif, 1000 pi\u00e8ces<\/p>\n","protected":false},"featured_media":30708,"comment_status":"open","ping_status":"closed","template":"","meta":{"inline_featured_image":false},"product_brand":[],"product_cat":[369,371],"product_tag":[],"class_list":{"0":"post-30721","1":"product","2":"type-product","3":"status-publish","4":"has-post-thumbnail","6":"product_cat-accessoires-cbd","7":"product_cat-papes-filtres-broyeurs","9":"first","10":"instock","11":"taxable","12":"shipping-taxable","13":"purchasable","14":"product-type-simple"},"_links":{"self":[{"href":"https:\/\/www.herbadiberna.ch\/fr\/wp-json\/wp\/v2\/product\/30721","targetHints":{"allow":["GET"]}}],"collection":[{"href":"https:\/\/www.herbadiberna.ch\/fr\/wp-json\/wp\/v2\/product"}],"about":[{"href":"https:\/\/www.herbadiberna.ch\/fr\/wp-json\/wp\/v2\/types\/product"}],"replies":[{"embeddable":true,"href":"https:\/\/www.herbadiberna.ch\/fr\/wp-json\/wp\/v2\/comments?post=30721"}],"wp:featuredmedia":[{"embeddable":true,"href":"https:\/\/www.herbadiberna.ch\/fr\/wp-json\/wp\/v2\/media\/30708"}],"wp:attachment":[{"href":"https:\/\/www.herbadiberna.ch\/fr\/wp-json\/wp\/v2\/media?parent=30721"}],"wp:term":[{"taxonomy":"product_brand","embeddable":true,"href":"https:\/\/www.herbadiberna.ch\/fr\/wp-json\/wp\/v2\/product_brand?post=30721"},{"taxonomy":"product_cat","embeddable":true,"href":"https:\/\/www.herbadiberna.ch\/fr\/wp-json\/wp\/v2\/product_cat?post=30721"},{"taxonomy":"product_tag","embeddable":true,"href":"https:\/\/www.herbadiberna.ch\/fr\/wp-json\/wp\/v2\/product_tag?post=30721"}],"curies":[{"name":"wp","href":"https:\/\/api.w.org\/{rel}","templated":true}]}}