{"id":30676,"date":"2023-09-08T13:29:47","date_gmt":"2023-09-08T12:29:47","guid":{"rendered":"https:\/\/www.herbadiberna.ch\/?post_type=product&#038;p=30676"},"modified":"2026-04-30T02:21:53","modified_gmt":"2026-04-30T01:21:53","slug":"boite-a-clics-jilter","status":"publish","type":"product","link":"https:\/\/www.herbadiberna.ch\/fr\/produit\/boite-a-clics-jilter\/","title":{"rendered":"Bo\u00eete Jilter Eco Klick"},"content":{"rendered":"<p>Le filtre Jilter est id\u00e9al pour les fumeurs qui ne veulent pas de tabac dans la bouche et pour r\u00e9duire les substances nocives.  <\/p>\n","protected":false},"excerpt":{"rendered":"<p>Additif pour filtre auto-rotatif, 42 pi\u00e8ces<\/p>\n","protected":false},"featured_media":30684,"comment_status":"open","ping_status":"closed","template":"","meta":{"inline_featured_image":false},"product_brand":[],"product_cat":[369,371],"product_tag":[],"class_list":{"0":"post-30676","1":"product","2":"type-product","3":"status-publish","4":"has-post-thumbnail","6":"product_cat-accessoires-cbd","7":"product_cat-papes-filtres-broyeurs","8":"pif-has-gallery","10":"first","11":"instock","12":"taxable","13":"shipping-taxable","14":"purchasable","15":"product-type-variable","16":"rtwpvs-product"},"_links":{"self":[{"href":"https:\/\/www.herbadiberna.ch\/fr\/wp-json\/wp\/v2\/product\/30676","targetHints":{"allow":["GET"]}}],"collection":[{"href":"https:\/\/www.herbadiberna.ch\/fr\/wp-json\/wp\/v2\/product"}],"about":[{"href":"https:\/\/www.herbadiberna.ch\/fr\/wp-json\/wp\/v2\/types\/product"}],"replies":[{"embeddable":true,"href":"https:\/\/www.herbadiberna.ch\/fr\/wp-json\/wp\/v2\/comments?post=30676"}],"wp:featuredmedia":[{"embeddable":true,"href":"https:\/\/www.herbadiberna.ch\/fr\/wp-json\/wp\/v2\/media\/30684"}],"wp:attachment":[{"href":"https:\/\/www.herbadiberna.ch\/fr\/wp-json\/wp\/v2\/media?parent=30676"}],"wp:term":[{"taxonomy":"product_brand","embeddable":true,"href":"https:\/\/www.herbadiberna.ch\/fr\/wp-json\/wp\/v2\/product_brand?post=30676"},{"taxonomy":"product_cat","embeddable":true,"href":"https:\/\/www.herbadiberna.ch\/fr\/wp-json\/wp\/v2\/product_cat?post=30676"},{"taxonomy":"product_tag","embeddable":true,"href":"https:\/\/www.herbadiberna.ch\/fr\/wp-json\/wp\/v2\/product_tag?post=30676"}],"curies":[{"name":"wp","href":"https:\/\/api.w.org\/{rel}","templated":true}]}}