{"id":30477,"date":"2023-09-05T14:21:29","date_gmt":"2023-09-05T13:21:29","guid":{"rendered":"https:\/\/www.herbadiberna.ch\/?post_type=product&#038;p=30477"},"modified":"2026-04-18T00:16:21","modified_gmt":"2026-04-17T23:16:21","slug":"gizeh-slim-filtres-6mm","status":"publish","type":"product","link":"https:\/\/www.herbadiberna.ch\/fr\/produit\/gizeh-slim-filtres-6mm\/","title":{"rendered":"Gizeh Slim Filters 6mm"},"content":{"rendered":"<p>Les filtres Slim de Gizeh sont des filtres \u00e0 visser d&rsquo;un diam\u00e8tre de 6 mm. Les filtres ont une surface adh\u00e9sive marqu\u00e9e avec un colorant alimentaire pour faciliter la rotation. Le sachet est muni d&rsquo;une fermeture \u00e0 glissi\u00e8re refermable. Les filtres peuvent \u00e9galement \u00eatre retir\u00e9s individuellement gr\u00e2ce au trou de distribution pratique.  <\/p>\n","protected":false},"excerpt":{"rendered":"<p>120 tips par sachet, diam\u00e8tre : 6 mm, longueur : 15 mm<\/p>\n","protected":false},"featured_media":30485,"comment_status":"open","ping_status":"closed","template":"","meta":{"inline_featured_image":false},"product_brand":[],"product_cat":[369,371],"product_tag":[],"class_list":{"0":"post-30477","1":"product","2":"type-product","3":"status-publish","4":"has-post-thumbnail","6":"product_cat-accessoires-cbd","7":"product_cat-papes-filtres-broyeurs","8":"pa_marke-gizeh-fr","9":"pif-has-gallery","11":"first","12":"instock","13":"taxable","14":"shipping-taxable","15":"purchasable","16":"product-type-variable","17":"rtwpvs-product"},"_links":{"self":[{"href":"https:\/\/www.herbadiberna.ch\/fr\/wp-json\/wp\/v2\/product\/30477","targetHints":{"allow":["GET"]}}],"collection":[{"href":"https:\/\/www.herbadiberna.ch\/fr\/wp-json\/wp\/v2\/product"}],"about":[{"href":"https:\/\/www.herbadiberna.ch\/fr\/wp-json\/wp\/v2\/types\/product"}],"replies":[{"embeddable":true,"href":"https:\/\/www.herbadiberna.ch\/fr\/wp-json\/wp\/v2\/comments?post=30477"}],"wp:featuredmedia":[{"embeddable":true,"href":"https:\/\/www.herbadiberna.ch\/fr\/wp-json\/wp\/v2\/media\/30485"}],"wp:attachment":[{"href":"https:\/\/www.herbadiberna.ch\/fr\/wp-json\/wp\/v2\/media?parent=30477"}],"wp:term":[{"taxonomy":"product_brand","embeddable":true,"href":"https:\/\/www.herbadiberna.ch\/fr\/wp-json\/wp\/v2\/product_brand?post=30477"},{"taxonomy":"product_cat","embeddable":true,"href":"https:\/\/www.herbadiberna.ch\/fr\/wp-json\/wp\/v2\/product_cat?post=30477"},{"taxonomy":"product_tag","embeddable":true,"href":"https:\/\/www.herbadiberna.ch\/fr\/wp-json\/wp\/v2\/product_tag?post=30477"}],"curies":[{"name":"wp","href":"https:\/\/api.w.org\/{rel}","templated":true}]}}