{"id":30108,"date":"2023-09-01T13:22:55","date_gmt":"2023-09-01T12:22:55","guid":{"rendered":"https:\/\/www.herbadiberna.ch\/?post_type=product&#038;p=30108"},"modified":"2026-05-02T02:29:41","modified_gmt":"2026-05-02T01:29:41","slug":"raw-rolling-papers","status":"publish","type":"product","link":"https:\/\/www.herbadiberna.ch\/fr\/produit\/raw-rolling-papers\/","title":{"rendered":"RAW Organic Hemp King Size Slim"},"content":{"rendered":"<p>Les papiers \u00e0 rouler RAW sont tr\u00e8s fins et compos\u00e9s de fibres naturelles non blanchies, ce qui leur donne leur couleur brune. Les Organic Hemp Papes sont encore plus fins et se caract\u00e9risent par une combustion plus lente.  <\/p>\n","protected":false},"excerpt":{"rendered":"<p>Naturel et non blanchi<\/p>\n","protected":false},"featured_media":30132,"comment_status":"open","ping_status":"closed","template":"","meta":{"inline_featured_image":false},"product_brand":[],"product_cat":[369,371],"product_tag":[],"class_list":{"0":"post-30108","1":"product","2":"type-product","3":"status-publish","4":"has-post-thumbnail","6":"product_cat-accessoires-cbd","7":"product_cat-papes-filtres-broyeurs","9":"first","10":"instock","11":"taxable","12":"shipping-taxable","13":"purchasable","14":"product-type-variable","15":"rtwpvs-product"},"_links":{"self":[{"href":"https:\/\/www.herbadiberna.ch\/fr\/wp-json\/wp\/v2\/product\/30108","targetHints":{"allow":["GET"]}}],"collection":[{"href":"https:\/\/www.herbadiberna.ch\/fr\/wp-json\/wp\/v2\/product"}],"about":[{"href":"https:\/\/www.herbadiberna.ch\/fr\/wp-json\/wp\/v2\/types\/product"}],"replies":[{"embeddable":true,"href":"https:\/\/www.herbadiberna.ch\/fr\/wp-json\/wp\/v2\/comments?post=30108"}],"wp:featuredmedia":[{"embeddable":true,"href":"https:\/\/www.herbadiberna.ch\/fr\/wp-json\/wp\/v2\/media\/30132"}],"wp:attachment":[{"href":"https:\/\/www.herbadiberna.ch\/fr\/wp-json\/wp\/v2\/media?parent=30108"}],"wp:term":[{"taxonomy":"product_brand","embeddable":true,"href":"https:\/\/www.herbadiberna.ch\/fr\/wp-json\/wp\/v2\/product_brand?post=30108"},{"taxonomy":"product_cat","embeddable":true,"href":"https:\/\/www.herbadiberna.ch\/fr\/wp-json\/wp\/v2\/product_cat?post=30108"},{"taxonomy":"product_tag","embeddable":true,"href":"https:\/\/www.herbadiberna.ch\/fr\/wp-json\/wp\/v2\/product_tag?post=30108"}],"curies":[{"name":"wp","href":"https:\/\/api.w.org\/{rel}","templated":true}]}}