{"id":28971,"date":"2023-07-21T12:31:59","date_gmt":"2023-07-21T11:31:59","guid":{"rendered":"https:\/\/www.herbadiberna.ch\/?post_type=product&#038;p=28971"},"modified":"2026-04-15T12:45:15","modified_gmt":"2026-04-15T11:45:15","slug":"arizer-air-max","status":"publish","type":"product","link":"https:\/\/www.herbadiberna.ch\/fr\/produit\/arizer-air-max\/","title":{"rendered":"Arizer Air Max"},"content":{"rendered":"<div class=\"flex max-w-full flex-col flex-grow\">\n<div class=\"min-h-8 text-message flex w-full flex-col items-end gap-2 whitespace-normal break-words text-start [.text-message+&amp;]:mt-5\" dir=\"auto\">\n<div class=\"flex w-full flex-col gap-1 empty:hidden first:pt-[3px]\">\n<div class=\"markdown prose w-full break-words dark:prose-invert light\">\n<h2><strong>Acheter Arizer Air MAX - Vaporisateur Premium Dry Herb du Canada<\/strong><\/h2>\n<p>Acheter Arizer Air MAX chez Herba di Berna - le <strong>nouveau vaporisateur haut de gamme<\/strong> pour les herbes, con\u00e7u avec l&rsquo;accent sur le go\u00fbt, la performance et le confort.<br \/>\nGr\u00e2ce \u00e0 la <strong>technologie<\/strong> avanc\u00e9e de <strong>chauffage c\u00e9ramique<\/strong>, \u00e0 la <strong>batterie lithium-ion 26650<\/strong> et <strong>\u00e0 la fonction de charge USB-C<\/strong>, Air MAX offre une efficacit\u00e9 et une durabilit\u00e9 maximales.<br \/>\nAvec son <strong>syst\u00e8me<\/strong> unique <strong>Glass Pod<\/strong> et son contr\u00f4le pr\u00e9cis de la temp\u00e9rature, il est id\u00e9al pour ceux qui appr\u00e9cient la vapeur pure et la facilit\u00e9 d&rsquo;utilisation.<\/p>\n<h2><strong>Caract\u00e9ristiques du vaporisateur Arizer Air MAX<\/strong><\/h2>\n<ul>\n<li><strong data-start=\"425\" data-end=\"447\">Remarque importante :<\/strong> veuillez utiliser l&rsquo;appareil uniquement avec des chargeurs qui fournissent <strong data-start=\"507\" data-end=\"523\">un courant de charge<\/strong> maximal <strong data-start=\"507\" data-end=\"523\">de 1A<\/strong>. Les chargeurs rapides avec un courant plus \u00e9lev\u00e9 peuvent <strong data-start=\"580\" data-end=\"616\">endommager<\/strong> la <strong data-start=\"580\" data-end=\"616\">batterie \u00e0 long terme<\/strong> et raccourcir la dur\u00e9e de vie du vaporisateur. <\/li>\n<li><strong>MAX Control :<\/strong> param\u00e8tres de session personnalis\u00e9s &amp; \u00e9cran OLED avec mode normal &amp; mode sombre.<\/li>\n<li><strong>MAX Power :<\/strong> batterie 26650 interchangeable avec jusqu&rsquo;\u00e0 135 minutes d&rsquo;autonomie - \u00ab\u00a0Use while charging\u00a0\u00bb possible.<\/li>\n<li><strong>MAX Performance :<\/strong> temps de chauffe inf\u00e9rieur \u00e0 60 secondes, contr\u00f4le pr\u00e9cis de la temp\u00e9rature (50-220 \u00b0C, par incr\u00e9ments de 1 \u00b0C).<\/li>\n<li><strong>Mode sombre :<\/strong> \u00e9cran tamis\u00e9 pour une utilisation discr\u00e8te &amp; un vapotage sans danger pour les yeux.<\/li>\n<li><strong>Syst\u00e8me Glass-Pod :<\/strong> un go\u00fbt tr\u00e8s pur gr\u00e2ce aux tubes d&rsquo;ar\u00f4me en verre borosilicat\u00e9.<\/li>\n<li><strong>Adaptateur de verre givr\u00e9 :<\/strong> Compatible avec les connexions en verre de 14 mm - id\u00e9al pour les bubblers &amp; diffuseurs.<\/li>\n<li><strong>Rotation automatique de l&rsquo;\u00e9cran :<\/strong> l&rsquo;\u00e9cran s&rsquo;aligne automatiquement lorsque l&rsquo;appareil est tourn\u00e9.<\/li>\n<li><strong>Qualit\u00e9 des mat\u00e9riaux :<\/strong> composants de haute qualit\u00e9, durables &amp; faciles \u00e0 nettoyer.<\/li>\n<\/ul>\n<h2><strong>Pourquoi acheter le Arizer Air MAX ?<\/strong><\/h2>\n<p>Le <strong>Arizer Air MAX<\/strong> est l&rsquo;\u00e9volution logique du populaire Air 2 - avec une batterie plus puissante, une mont\u00e9e en temp\u00e9rature plus rapide et une utilisation intuitive.<br \/>\nLe <strong>syst\u00e8me Glass-Pod<\/strong> garantit un go\u00fbt inalt\u00e9r\u00e9, tandis que le <strong>mode sombre<\/strong> permet un vapotage discret.<br \/>\nUn appareil haut de gamme pour les connaisseurs qui recherchent la meilleure qualit\u00e9, la flexibilit\u00e9 et un design \u00e9l\u00e9gant.<\/p>\n<h2><strong>D\u00e9tails techniques<\/strong><\/h2>\n<ul>\n<li>Technologie de chauffage : Convection avec noyau c\u00e9ramique<\/li>\n<li>Plage de temp\u00e9rature : 50-220 \u00b0C (r\u00e9glable par incr\u00e9ments de 1 \u00b0C)<\/li>\n<li>Temps de chauffe : &lt; 60 secondes<\/li>\n<li>Batterie : 26650 lithium-ion, interchangeable<\/li>\n<li>Dur\u00e9e de fonctionnement : jusqu&rsquo;\u00e0 135 minutes<\/li>\n<li>Port de charge : USB-C<\/li>\n<li>Fonction : \u00ab\u00a0Use while charging\u00a0\u00bb (utiliser pendant la charge)<\/li>\n<li>\u00c9cran : OLED avec mode normal &amp; mode sombre<\/li>\n<li>Mat\u00e9riaux : verre borosilicat\u00e9, acier inoxydable, c\u00e9ramique<\/li>\n<\/ul>\n<h2><strong>Contenu du Arizer Air MAX<\/strong><\/h2>\n<ul>\n<li>1\u00d7 vaporisateur Arizer Air MAX<\/li>\n<li>1\u00d7 pile 26650<\/li>\n<li>1\u00d7 chargeur USB-C<\/li>\n<li>1\u00d7 tube d&rsquo;ar\u00f4me Air\/Solo en verre (70 mm)<\/li>\n<li>1\u00d7 Air\/Solo Tube en verre givr\u00e9 (14 mm)<\/li>\n<li>1\u00d7 diffuseur d&rsquo;ar\u00f4mes en verre Air\/Solo<\/li>\n<li>2\u00d7 Air\/Solo Stem Caps<\/li>\n<li>3\u00d7 Air\/Solo Tubes de voyage en PVC<\/li>\n<li>4\u00d7 \u00e9crans filtrants Air\/Solo Steel<\/li>\n<li>1\u00d7 outil Stirring en acier inoxydable<\/li>\n<li>1\u00d7 \u00c9chantillon de botaniques aromatiques<\/li>\n<li>1\u00d7 manuel d&rsquo;utilisation<\/li>\n<\/ul>\n<h2><strong>Commandez Arizer Air MAX maintenant et profitez de la vapeur pure !<\/strong><\/h2>\n<p><strong>Faites l&rsquo;exp\u00e9rience de la pr\u00e9cision canadienne &amp; du go\u00fbt pur.<\/strong><br \/>\nCommandez maintenant le <strong>Arizer Air MAX<\/strong> chez Herba di Berna - Vaporisateur premium pour herbes s\u00e8ches avec syst\u00e8me en verre, batterie longue dur\u00e9e &amp; technologie de pointe.<\/p>\n<h2><strong>D\u00e9couvrir plus dans le monde du CBD de Herba di Berna<\/strong><\/h2>\n<p>\u27a1\ufe0f Vous trouverez d&rsquo;autres appareils sur <a href=\"https:\/\/www.herbadiberna.ch\/fr\/vaporisateurs\/\">Acheter des vapes en Suisse.<\/a><br \/>\n\u27a1\ufe0f Accessoires correspondants dans la cat\u00e9gorie <a href=\"https:\/\/www.herbadiberna.ch\/fr\/accessoires-cbd\/\">Accessoires CBD<\/a>.<br \/>\n\u27a1\ufe0f D\u00e9couvrez <a href=\"https:\/\/www.herbadiberna.ch\/fr\/fleurs-de-cbd\/\">les fleurs de CBD<\/a> pour une exp\u00e9rience de vapotage parfaite.<\/p>\n<\/div>\n<\/div>\n<\/div>\n<\/div>\n","protected":false},"excerpt":{"rendered":"<p data-start=\"783\" data-end=\"937\">Acheter Arizer Air MAX chez Herba di Berna. Vaporisateur Dry Herb de haute qualit\u00e9 avec chauffage c\u00e9ramique, batterie 26650, USB-C &amp; tubes d&rsquo;ar\u00f4me en verre pour un go\u00fbt pur.   <strong>Livraison rapide en 1-3 jours \u2713 Port pay\u00e9 \u00e0 partir de 80 CHF \u2713<\/strong><\/p>\n","protected":false},"featured_media":28975,"comment_status":"open","ping_status":"closed","template":"","meta":{"inline_featured_image":false},"product_brand":[],"product_cat":[383],"product_tag":[],"class_list":{"0":"post-28971","1":"product","2":"type-product","3":"status-publish","4":"has-post-thumbnail","6":"product_cat-vaporisateurs","7":"pif-has-gallery","9":"first","10":"instock","11":"taxable","12":"shipping-taxable","13":"purchasable","14":"product-type-simple"},"_links":{"self":[{"href":"https:\/\/www.herbadiberna.ch\/fr\/wp-json\/wp\/v2\/product\/28971","targetHints":{"allow":["GET"]}}],"collection":[{"href":"https:\/\/www.herbadiberna.ch\/fr\/wp-json\/wp\/v2\/product"}],"about":[{"href":"https:\/\/www.herbadiberna.ch\/fr\/wp-json\/wp\/v2\/types\/product"}],"replies":[{"embeddable":true,"href":"https:\/\/www.herbadiberna.ch\/fr\/wp-json\/wp\/v2\/comments?post=28971"}],"wp:featuredmedia":[{"embeddable":true,"href":"https:\/\/www.herbadiberna.ch\/fr\/wp-json\/wp\/v2\/media\/28975"}],"wp:attachment":[{"href":"https:\/\/www.herbadiberna.ch\/fr\/wp-json\/wp\/v2\/media?parent=28971"}],"wp:term":[{"taxonomy":"product_brand","embeddable":true,"href":"https:\/\/www.herbadiberna.ch\/fr\/wp-json\/wp\/v2\/product_brand?post=28971"},{"taxonomy":"product_cat","embeddable":true,"href":"https:\/\/www.herbadiberna.ch\/fr\/wp-json\/wp\/v2\/product_cat?post=28971"},{"taxonomy":"product_tag","embeddable":true,"href":"https:\/\/www.herbadiberna.ch\/fr\/wp-json\/wp\/v2\/product_tag?post=28971"}],"curies":[{"name":"wp","href":"https:\/\/api.w.org\/{rel}","templated":true}]}}