{"id":28864,"date":"2023-07-18T11:45:15","date_gmt":"2023-07-18T10:45:15","guid":{"rendered":"https:\/\/www.herbadiberna.ch\/?post_type=product&#038;p=28864"},"modified":"2026-05-11T04:25:47","modified_gmt":"2026-05-11T03:25:47","slug":"wiz-hybrid-vaporizer-blue","status":"publish","type":"product","link":"https:\/\/www.herbadiberna.ch\/fr\/produit\/wiz-hybrid-vaporizer-blue\/","title":{"rendered":"Vaporisateur MyGeeko Wiz Hybrid"},"content":{"rendered":"<div class=\"flex max-w-full flex-col flex-grow\">\n<div class=\"min-h-8 text-message flex w-full flex-col items-end gap-2 whitespace-normal break-words text-start [.text-message+&amp;]:mt-5\" dir=\"auto\">\n<div class=\"flex w-full flex-col gap-1 empty:hidden first:pt-[3px]\">\n<div class=\"markdown prose w-full break-words dark:prose-invert light\">\n<h2><strong>Acheter un vaporisateur hybride Wiz - pour les herbes et les liquides<\/strong><\/h2>\n<p>Acheter un vaporisateur Wiz Hybrid chez Herba di Berna - le <strong>vaporisateur<\/strong> polyvalent <strong>2 en 1<\/strong> pour les herbes s\u00e8ches et les e-liquides.<br \/>\nGr\u00e2ce \u00e0 sa <strong>technologie hybride<\/strong> innovante, le Wiz combine \u00e0 la fois <strong>la conduction<\/strong> (chauffage direct) et <strong>la convection<\/strong> (vaporisation d&rsquo;air chaud) - pour un maximum de saveur et une vapeur dense.<br \/>\nUn appareil id\u00e9al pour ceux qui recherchent la flexibilit\u00e9 et la qualit\u00e9 de la vapeur dans un vaporisateur compact.<\/p>\n<h2><strong>Caract\u00e9ristiques du vaporisateur hybride Wiz<\/strong><\/h2>\n<ul>\n<li><strong data-start=\"425\" data-end=\"447\">Remarque importante :<\/strong> veuillez utiliser l&rsquo;appareil uniquement avec des chargeurs qui fournissent <strong data-start=\"507\" data-end=\"523\">un courant de charge<\/strong> maximal <strong data-start=\"507\" data-end=\"523\">de 1A<\/strong>. Les chargeurs rapides \u00e0 courant plus \u00e9lev\u00e9 peuvent <strong data-start=\"580\" data-end=\"616\">endommager<\/strong> la <strong data-start=\"580\" data-end=\"616\">batterie \u00e0 long terme<\/strong> et raccourcir la dur\u00e9e de vie du vaporisateur.<\/li>\n<li><strong>Hybrid Chip :<\/strong> combinaison de conduction &amp; convection - utilisable individuellement ou en combinaison, au choix.<\/li>\n<li><strong>Fonction 2 en 1 :<\/strong> vaporise \u00e0 la fois les herbes et les liquides.<\/li>\n<li><strong>Vapeur dense :<\/strong> la technologie de chauffage optimis\u00e9e garantit un ar\u00f4me intense et un chauffage homog\u00e8ne.<\/li>\n<li><strong>Simplicit\u00e9 d&rsquo;utilisation :<\/strong> commandes intuitives et passage rapide d&rsquo;un mode \u00e0 l&rsquo;autre.<\/li>\n<li><strong>Conception robuste :<\/strong> mat\u00e9riaux de haute qualit\u00e9 et fabrication pr\u00e9cise pour une longue dur\u00e9e de vie.<\/li>\n<li><strong>Nombreux accessoires :<\/strong> r\u00e9servoir, bobines, embout buccal, kit de joints &amp; outil de nettoyage inclus.<\/li>\n<li><strong>Fonction de charge USB :<\/strong> Chargement facile via USB - id\u00e9al pour les d\u00e9placements.<\/li>\n<\/ul>\n<h2><strong>Pourquoi acheter le vaporisateur hybride Wiz ?<\/strong><\/h2>\n<p>Le <strong>vaporisateur hybride Wiz<\/strong> est id\u00e9al pour les utilisateurs qui veulent profiter \u00e0 la fois des herbes et des liquides.<br \/>\nLe chauffage hybride innovant permet de combiner le meilleur des deux mondes : un go\u00fbt intense, des nuages de vapeur denses et un contr\u00f4le pr\u00e9cis de la temp\u00e9rature.<br \/>\nSa conception flexible et ses nombreux accessoires en font un appareil polyvalent et performant dans le segment des vaporisateurs.<\/p>\n<h2><strong>Contenu du vaporisateur hybride Wiz<\/strong><\/h2>\n<ul>\n<li>1\u00d7 vaporisateur hybride Wiz<\/li>\n<li>1\u00d7 bobine &amp; r\u00e9servoir<\/li>\n<li>1\u00d7 embout buccal &amp; drip tip<\/li>\n<li>1\u00d7 tube de pollen<\/li>\n<li>1\u00d7 jeu de joints d&rsquo;\u00e9tanch\u00e9it\u00e9 avec tamis<\/li>\n<li>1\u00d7 kit d&rsquo;outils et de nettoyage (pincette, pincette, brosse)<\/li>\n<li>1\u00d7 Broyeur<\/li>\n<li>1\u00d7 c\u00e2ble de charge USB<\/li>\n<li>1\u00d7 mode d&#8217;emploi<\/li>\n<li><em>Piles non incluses<\/em><\/li>\n<\/ul>\n<h2><strong>Commandez maintenant le vaporisateur hybride Wiz et profitez de toute la vapeur !<\/strong><\/h2>\n<p><strong>Faites l&rsquo;exp\u00e9rience d&rsquo;un maximum de flexibilit\u00e9 &amp; de vari\u00e9t\u00e9 de vapeur.<\/strong><br \/>\nCommandez maintenant le <strong>vaporisateur hybride Wiz<\/strong> chez Herba di Berna - pour des herbes, des liquides &amp; des nuages denses de la plus haute qualit\u00e9.<\/p>\n<h2><strong>D\u00e9couvrir plus dans le monde du CBD de Herba di Berna<\/strong><\/h2>\n<p>\u27a1\ufe0f Vous trouverez des accessoires adapt\u00e9s dans notre cat\u00e9gorie <a href=\"https:\/\/www.herbadiberna.ch\/fr\/accessoires-cbd\/\">Accessoires CBD<\/a>.<br \/>\n\u27a1\ufe0f En savoir plus sur les <a href=\"https:\/\/www.herbadiberna.ch\/fr\/vaporisateurs\/\">vaporisateurs et les vapes<\/a> pour votre exp\u00e9rience de vapotage.<br \/>\n\u27a1\ufe0f D\u00e9couvrez <a href=\"https:\/\/www.herbadiberna.ch\/cbd-blueten\/\">les fleurs de CBD<\/a> pour un compl\u00e9ment parfait \u00e0 votre vape.<\/p>\n<\/div>\n<\/div>\n<\/div>\n<\/div>\n","protected":false},"excerpt":{"rendered":"<p data-start=\"813\" data-end=\"973\">Acheter un vaporisateur hybride Wiz chez Herba di Berna. Vape 2 en 1 pour herbes &amp; liquides avec puce hybride, conduction &amp; convection pour une vapeur dense et savoureuse.Livraison rapide en 1-3 jours \u2713 Port pay\u00e9 \u00e0 partir de 79 CHF \u2713 <\/p>\n","protected":false},"featured_media":70331,"comment_status":"open","ping_status":"closed","template":"","meta":{"inline_featured_image":false},"product_brand":[],"product_cat":[383],"product_tag":[],"class_list":{"0":"post-28864","1":"product","2":"type-product","3":"status-publish","4":"has-post-thumbnail","6":"product_cat-vaporisateurs","7":"pif-has-gallery","9":"first","10":"instock","11":"taxable","12":"shipping-taxable","13":"purchasable","14":"product-type-simple"},"_links":{"self":[{"href":"https:\/\/www.herbadiberna.ch\/fr\/wp-json\/wp\/v2\/product\/28864","targetHints":{"allow":["GET"]}}],"collection":[{"href":"https:\/\/www.herbadiberna.ch\/fr\/wp-json\/wp\/v2\/product"}],"about":[{"href":"https:\/\/www.herbadiberna.ch\/fr\/wp-json\/wp\/v2\/types\/product"}],"replies":[{"embeddable":true,"href":"https:\/\/www.herbadiberna.ch\/fr\/wp-json\/wp\/v2\/comments?post=28864"}],"wp:featuredmedia":[{"embeddable":true,"href":"https:\/\/www.herbadiberna.ch\/fr\/wp-json\/wp\/v2\/media\/70331"}],"wp:attachment":[{"href":"https:\/\/www.herbadiberna.ch\/fr\/wp-json\/wp\/v2\/media?parent=28864"}],"wp:term":[{"taxonomy":"product_brand","embeddable":true,"href":"https:\/\/www.herbadiberna.ch\/fr\/wp-json\/wp\/v2\/product_brand?post=28864"},{"taxonomy":"product_cat","embeddable":true,"href":"https:\/\/www.herbadiberna.ch\/fr\/wp-json\/wp\/v2\/product_cat?post=28864"},{"taxonomy":"product_tag","embeddable":true,"href":"https:\/\/www.herbadiberna.ch\/fr\/wp-json\/wp\/v2\/product_tag?post=28864"}],"curies":[{"name":"wp","href":"https:\/\/api.w.org\/{rel}","templated":true}]}}