{"id":28686,"date":"2023-07-14T13:37:05","date_gmt":"2023-07-14T12:37:05","guid":{"rendered":"https:\/\/www.herbadiberna.ch\/?post_type=product&#038;p=28686"},"modified":"2026-04-28T01:49:10","modified_gmt":"2026-04-28T00:49:10","slug":"storz-bickel-mighty","status":"publish","type":"product","link":"https:\/\/www.herbadiberna.ch\/fr\/produit\/storz-bickel-mighty\/","title":{"rendered":"Storz &amp; Bickel Mighty+"},"content":{"rendered":"<div class=\"flex max-w-full flex-col flex-grow\">\n<div class=\"min-h-8 text-message flex w-full flex-col items-end gap-2 whitespace-normal break-words text-start [.text-message+&amp;]:mt-5\" dir=\"auto\">\n<div class=\"flex w-full flex-col gap-1 empty:hidden first:pt-[3px]\">\n<div class=\"markdown prose w-full break-words dark:prose-invert light\">\n<h2><strong>Acheter Storz &amp; Bickel Mighty Plus - La nouvelle g\u00e9n\u00e9ration de vaporisateurs<\/strong><\/h2>\n<p><strong>Achetez Storz &amp; Bickel Mighty Plus et profitez de la v\u00e9ritable exp\u00e9rience de vaporisation !<\/strong><br \/>\nLe <strong>Mighty Plus<\/strong> de <strong>Storz &amp; Bickel<\/strong> fait passer la vaporisation \u00e0 un niveau sup\u00e9rieur.<br \/>\nAvec sa charge rapide USB-C, sa chambre de remplissage \u00e0 rev\u00eatement c\u00e9ramique et son temps de chauffe ultra-rapide d&rsquo;environ 60 secondes, le Mighty Plus est l&rsquo;un des vaporisateurs les plus puissants de sa cat\u00e9gorie.<\/p>\n<h2><strong>Caract\u00e9ristiques du produit Mighty Plus<\/strong><\/h2>\n<ul>\n<li><strong data-start=\"425\" data-end=\"447\">Remarque importante :<\/strong> veuillez utiliser l&rsquo;appareil uniquement avec des chargeurs qui fournissent <strong data-start=\"507\" data-end=\"523\">un courant de charge<\/strong> maximal <strong data-start=\"507\" data-end=\"523\">de 1A<\/strong>. Les chargeurs rapides \u00e0 courant plus \u00e9lev\u00e9 peuvent <strong data-start=\"580\" data-end=\"616\">endommager<\/strong> la <strong data-start=\"580\" data-end=\"616\">batterie \u00e0 long terme<\/strong> et raccourcir la dur\u00e9e de vie du vaporisateur.<\/li>\n<li><strong>Fonction Supercharge :<\/strong> chargez 80% de la batterie en seulement 40 minutes.<\/li>\n<li><strong>Temps de chauffe rapide :<\/strong> pr\u00eat \u00e0 l&#8217;emploi apr\u00e8s environ 60 secondes.<\/li>\n<li><strong>Chambre de remplissage \u00e0 rev\u00eatement c\u00e9ramique :<\/strong> pour un go\u00fbt particuli\u00e8rement pur et une grande r\u00e9sistance.<\/li>\n<li><strong>Bo\u00eetier optimis\u00e9 :<\/strong> stabilit\u00e9 am\u00e9lior\u00e9e pour une utilisation mobile.<\/li>\n<li><strong>Temp\u00e9rature superbooster :<\/strong> une seule touche pour une puissance maximale.<\/li>\n<li><strong>Garantie \u00e9tendue :<\/strong> 2 ans + 1 an suppl\u00e9mentaire lors de l&rsquo;enregistrement.<\/li>\n<\/ul>\n<h2><strong>Pourquoi acheter Storz &amp; Bickel Mighty Plus ?<\/strong><\/h2>\n<p>Si vous \u00eates \u00e0 la recherche de l&rsquo;un des meilleurs vaporisateurs portables, le <strong>Mighty Plus<\/strong> est votre premier choix.<br \/>\nAvec sa batterie puissante, sa technologie Supercharge innovante et sa finition haut de gamme, il offre une qualit\u00e9 sans compromis et des performances fiables - parfait pour les utilisateurs* exigeants.<\/p>\n<h2><strong>T\u00e9moignages de clients sur le Mighty Plus<\/strong><\/h2>\n<p>De nombreux utilisateurs* font \u00e9tat d&rsquo;une nette am\u00e9lioration par rapport au mod\u00e8le pr\u00e9c\u00e9dent : chauffage plus rapide, plus grande autonomie de la batterie et exp\u00e9rience gustative encore plus intense.<br \/>\nLa facilit\u00e9 d&rsquo;utilisation est particuli\u00e8rement appr\u00e9ci\u00e9e, ainsi que la construction robuste pour une utilisation quotidienne en d\u00e9placement ou \u00e0 la maison.<\/p>\n<h2><strong>Achetez Storz &amp; Bickel maintenant &amp; d\u00e9couvrez la diff\u00e9rence !<\/strong><\/h2>\n<p><strong>Profitez de la vaporisation mobile \u00e0 la perfection - avec le Mighty Plus de Storz &amp; Bickel !<\/strong><br \/>\nCommandez d\u00e8s maintenant et tenez l&rsquo;avenir de la vape entre vos mains - rapide, puissant et fiable !<\/p>\n<h2><strong>En savoir plus : Accessoires &amp; Alternatives<\/strong><\/h2>\n<p>\u27a1\ufe0f D\u00e9couvrez d\u00e8s maintenant les <a href=\"https:\/\/www.herbadiberna.ch\/vaporisatoren\/\">accessoires de vaporisateurs<\/a> adapt\u00e9s !<br \/>\n\u27a1\ufe0f Alternative : <a href=\"https:\/\/www.herbadiberna.ch\/it\/produkt\/sb-artigianale\/\">vaporisateur Crafty+<\/a> - compact et puissant.<a href=\"https:\/\/www.herbadiberna.ch\/fr\/accessoires-cbd\/\"><br \/>\n\u27a1\ufe0fEn savoir plus<\/a><\/p>\n<\/div>\n<\/div>\n<\/div>\n<\/div>\n","protected":false},"excerpt":{"rendered":"<p>Acheter Mighty Plus Suisse - Obtenez le vaporisateur mobile le plus puissant de Storz &amp; Bickel ! Avec charge rapide USB-C, chambre \u00e0 rev\u00eatement c\u00e9ramique et temps de chauffe rapide en seulement 60 secondes pour une exp\u00e9rience de vaporisation incomparable en d\u00e9placement et \u00e0 la maison.Livraison rapide en 1-3 jours \u2713 Port pay\u00e9 \u00e0 partir de 79 CHF \u2713 <\/p>\n","protected":false},"featured_media":28690,"comment_status":"open","ping_status":"closed","template":"","meta":{"inline_featured_image":false},"product_brand":[],"product_cat":[383],"product_tag":[],"class_list":{"0":"post-28686","1":"product","2":"type-product","3":"status-publish","4":"has-post-thumbnail","6":"product_cat-vaporisateurs","7":"pa_marke-storz-bickel-fr","8":"pif-has-gallery","10":"first","11":"instock","12":"taxable","13":"shipping-taxable","14":"purchasable","15":"product-type-simple"},"_links":{"self":[{"href":"https:\/\/www.herbadiberna.ch\/fr\/wp-json\/wp\/v2\/product\/28686","targetHints":{"allow":["GET"]}}],"collection":[{"href":"https:\/\/www.herbadiberna.ch\/fr\/wp-json\/wp\/v2\/product"}],"about":[{"href":"https:\/\/www.herbadiberna.ch\/fr\/wp-json\/wp\/v2\/types\/product"}],"replies":[{"embeddable":true,"href":"https:\/\/www.herbadiberna.ch\/fr\/wp-json\/wp\/v2\/comments?post=28686"}],"wp:featuredmedia":[{"embeddable":true,"href":"https:\/\/www.herbadiberna.ch\/fr\/wp-json\/wp\/v2\/media\/28690"}],"wp:attachment":[{"href":"https:\/\/www.herbadiberna.ch\/fr\/wp-json\/wp\/v2\/media?parent=28686"}],"wp:term":[{"taxonomy":"product_brand","embeddable":true,"href":"https:\/\/www.herbadiberna.ch\/fr\/wp-json\/wp\/v2\/product_brand?post=28686"},{"taxonomy":"product_cat","embeddable":true,"href":"https:\/\/www.herbadiberna.ch\/fr\/wp-json\/wp\/v2\/product_cat?post=28686"},{"taxonomy":"product_tag","embeddable":true,"href":"https:\/\/www.herbadiberna.ch\/fr\/wp-json\/wp\/v2\/product_tag?post=28686"}],"curies":[{"name":"wp","href":"https:\/\/api.w.org\/{rel}","templated":true}]}}