{"id":28652,"date":"2023-06-09T11:02:09","date_gmt":"2023-06-09T10:02:09","guid":{"rendered":"https:\/\/www.herbadiberna.ch\/gelules-de-chanvre\/"},"modified":"2026-04-11T00:11:43","modified_gmt":"2026-04-10T23:11:43","slug":"gelules-de-chanvre","status":"publish","type":"product","link":"https:\/\/www.herbadiberna.ch\/fr\/produit\/gelules-de-chanvre\/","title":{"rendered":"G\u00e9lules de chanvre"},"content":{"rendered":"<p>Apr\u00e8s une longue phase de d\u00e9veloppement, nos g\u00e9lules de chanvre Suitia 10 sont l\u00e0.<br \/>\nElles compl\u00e8tent parfaitement notre gamme, sont faciles \u00e0 prendre et constituent la solution id\u00e9ale pour les personnes soucieuses de leur sant\u00e9.<br \/>\nCompos\u00e9es de poudre de chanvre de haute qualit\u00e9 provenant de la plante Cannabis sativa.<br \/>\nNaturellement de production suisse et exemptes de THC.<\/p>\n","protected":false},"excerpt":{"rendered":"<p>G\u00e9lules de chanvre, 100% poudre v\u00e9g\u00e9tale pure<\/p>\n","protected":false},"featured_media":54720,"comment_status":"open","ping_status":"closed","template":"","meta":{"inline_featured_image":false},"product_brand":[],"product_cat":[346,902],"product_tag":[],"class_list":{"0":"post-28652","1":"product","2":"type-product","3":"status-publish","4":"has-post-thumbnail","6":"product_cat-aliments-chanvre","7":"product_cat-gelules-de-chanvre","9":"first","10":"instock","11":"taxable","12":"shipping-taxable","13":"purchasable","14":"product-type-variable","15":"rtwpvs-product"},"_links":{"self":[{"href":"https:\/\/www.herbadiberna.ch\/fr\/wp-json\/wp\/v2\/product\/28652","targetHints":{"allow":["GET"]}}],"collection":[{"href":"https:\/\/www.herbadiberna.ch\/fr\/wp-json\/wp\/v2\/product"}],"about":[{"href":"https:\/\/www.herbadiberna.ch\/fr\/wp-json\/wp\/v2\/types\/product"}],"replies":[{"embeddable":true,"href":"https:\/\/www.herbadiberna.ch\/fr\/wp-json\/wp\/v2\/comments?post=28652"}],"wp:featuredmedia":[{"embeddable":true,"href":"https:\/\/www.herbadiberna.ch\/fr\/wp-json\/wp\/v2\/media\/54720"}],"wp:attachment":[{"href":"https:\/\/www.herbadiberna.ch\/fr\/wp-json\/wp\/v2\/media?parent=28652"}],"wp:term":[{"taxonomy":"product_brand","embeddable":true,"href":"https:\/\/www.herbadiberna.ch\/fr\/wp-json\/wp\/v2\/product_brand?post=28652"},{"taxonomy":"product_cat","embeddable":true,"href":"https:\/\/www.herbadiberna.ch\/fr\/wp-json\/wp\/v2\/product_cat?post=28652"},{"taxonomy":"product_tag","embeddable":true,"href":"https:\/\/www.herbadiberna.ch\/fr\/wp-json\/wp\/v2\/product_tag?post=28652"}],"curies":[{"name":"wp","href":"https:\/\/api.w.org\/{rel}","templated":true}]}}