{"id":28562,"date":"2023-07-11T15:05:26","date_gmt":"2023-07-11T14:05:26","guid":{"rendered":"https:\/\/www.herbadiberna.ch\/?post_type=product&#038;p=28562"},"modified":"2026-04-17T09:42:28","modified_gmt":"2026-04-17T08:42:28","slug":"wolkenkraft-vita","status":"publish","type":"product","link":"https:\/\/www.herbadiberna.ch\/fr\/produit\/wolkenkraft-vita\/","title":{"rendered":"Force des nuages Vita"},"content":{"rendered":"<div class=\"flex max-w-full flex-col flex-grow\">\n<div class=\"min-h-8 text-message flex w-full flex-col items-end gap-2 whitespace-normal break-words text-start [.text-message+&amp;]:mt-5\" dir=\"auto\">\n<div class=\"flex w-full flex-col gap-1 empty:hidden first:pt-[3px]\">\n<div class=\"markdown prose w-full break-words dark:prose-invert light\">\n<h2><strong>Acheter le vaporisateur Vita de WOLKENKRAFT - Compact et puissant<\/strong><\/h2>\n<p>Acheter le vaporisateur WOLKENKRAFT Vita de Herba di Berna et assurer la livraison express.<br \/>\nLe <strong>Vita de WOLKENKRAFT <\/strong>est un vaporisateur portable qui se distingue par son utilisation intuitive, son chauffage rapide et son go\u00fbt pur.<br \/>\nGr\u00e2ce \u00e0 la technologie de conduction innovante, il offre une exp\u00e9rience de vapotage intense, id\u00e9ale pour les d\u00e9placements. Petit, maniable et robuste, il se glisse facilement dans votre poche. <\/p>\n<h2><strong>Caract\u00e9ristiques du vaporisateur Vita de WOLKENKRAFT<\/strong><\/h2>\n<ul>\n<li style=\"list-style-type: none;\">\n<ul>\n<li><strong data-start=\"425\" data-end=\"447\">Remarque importante :<\/strong> veuillez utiliser l&rsquo;appareil uniquement avec des chargeurs qui fournissent <strong data-start=\"507\" data-end=\"523\">un courant de charge<\/strong> maximal <strong data-start=\"507\" data-end=\"523\">de 1A<\/strong>. Les chargeurs rapides \u00e0 courant plus \u00e9lev\u00e9 peuvent <strong data-start=\"580\" data-end=\"616\">endommager<\/strong> la <strong data-start=\"580\" data-end=\"616\">batterie \u00e0 long terme<\/strong> et raccourcir la dur\u00e9e de vie du vaporisateur.<\/li>\n<li><strong>Design compact :<\/strong> se glisse dans une poche, id\u00e9al pour les voyages et les d\u00e9placements.<\/li>\n<li><strong>Simplicit\u00e9 d&rsquo;utilisation :<\/strong> syst\u00e8me \u00e0 1 bouton avec 5 niveaux de temp\u00e9rature de 180\u00b0C \u00e0 220\u00b0C.<\/li>\n<li><strong>Go\u00fbt pur :<\/strong> chambre de chauffe en acier inoxydable &amp; conduit d&rsquo;air isol\u00e9 pour une vapeur inalt\u00e9r\u00e9e.<\/li>\n<li><strong>Temps de chauffe rapide :<\/strong> pr\u00eat \u00e0 l&#8217;emploi en seulement 30 secondes.<\/li>\n<li><strong>Vapeur rafra\u00eechissante :<\/strong> embout magn\u00e9tique avec filtre c\u00e9ramique pour des sessions agr\u00e9ables.<\/li>\n<li><strong>Batterie longue dur\u00e9e :<\/strong> 1600 mAh avec fonction Pass-Through &amp; port USB-C.<\/li>\n<\/ul>\n<\/li>\n<\/ul>\n<h2><strong>Pourquoi acheter le Vita Vape de WOLKENKRAFT ?<\/strong><\/h2>\n<p>Le Vita allie <strong>technologie moderne<\/strong> et <strong>qualit\u00e9 de fabrication<\/strong> sup\u00e9rieure.<br \/>\nGr\u00e2ce \u00e0 sa chambre en acier inoxydable, \u00e0 son affichage LED clair et \u00e0 sa plage de temp\u00e9rature flexible, il convient parfaitement aux d\u00e9butants comme aux utilisateurs exp\u00e9riment\u00e9s.<br \/>\nSi vous recherchez un <strong>vaporisateur portable et performant<\/strong>, le Vita est le bon choix.<\/p>\n<h2><strong>T\u00e9moignages de clients sur le WOLKENKRAFT Vita<\/strong><\/h2>\n<p>De nombreux utilisateurs appr\u00e9cient les commandes intuitives, le format compact et la puret\u00e9 de la vapeur.<br \/>\nLa combinaison de la <strong>qualit\u00e9, de la rapidit\u00e9 et de l&rsquo;utilisation discr\u00e8te<\/strong> est particuli\u00e8rement appr\u00e9ci\u00e9e - parfaite pour la vie quotidienne.<\/p>\n<h2><strong>Commandez d\u00e8s maintenant WOLKENKRAFT et profitez de la vapeur aromatique !<\/strong><\/h2>\n<p><strong>D\u00e9couvrez \u00e9galement le monde moderne des vaporisateurs avec les autres vapes de Wolkenkraft !<\/strong><br \/>\nCommandez maintenant le <strong>Vita de WOLKENKRAFT <\/strong>&amp; d\u00e9couvrez un nouveau niveau de go\u00fbt et de confort d\u00e8s demain.<\/p>\n<h2><strong>D\u00e9couvrir plus dans le monde du CBD de Herba di Berna<\/strong><\/h2>\n<p>\u27a1\ufe0f Vous cherchez des alternatives ? D\u00e9couvrez aussi notre cat\u00e9gorie <a href=\"https:\/\/www.herbadiberna.ch\/fr\/produits-de-soins-au-cbd\/\">de produits cosm\u00e9tiques CBD<\/a>!<br \/>\n\u27a1\ufe0f Apprenez-en plus sur les <a href=\"https:\/\/www.herbadiberna.ch\/cbd-blueten\/\">fleurs de CBD<\/a> qui sont parfaites pour les vaporisateurs.<br \/>\n<a href=\"https:\/\/www.herbadiberna.ch\/fr\/accessoires-cbd\/\">\u27a1\ufe0f D\u00e9couvrir plus d&rsquo;accessoires CBD<\/a><\/p>\n<\/div>\n<\/div>\n<\/div>\n<\/div>\n","protected":false},"excerpt":{"rendered":"<p data-start=\"155\" data-end=\"357\">Acheter le vaporisateur Vita de WOLKENKRAFT chez Herba di Berna. Compact, puissant et intuitif - chauffage rapide pour une vapeur pure et un ar\u00f4me maximal en d\u00e9placement.Livraison rapide en 1-3 jours \u2713 Port pay\u00e9 \u00e0 partir de 79 CHF \u2713 <\/p>\n","protected":false},"featured_media":28570,"comment_status":"open","ping_status":"closed","template":"","meta":{"inline_featured_image":false},"product_brand":[],"product_cat":[383],"product_tag":[],"class_list":{"0":"post-28562","1":"product","2":"type-product","3":"status-publish","4":"has-post-thumbnail","6":"product_cat-vaporisateurs","7":"pa_marke-wolkenkraft-fr","8":"pif-has-gallery","10":"first","11":"instock","12":"taxable","13":"shipping-taxable","14":"purchasable","15":"product-type-variable","16":"rtwpvs-product"},"_links":{"self":[{"href":"https:\/\/www.herbadiberna.ch\/fr\/wp-json\/wp\/v2\/product\/28562","targetHints":{"allow":["GET"]}}],"collection":[{"href":"https:\/\/www.herbadiberna.ch\/fr\/wp-json\/wp\/v2\/product"}],"about":[{"href":"https:\/\/www.herbadiberna.ch\/fr\/wp-json\/wp\/v2\/types\/product"}],"replies":[{"embeddable":true,"href":"https:\/\/www.herbadiberna.ch\/fr\/wp-json\/wp\/v2\/comments?post=28562"}],"wp:featuredmedia":[{"embeddable":true,"href":"https:\/\/www.herbadiberna.ch\/fr\/wp-json\/wp\/v2\/media\/28570"}],"wp:attachment":[{"href":"https:\/\/www.herbadiberna.ch\/fr\/wp-json\/wp\/v2\/media?parent=28562"}],"wp:term":[{"taxonomy":"product_brand","embeddable":true,"href":"https:\/\/www.herbadiberna.ch\/fr\/wp-json\/wp\/v2\/product_brand?post=28562"},{"taxonomy":"product_cat","embeddable":true,"href":"https:\/\/www.herbadiberna.ch\/fr\/wp-json\/wp\/v2\/product_cat?post=28562"},{"taxonomy":"product_tag","embeddable":true,"href":"https:\/\/www.herbadiberna.ch\/fr\/wp-json\/wp\/v2\/product_tag?post=28562"}],"curies":[{"name":"wp","href":"https:\/\/api.w.org\/{rel}","templated":true}]}}