{"id":27232,"date":"2023-05-25T13:35:46","date_gmt":"2023-05-25T12:35:46","guid":{"rendered":"https:\/\/www.herbadiberna.ch\/graines-de-chanvre-regional-ch-500g\/"},"modified":"2026-04-16T21:35:51","modified_gmt":"2026-04-16T20:35:51","slug":"graines-de-chanvre-regional-ch-500g","status":"publish","type":"product","link":"https:\/\/www.herbadiberna.ch\/fr\/produit\/graines-de-chanvre-regional-ch-500g\/","title":{"rendered":"Graines de chanvre R\u00e9gional CH - 500g"},"content":{"rendered":"<h2><strong>Acheter des graines de chanvre suisses non d\u00e9cortiqu\u00e9es - votre super aliment local<\/strong><\/h2>\n<p>Vous souhaitez acheter <strong>des graines de chanvre suisse non d\u00e9cortiqu\u00e9es<\/strong> de haute qualit\u00e9 et vous nourrir de mani\u00e8re consciente ? Bon choix ! Ces petits paquets de force ont tout pour plaire. Elles sont riches en nutriments et en substances vitales essentielles, notamment <strong>en zinc, en magn\u00e9sium et en fer<\/strong>.   <\/p>\n<p>Pendant longtemps, le chanvre a \u00e9t\u00e9 r\u00e9duit \u00e0 ses fleurs, mais ses graines sont un v\u00e9ritable <strong>superaliment<\/strong>. Si vous cherchez des <strong>graines de chanvre suisse non d\u00e9cortiqu\u00e9es<\/strong>, vous trouverez chez nous la nature \u00e0 l&rsquo;\u00e9tat pur. Elles vous offrent toute la puissance de la plante et constituent un excellent compl\u00e9ment \u00e0 votre r\u00e9gime alimentaire - de la meilleure qualit\u00e9 qui soit, bien entendu.  <\/p>\n<h2><strong>Graines de chanvre Suisse non d\u00e9cortiqu\u00e9es : Utilisation dans la vie quotidienne<\/strong><\/h2>\n<p>Savourer des graines de chanvre est un jeu d&rsquo;enfant. Avec leur go\u00fbt doux de noisette, elles se marient avec presque tout, du sucr\u00e9 au sal\u00e9. Voici nos meilleurs conseils pour utiliser ce super aliment en toute simplicit\u00e9 :  <\/p>\n<ul>\n<li><strong>Le petit d\u00e9jeuner \u00e9nerg\u00e9tique :<\/strong> saupoudrez votre muesli, votre yaourt ou votre salade de fruits de 1 \u00e0 2 cuill\u00e8res \u00e0 soupe de graines pour un croustillant suppl\u00e9mentaire.<\/li>\n<li><strong>Le snack sain :<\/strong> grignotez les graines pures entre les repas au lieu de prendre des chips.<\/li>\n<li><strong>Smoothie &amp; shake :<\/strong> une cuill\u00e8re \u00e0 caf\u00e9 de graines de chanvre (ou un filet d&rsquo;huile de chanvre) dans un shake prot\u00e9in\u00e9 apporte des graisses et des min\u00e9raux pr\u00e9cieux.<\/li>\n<li><strong>Cuisine savoureuse :<\/strong> am\u00e9liorez les p\u00e2tes, les soupes ou les vinaigrettes. Ils constituent \u00e9galement une excellente base pour les pestos. <\/li>\n<li><strong>Cuisson au four :<\/strong> M\u00e9langez les graines directement dans la p\u00e2te pour le pain, les petits pains ou les g\u00e2teaux.<\/li>\n<li><strong>DIY lait de chanvre :<\/strong> vous pouvez m\u00e9langer des graines de chanvre et de l&rsquo;eau pour obtenir une d\u00e9licieuse alternative de lait v\u00e9g\u00e9tal en un rien de temps.<\/li>\n<\/ul>\n<h2><strong>Caract\u00e9ristiques du produit : Pourquoi choisir les graines de chanvre suisses non d\u00e9cortiqu\u00e9es ?<\/strong><\/h2>\n<ul>\n<li><strong>Statut de super-aliment :<\/strong> bourr\u00e9s de prot\u00e9ines v\u00e9g\u00e9tales et de min\u00e9raux, ils sont le compagnon id\u00e9al des sportifs et des personnes soucieuses de leur alimentation.<\/li>\n<li><strong>Pas d&rsquo;effet enivrant :<\/strong> la s\u00e9curit\u00e9 avant tout. Nos graines de chanvre comestibles proviennent de chanvre commercial. Elles ne contiennent quasiment pas de THC et ne font <strong>pas planer<\/strong>. Un plaisir pour toute la famille.   <\/li>\n<li><strong>Polyvalence :<\/strong> grignot\u00e9es crues, incorpor\u00e9es au pain ou saupoudr\u00e9es sur les p\u00e2tes. Les graines de chanvre conviennent en fait toujours. <\/li>\n<li><strong>Crunch &amp; Fibres :<\/strong> Comme vous recevez ici le produit <strong>Graines de Chanvre Suisse non d\u00e9cortiqu\u00e9es<\/strong>, vous profitez de la coque croquante qui fournit des fibres importantes.<\/li>\n<\/ul>\n<h2><strong>Graines de chanvre suisse non d\u00e9cortiqu\u00e9es pour votre alimentation consciente<\/strong><\/h2>\n<p>Nous croyons fermement au pouvoir de la plante de chanvre en tant qu&rsquo;aliment. Le chanvre est l&rsquo;une des plus anciennes plantes cultiv\u00e9es au monde. Le ramener dans la cuisine nous tient \u00e0 c\u0153ur.<br \/>\nPar cons\u00e9quent, vous obtenez ici un produit plein d&rsquo;\u00e9nergie. C&rsquo;est donc une fa\u00e7on intelligente d&rsquo;enrichir vos repas. Vous n&rsquo;avez pas \u00e0 renoncer au bon go\u00fbt.    <\/p>\n<h2><strong>T\u00e9moignages de clients sur nos graines de chanvre<\/strong><\/h2>\n<p><em>\u00ab\u00a0Le croustillant parfait dans la salade<\/em><em>\u00ab\u00a0<\/em> <em>!<\/em> - C&rsquo;est ce que nous entendons souvent de la part de nos clients.<br \/>\nNotre feed-back montre que beaucoup utilisent d\u00e9sormais les graines comme \u00e9l\u00e9ment fixe de leur petit-d\u00e9jeuner. Ils appr\u00e9cient particuli\u00e8rement leur facilit\u00e9 d&rsquo;utilisation. Il suffit d&rsquo;y mettre une cuill\u00e8re et le tour est jou\u00e9.  <\/p>\n<h2><strong>Commander maintenant des graines de chanvre suisse non d\u00e9cortiqu\u00e9es &amp; rester vital !<\/strong><\/h2>\n<p>\u00cates-vous pr\u00eat pour le coup de pouce nutritionnel ?<br \/>\nCommandez d\u00e8s maintenant et faites entrer le superaliment dans votre cuisine.<\/p>\n<h2><strong>Des compl\u00e9ments parfaits pour votre cuisine<\/strong><\/h2>\n<p>\u27a1\ufe0f  <a href=\"https:\/\/www.herbadiberna.ch\/hanfoel\/\">Acheter de l&rsquo;huile de chanvre<\/a> (l&rsquo;alternative liquide \u00e0 l&rsquo;or)<br \/>\n\u27a1\ufe0f  <a href=\"https:\/\/www.herbadiberna.ch\/hanftee\/\">D\u00e9couverte du th\u00e9 au chanvre<\/a> (d\u00e9tente apr\u00e8s le repas)<br \/>\n\u27a1\ufe0f  <a href=\"https:\/\/www.herbadiberna.ch\/fr\/aliments-chanvre\/\">Tous les aliments<\/a> (Snacks sains de Suisse)<\/p>\n","protected":false},"excerpt":{"rendered":"<p data-path-to-node=\"7\">Transformez vos repas en v\u00e9ritables concentr\u00e9s d&rsquo;\u00e9nergie : Nos graines de chanvre ont un go\u00fbt subtil de noisette et sont riches en zinc, magn\u00e9sium et fer. Que ce soit dans un smoothie, une salade ou simplement en tant qu&rsquo;en-cas, c&rsquo;est un aliment polyvalent parfait pour une alimentation saine.   <b data-path-to-node=\"8\" data-index-in-node=\"0\">Command\u00e9 aujourd&rsquo;hui jusqu&rsquo;\u00e0 15h, livr\u00e9 demain \u2713 Port pay\u00e9 \u00e0 partir de 79 CHF \u2713<\/b><\/p>\n","protected":false},"featured_media":27229,"comment_status":"closed","ping_status":"closed","template":"","meta":{"inline_featured_image":false},"product_brand":[],"product_cat":[346,389],"product_tag":[],"class_list":{"0":"post-27232","1":"product","2":"type-product","3":"status-publish","4":"has-post-thumbnail","6":"product_cat-aliments-chanvre","7":"product_cat-produits-alimentaires","8":"pa_marke-harmonius-fr","10":"first","11":"outofstock","12":"taxable","13":"shipping-taxable","14":"purchasable","15":"product-type-simple"},"_links":{"self":[{"href":"https:\/\/www.herbadiberna.ch\/fr\/wp-json\/wp\/v2\/product\/27232","targetHints":{"allow":["GET"]}}],"collection":[{"href":"https:\/\/www.herbadiberna.ch\/fr\/wp-json\/wp\/v2\/product"}],"about":[{"href":"https:\/\/www.herbadiberna.ch\/fr\/wp-json\/wp\/v2\/types\/product"}],"replies":[{"embeddable":true,"href":"https:\/\/www.herbadiberna.ch\/fr\/wp-json\/wp\/v2\/comments?post=27232"}],"wp:featuredmedia":[{"embeddable":true,"href":"https:\/\/www.herbadiberna.ch\/fr\/wp-json\/wp\/v2\/media\/27229"}],"wp:attachment":[{"href":"https:\/\/www.herbadiberna.ch\/fr\/wp-json\/wp\/v2\/media?parent=27232"}],"wp:term":[{"taxonomy":"product_brand","embeddable":true,"href":"https:\/\/www.herbadiberna.ch\/fr\/wp-json\/wp\/v2\/product_brand?post=27232"},{"taxonomy":"product_cat","embeddable":true,"href":"https:\/\/www.herbadiberna.ch\/fr\/wp-json\/wp\/v2\/product_cat?post=27232"},{"taxonomy":"product_tag","embeddable":true,"href":"https:\/\/www.herbadiberna.ch\/fr\/wp-json\/wp\/v2\/product_tag?post=27232"}],"curies":[{"name":"wp","href":"https:\/\/api.w.org\/{rel}","templated":true}]}}