{"id":27225,"date":"2023-05-25T13:09:30","date_gmt":"2023-05-25T12:09:30","guid":{"rendered":"https:\/\/www.herbadiberna.ch\/doggy-fit-500g\/"},"modified":"2025-09-22T08:53:26","modified_gmt":"2025-09-22T07:53:26","slug":"doggy-fit-500g","status":"publish","type":"product","link":"https:\/\/www.herbadiberna.ch\/fr\/produit\/doggy-fit-500g\/","title":{"rendered":"Doggy-Fit - 500g"},"content":{"rendered":"<p>Le meilleur pour votre fid\u00e8le compagnon \u00e0 4 pattes.<br \/>\nRiche en acides gras om\u00e9ga 3+6+9 (phytonutriments)<br \/>\nProt\u00e9ines de haute qualit\u00e9, riche en fibres, glucides \u00e0 longue cha\u00eene, vitamines et min\u00e9raux, pour un d\u00e9veloppement naturel des muscles, des cellules et de la force.<\/p>\n<p>Chiens : un chien en croissance devrait manger 10 \u00e0 12% de prot\u00e9ines par jour. Un chien adulte 2 - 2,5 g de prot\u00e9ines par kg de poids corporel.<\/p>\n<p>Convient \u00e9galement aux chevaux : Un cheval de 500 kg a besoin de 500 \u00e0 800 g de prot\u00e9ines brutes digestibles par jour pour un travail moyen. Plus de performance n\u00e9cessite plus de prot\u00e9ines.<\/p>\n","protected":false},"excerpt":{"rendered":"<p>Alimentation pour chiens Contenant des prot\u00e9ines (30-35%)<\/p>\n","protected":false},"featured_media":27218,"comment_status":"closed","ping_status":"closed","template":"","meta":{"inline_featured_image":false},"product_brand":[],"product_cat":[346,855],"product_tag":[],"class_list":{"0":"post-27225","1":"product","2":"type-product","3":"status-publish","4":"has-post-thumbnail","6":"product_cat-aliments-chanvre","7":"product_cat-aliments-pour-animaux","8":"pa_marke-harmonius-fr","9":"pif-has-gallery","11":"first","12":"outofstock","13":"taxable","14":"shipping-taxable","15":"purchasable","16":"product-type-simple"},"_links":{"self":[{"href":"https:\/\/www.herbadiberna.ch\/fr\/wp-json\/wp\/v2\/product\/27225","targetHints":{"allow":["GET"]}}],"collection":[{"href":"https:\/\/www.herbadiberna.ch\/fr\/wp-json\/wp\/v2\/product"}],"about":[{"href":"https:\/\/www.herbadiberna.ch\/fr\/wp-json\/wp\/v2\/types\/product"}],"replies":[{"embeddable":true,"href":"https:\/\/www.herbadiberna.ch\/fr\/wp-json\/wp\/v2\/comments?post=27225"}],"wp:featuredmedia":[{"embeddable":true,"href":"https:\/\/www.herbadiberna.ch\/fr\/wp-json\/wp\/v2\/media\/27218"}],"wp:attachment":[{"href":"https:\/\/www.herbadiberna.ch\/fr\/wp-json\/wp\/v2\/media?parent=27225"}],"wp:term":[{"taxonomy":"product_brand","embeddable":true,"href":"https:\/\/www.herbadiberna.ch\/fr\/wp-json\/wp\/v2\/product_brand?post=27225"},{"taxonomy":"product_cat","embeddable":true,"href":"https:\/\/www.herbadiberna.ch\/fr\/wp-json\/wp\/v2\/product_cat?post=27225"},{"taxonomy":"product_tag","embeddable":true,"href":"https:\/\/www.herbadiberna.ch\/fr\/wp-json\/wp\/v2\/product_tag?post=27225"}],"curies":[{"name":"wp","href":"https:\/\/api.w.org\/{rel}","templated":true}]}}