{"id":27213,"date":"2023-05-25T13:00:36","date_gmt":"2023-05-25T12:00:36","guid":{"rendered":"https:\/\/www.herbadiberna.ch\/coussin-aromatique-au-chanvre\/"},"modified":"2025-10-05T11:25:37","modified_gmt":"2025-10-05T10:25:37","slug":"coussins-parfumes-hanfaroma","status":"publish","type":"product","link":"https:\/\/www.herbadiberna.ch\/fr\/produit\/coussins-parfumes-hanfaroma\/","title":{"rendered":"Coussin aromatique au chanvre"},"content":{"rendered":"<p>Pendant que nous respirons, nous absorbons des substances actives uniques lib\u00e9r\u00e9es par les huiles essentielles des herbes. Ils peuvent avoir un effet particuli\u00e8rement b\u00e9n\u00e9fique sur la sant\u00e9. Cet effet est encore renforc\u00e9 par la chaleur - chaleur corporelle ou r\u00e9chauffement dans le four. Avant m\u00eame que nous ne percevions les odeurs, elles ont d\u00e9j\u00e0 atteint notre subconscient par le biais du cerveau. Ainsi, les oreillers aux herbes peuvent avoir une influence positive sur notre humeur et notre vie \u00e9motionnelle. Il est \u00e9galement possible d&rsquo;obtenir un tel effet en posant la main dessus.<br \/>\nNos cr\u00e9ations de plantes sont des coussins parfum\u00e9s d&rsquo;ambiances paysag\u00e8res typiques : for\u00eats magiques, prairies fleuries, garrigues br\u00fbl\u00e9es par le soleil, panoramas de montagne grandioses ou jardins de culture.<br \/>\nCinq images d&rsquo;ambiance, dans lesquelles les quatre \u00e9l\u00e9ments sont \u00e9galement repr\u00e9sent\u00e9s. Fleur de foin\/air, Provence\/terre, espace alpin\/eau, jardin monastique\/fruit, r\u00e9unis en Sylvana comme la quintessence de toutes les possibilit\u00e9s d&rsquo;\u00e9volution qui, prot\u00e9g\u00e9es, sont pr\u00eates dans l&rsquo;obscurit\u00e9 de la for\u00eat jusqu&rsquo;\u00e0 ce que l&rsquo;homme puisse les saisir sur son chemin de vie.<\/p>\n<p>Application<br \/>\nRetirer le coussin du grip-bag et le mettre dans le petit sac en tissu fourni. Apr\u00e8s environ 4 semaines, l&rsquo;effet diminue fortement (selon les observations faites dans une maison de retraite, pendant 12 mois). P\u00e9trir le coussin 2 \u00e0 3 fois, le fermer herm\u00e9tiquement pendant 3 jours (grip-bag ou tuperware). Ensuite, remettez-le dans le petit sac en tissu et remettez-le \u00e0 c\u00f4t\u00e9 de l&rsquo;oreiller. Ce processus peut \u00eatre r\u00e9p\u00e9t\u00e9 3 \u00e0 4 fois au maximum.<\/p>\n","protected":false},"excerpt":{"rendered":"<p>Coussin aromatique au chanvre rempli d&rsquo;herbes biologiques<\/p>\n","protected":false},"featured_media":27210,"comment_status":"closed","ping_status":"closed","template":"","meta":{"inline_featured_image":false},"product_brand":[],"product_cat":[851,466],"product_tag":[],"class_list":{"0":"post-27213","1":"product","2":"type-product","3":"status-publish","4":"has-post-thumbnail","6":"product_cat-oreiller-parfume","7":"product_cat-produits-de-soins-au-cbd","9":"first","10":"outofstock","11":"taxable","12":"shipping-taxable","13":"purchasable","14":"product-type-simple"},"_links":{"self":[{"href":"https:\/\/www.herbadiberna.ch\/fr\/wp-json\/wp\/v2\/product\/27213","targetHints":{"allow":["GET"]}}],"collection":[{"href":"https:\/\/www.herbadiberna.ch\/fr\/wp-json\/wp\/v2\/product"}],"about":[{"href":"https:\/\/www.herbadiberna.ch\/fr\/wp-json\/wp\/v2\/types\/product"}],"replies":[{"embeddable":true,"href":"https:\/\/www.herbadiberna.ch\/fr\/wp-json\/wp\/v2\/comments?post=27213"}],"wp:featuredmedia":[{"embeddable":true,"href":"https:\/\/www.herbadiberna.ch\/fr\/wp-json\/wp\/v2\/media\/27210"}],"wp:attachment":[{"href":"https:\/\/www.herbadiberna.ch\/fr\/wp-json\/wp\/v2\/media?parent=27213"}],"wp:term":[{"taxonomy":"product_brand","embeddable":true,"href":"https:\/\/www.herbadiberna.ch\/fr\/wp-json\/wp\/v2\/product_brand?post=27213"},{"taxonomy":"product_cat","embeddable":true,"href":"https:\/\/www.herbadiberna.ch\/fr\/wp-json\/wp\/v2\/product_cat?post=27213"},{"taxonomy":"product_tag","embeddable":true,"href":"https:\/\/www.herbadiberna.ch\/fr\/wp-json\/wp\/v2\/product_tag?post=27213"}],"curies":[{"name":"wp","href":"https:\/\/api.w.org\/{rel}","templated":true}]}}