{"id":27163,"date":"2023-05-25T11:34:33","date_gmt":"2023-05-25T10:34:33","guid":{"rendered":"https:\/\/www.herbadiberna.ch\/creme-de-chanvre\/"},"modified":"2026-04-17T06:14:57","modified_gmt":"2026-04-17T05:14:57","slug":"hanftella-creme","status":"publish","type":"product","link":"https:\/\/www.herbadiberna.ch\/fr\/produit\/hanftella-creme\/","title":{"rendered":"Cr\u00e8me de chanvre"},"content":{"rendered":"<p>La p\u00e2te \u00e0 tartiner au chocolat et aux noix de chanvre est une cr\u00e8me au chocolat tr\u00e8s savoureuse, fabriqu\u00e9e sans noix. Elle est super fine comme p\u00e2te \u00e0 tartiner, topping pour les desserts et les cr\u00eapes. Sucr\u00e9 et sal\u00e9 !<\/p>\n<p>Nos produits chocolat\u00e9s sont pr\u00e9par\u00e9s \u00e0 la main et avec beaucoup d&rsquo;amour. Pour cela, nous avons le droit de nous rendre dans le fournil du boulanger de notre village et avons la chance de b\u00e9n\u00e9ficier de l&rsquo;aide pr\u00e9cieuse du boulanger-confiseur-chocolatier. Nous rempla\u00e7ons compl\u00e8tement les noix par nos graines de chanvre. Nous sommes particuli\u00e8rement fiers de nos truffes au chocolat, qui sont liquides et cr\u00e9meuses au milieu (sur demande sp\u00e9ciale, elles sont \u00e9galement disponibles avec du CBD). \u00c7a met l&rsquo;eau \u00e0 la bouche.<\/p>\n<p>Entre-temps, nous avons r\u00e9ussi \u00e0 fabriquer notre Hanftella \u00e0 base de plantes uniquement. Le grand d\u00e9fi pour l&rsquo;avenir serait de trouver un substitut au sucre.<\/p>\n","protected":false},"excerpt":{"rendered":"<p>P\u00e2te \u00e0 tartiner cr\u00e9meuse au chocolat et aux graines de chanvre<\/p>\n","protected":false},"featured_media":27160,"comment_status":"closed","ping_status":"closed","template":"","meta":{"inline_featured_image":false},"product_brand":[],"product_cat":[346,389],"product_tag":[],"class_list":{"0":"post-27163","1":"product","2":"type-product","3":"status-publish","4":"has-post-thumbnail","6":"product_cat-aliments-chanvre","7":"product_cat-produits-alimentaires","8":"pa_marke-harmonius-fr","10":"first","11":"instock","12":"taxable","13":"shipping-taxable","14":"purchasable","15":"product-type-simple"},"_links":{"self":[{"href":"https:\/\/www.herbadiberna.ch\/fr\/wp-json\/wp\/v2\/product\/27163","targetHints":{"allow":["GET"]}}],"collection":[{"href":"https:\/\/www.herbadiberna.ch\/fr\/wp-json\/wp\/v2\/product"}],"about":[{"href":"https:\/\/www.herbadiberna.ch\/fr\/wp-json\/wp\/v2\/types\/product"}],"replies":[{"embeddable":true,"href":"https:\/\/www.herbadiberna.ch\/fr\/wp-json\/wp\/v2\/comments?post=27163"}],"wp:featuredmedia":[{"embeddable":true,"href":"https:\/\/www.herbadiberna.ch\/fr\/wp-json\/wp\/v2\/media\/27160"}],"wp:attachment":[{"href":"https:\/\/www.herbadiberna.ch\/fr\/wp-json\/wp\/v2\/media?parent=27163"}],"wp:term":[{"taxonomy":"product_brand","embeddable":true,"href":"https:\/\/www.herbadiberna.ch\/fr\/wp-json\/wp\/v2\/product_brand?post=27163"},{"taxonomy":"product_cat","embeddable":true,"href":"https:\/\/www.herbadiberna.ch\/fr\/wp-json\/wp\/v2\/product_cat?post=27163"},{"taxonomy":"product_tag","embeddable":true,"href":"https:\/\/www.herbadiberna.ch\/fr\/wp-json\/wp\/v2\/product_tag?post=27163"}],"curies":[{"name":"wp","href":"https:\/\/api.w.org\/{rel}","templated":true}]}}