{"id":27129,"date":"2023-05-25T10:53:38","date_gmt":"2023-05-25T09:53:38","guid":{"rendered":"https:\/\/www.herbadiberna.ch\/huile-de-noix-de-chanvre-bio-ue-pressee-a-froid\/"},"modified":"2026-04-16T15:36:38","modified_gmt":"2026-04-16T14:36:38","slug":"huile-de-noix-de-chanvre-bio-pressee-a-froid","status":"publish","type":"product","link":"https:\/\/www.herbadiberna.ch\/fr\/produit\/huile-de-noix-de-chanvre-bio-pressee-a-froid\/","title":{"rendered":"Huile de noix de chanvre BIO press\u00e9e \u00e0 froid - naturelle"},"content":{"rendered":"<p>Tu veux toi aussi avoir la certitude que ton huile de cuisson te fournit un soin complet ? Avec notre huile de chanvre, tu les as. Son talent particulier r\u00e9side dans le rapport exceptionnel entre les acides gras om\u00e9ga-3 et om\u00e9ga-6 et l&rsquo;acide gamma-linol\u00e9nique, rare et anti-inflammatoire. Ainsi, l&rsquo;huile est un v\u00e9ritable alli\u00e9 pour les enfants et les adultes et a des effets positifs sur ton bien-\u00eatre en usage interne et externe. L&rsquo;huile de chanvre au l\u00e9ger go\u00fbt de noisette ne doit pas \u00eatre chauff\u00e9e, mais elle convient parfaitement \u00e0 la cuisine froide et affine par exemple les salades, les plats de l\u00e9gumes et de viande ou les dips. L&rsquo;huile pr\u00e9cieuse est obtenue par le pressage \u00e0 froid et en douceur des graines de chanvre et n&rsquo;a pas d&rsquo;effet enivrant.<\/p>\n","protected":false},"excerpt":{"rendered":"<p>Reform Selection, naturel \u00e0 partir de graines enti\u00e8res<\/p>\n","protected":false},"featured_media":27122,"comment_status":"closed","ping_status":"closed","template":"","meta":{"inline_featured_image":false},"product_brand":[],"product_cat":[346,847],"product_tag":[],"class_list":{"0":"post-27129","1":"product","2":"type-product","3":"status-publish","4":"has-post-thumbnail","6":"product_cat-aliments-chanvre","7":"product_cat-huile-alimentaire","8":"pa_marke-harmonius-fr","9":"pif-has-gallery","11":"first","12":"instock","13":"taxable","14":"shipping-taxable","15":"purchasable","16":"product-type-simple"},"_links":{"self":[{"href":"https:\/\/www.herbadiberna.ch\/fr\/wp-json\/wp\/v2\/product\/27129","targetHints":{"allow":["GET"]}}],"collection":[{"href":"https:\/\/www.herbadiberna.ch\/fr\/wp-json\/wp\/v2\/product"}],"about":[{"href":"https:\/\/www.herbadiberna.ch\/fr\/wp-json\/wp\/v2\/types\/product"}],"replies":[{"embeddable":true,"href":"https:\/\/www.herbadiberna.ch\/fr\/wp-json\/wp\/v2\/comments?post=27129"}],"wp:featuredmedia":[{"embeddable":true,"href":"https:\/\/www.herbadiberna.ch\/fr\/wp-json\/wp\/v2\/media\/27122"}],"wp:attachment":[{"href":"https:\/\/www.herbadiberna.ch\/fr\/wp-json\/wp\/v2\/media?parent=27129"}],"wp:term":[{"taxonomy":"product_brand","embeddable":true,"href":"https:\/\/www.herbadiberna.ch\/fr\/wp-json\/wp\/v2\/product_brand?post=27129"},{"taxonomy":"product_cat","embeddable":true,"href":"https:\/\/www.herbadiberna.ch\/fr\/wp-json\/wp\/v2\/product_cat?post=27129"},{"taxonomy":"product_tag","embeddable":true,"href":"https:\/\/www.herbadiberna.ch\/fr\/wp-json\/wp\/v2\/product_tag?post=27129"}],"curies":[{"name":"wp","href":"https:\/\/api.w.org\/{rel}","templated":true}]}}