{"id":27115,"date":"2023-05-25T09:45:30","date_gmt":"2023-05-25T08:45:30","guid":{"rendered":"https:\/\/www.herbadiberna.ch\/proteine-de-chanvre-bio-55plus-500g\/"},"modified":"2026-04-29T04:22:43","modified_gmt":"2026-04-29T03:22:43","slug":"hanfprotein-bio-55plus-500g","status":"publish","type":"product","link":"https:\/\/www.herbadiberna.ch\/fr\/produit\/hanfprotein-bio-55plus-500g\/","title":{"rendered":"Prot\u00e9ine de chanvre biologique 33plus - 500g"},"content":{"rendered":"<h1><strong>Acheter des prot\u00e9ines de chanvre bio - Des prot\u00e9ines de haute qualit\u00e9 pour une alimentation \u00e9quilibr\u00e9e !<\/strong><\/h1>\n<p><strong>Acheter des prot\u00e9ines de chanvre bio - la source naturelle de prot\u00e9ines pour un style de vie actif !<\/strong>  Notre poudre de prot\u00e9ines de chanvre se distingue par sa biodisponibilit\u00e9 \u00e9lev\u00e9e, ses pr\u00e9cieux acides gras om\u00e9ga et son agr\u00e9able go\u00fbt de noisette. C&rsquo;est le choix parfait pour les sportifs, les personnes soucieuses de leur sant\u00e9 et tous ceux qui souhaitent couvrir leurs besoins quotidiens en prot\u00e9ines de mani\u00e8re naturelle.<\/p>\n<h3><strong>Caract\u00e9ristiques de la prot\u00e9ine de chanvre<\/strong><\/h3>\n<ul>\n<li><strong>Prot\u00e9ines 100 % v\u00e9g\u00e9tales :<\/strong> une alternative optimale aux sources de prot\u00e9ines animales, avec tous les acides amin\u00e9s essentiels.<\/li>\n<li><strong>Riche en nutriments :<\/strong> En plus des prot\u00e9ines, il contient des acides gras om\u00e9ga-3 et om\u00e9ga-6, du magn\u00e9sium, du fer et du zinc.<\/li>\n<li><strong>Tr\u00e8s digeste :<\/strong> id\u00e9al pour les shakes, les boissons v\u00e9g\u00e9tales ou les smoothies - sans additifs artificiels.<\/li>\n<li><strong>Polyvalent :<\/strong> Parfait pour les p\u00e2tisseries, les yaourts, les mueslis ou les recettes sal\u00e9es.<\/li>\n<li><strong>Production durable :<\/strong> obtenue \u00e0 partir de graines de chanvre de haute qualit\u00e9, trait\u00e9e de mani\u00e8re \u00e9cologique et naturelle.<\/li>\n<\/ul>\n<h3><strong>Pourquoi acheter des prot\u00e9ines de chanvre biologiques ?<\/strong><\/h3>\n<p>La prot\u00e9ine de chanvre est un excellent choix pour tous ceux qui souhaitent fournir \u00e0 leur corps des prot\u00e9ines v\u00e9g\u00e9tales et des nutriments pr\u00e9cieux. Gr\u00e2ce \u00e0 la combinaison de prot\u00e9ines, d&rsquo;acides gras essentiels et de min\u00e9raux, elle favorise une alimentation \u00e9quilibr\u00e9e, le d\u00e9veloppement musculaire et la r\u00e9g\u00e9n\u00e9ration. <\/p>\n<h3><strong>T\u00e9moignages de clients sur la prot\u00e9ine de chanvre biologique  <\/strong><\/h3>\n<p>De nombreux clients appr\u00e9cient la haute digestibilit\u00e9 et le go\u00fbt agr\u00e9able de notre poudre de prot\u00e9ines de chanvre. Ils appr\u00e9cient particuli\u00e8rement sa polyvalence - que ce soit sous forme de shake, dans le petit-d\u00e9jeuner ou comme ingr\u00e9dient de p\u00e2tisserie, la prot\u00e9ine de chanvre est convaincante sur toute la ligne. <\/p>\n<h3><strong>Achetez maintenant des prot\u00e9ines de chanvre biologiques et profitez d&rsquo;une alimentation saine !<\/strong><\/h3>\n<p>Optez pour une source naturelle de prot\u00e9ines contenant de pr\u00e9cieux nutriments et commandez notre poudre de prot\u00e9ines de chanvre d\u00e8s aujourd&rsquo;hui. Parfait pour une alimentation consciente et un style de vie actif ! <\/p>\n","protected":false},"excerpt":{"rendered":"<p><span style=\"font-weight: 400;\">Acheter des prot\u00e9ines de chanvre bio - source de prot\u00e9ines v\u00e9g\u00e9tales avec des acides gras om\u00e9ga &amp; des min\u00e9raux. Parfait pour les shakes, les smoothies &amp; une alimentation saine ! <\/span><\/p>\n","protected":false},"featured_media":59721,"comment_status":"closed","ping_status":"closed","template":"","meta":{"inline_featured_image":false},"product_brand":[],"product_cat":[346,389],"product_tag":[],"class_list":{"0":"post-27115","1":"product","2":"type-product","3":"status-publish","4":"has-post-thumbnail","6":"product_cat-aliments-chanvre","7":"product_cat-produits-alimentaires","8":"pa_marke-harmonius-fr","9":"pif-has-gallery","11":"first","12":"instock","13":"taxable","14":"shipping-taxable","15":"purchasable","16":"product-type-simple"},"_links":{"self":[{"href":"https:\/\/www.herbadiberna.ch\/fr\/wp-json\/wp\/v2\/product\/27115","targetHints":{"allow":["GET"]}}],"collection":[{"href":"https:\/\/www.herbadiberna.ch\/fr\/wp-json\/wp\/v2\/product"}],"about":[{"href":"https:\/\/www.herbadiberna.ch\/fr\/wp-json\/wp\/v2\/types\/product"}],"replies":[{"embeddable":true,"href":"https:\/\/www.herbadiberna.ch\/fr\/wp-json\/wp\/v2\/comments?post=27115"}],"wp:featuredmedia":[{"embeddable":true,"href":"https:\/\/www.herbadiberna.ch\/fr\/wp-json\/wp\/v2\/media\/59721"}],"wp:attachment":[{"href":"https:\/\/www.herbadiberna.ch\/fr\/wp-json\/wp\/v2\/media?parent=27115"}],"wp:term":[{"taxonomy":"product_brand","embeddable":true,"href":"https:\/\/www.herbadiberna.ch\/fr\/wp-json\/wp\/v2\/product_brand?post=27115"},{"taxonomy":"product_cat","embeddable":true,"href":"https:\/\/www.herbadiberna.ch\/fr\/wp-json\/wp\/v2\/product_cat?post=27115"},{"taxonomy":"product_tag","embeddable":true,"href":"https:\/\/www.herbadiberna.ch\/fr\/wp-json\/wp\/v2\/product_tag?post=27115"}],"curies":[{"name":"wp","href":"https:\/\/api.w.org\/{rel}","templated":true}]}}