{"id":27058,"date":"2023-05-25T08:22:54","date_gmt":"2023-05-25T07:22:54","guid":{"rendered":"https:\/\/www.herbadiberna.ch\/doucette-de-chanvre-bio\/"},"modified":"2026-04-17T14:49:33","modified_gmt":"2026-04-17T13:49:33","slug":"hanfnuessli-bio","status":"publish","type":"product","link":"https:\/\/www.herbadiberna.ch\/fr\/produit\/hanfnuessli-bio\/","title":{"rendered":"Doucette de chanvre BIO"},"content":{"rendered":"<p>Graines de chanvre - le superaliment<br \/>\nDe nombreux nutriments et substances vitales - en particulier le zinc, le magn\u00e9sium et le fer - sont pr\u00e9sents en quantit\u00e9s pertinentes dans les graines de chanvre. Ainsi, non seulement l&rsquo;huile de chanvre obtenue \u00e0 partir des graines de chanvre est un super aliment, mais les graines elles-m\u00eames sont \u00e9galement des aliments aux propri\u00e9t\u00e9s extr\u00eamement int\u00e9ressantes pour la sant\u00e9.<\/p>\n<p>Appr\u00e9cier les graines de chanvre - Rien de plus facile.<br \/>\nSi vous voulez vous aussi profiter des effets b\u00e9n\u00e9fiques des graines de chanvre sur la sant\u00e9, consommez r\u00e9guli\u00e8rement ces petites graines au go\u00fbt de noisette. C&rsquo;est pourquoi nous te donnons ci-dessous quelques conseils pour int\u00e9grer facilement les graines de chanvre dans ton alimentation :<\/p>\n<p>-parsemez vos c\u00e9r\u00e9ales ou votre salade de 1 \u00e0 2 cuill\u00e8res \u00e0 soupe de graines de chanvre d\u00e9cortiqu\u00e9es ou non<br \/>\n-grignotez des graines de chanvre d\u00e9cortiqu\u00e9es ou non aussi souvent que vous le souhaitez entre les repas<br \/>\n-ajoutez une cuill\u00e8re \u00e0 caf\u00e9 d&rsquo;huile de chanvre \u00e0 votre smoothie ou \u00e0 votre shake prot\u00e9in\u00e9<br \/>\n-utilisez \u00e9galement les graines de chanvre d\u00e9cortiqu\u00e9es dans la pr\u00e9paration de p\u00e2tes \u00e0 tartiner ou de pestos<br \/>\n-pr\u00e9parez-vous un lait v\u00e9g\u00e9tal \u00e0 base de graines de chanvre d\u00e9cortiqu\u00e9es (voir ci-dessous)<br \/>\n-am\u00e9liorez vos p\u00e2tes, plats de c\u00e9r\u00e9ales, soupes ou vinaigrettes avec une cuill\u00e8re \u00e0 caf\u00e9 d&rsquo;huile de chanvre<br \/>\n-M\u00e9langez des graines de chanvre dans des produits de boulangerie comme le pain ou les g\u00e2teaux.<\/p>\n","protected":false},"excerpt":{"rendered":"<p>Graines de chanvre d\u00e9cortiqu\u00e9es BIO<\/p>\n","protected":false},"featured_media":27043,"comment_status":"closed","ping_status":"closed","template":"","meta":{"inline_featured_image":false},"product_brand":[],"product_cat":[346,389],"product_tag":[],"class_list":{"0":"post-27058","1":"product","2":"type-product","3":"status-publish","4":"has-post-thumbnail","6":"product_cat-aliments-chanvre","7":"product_cat-produits-alimentaires","8":"pa_marke-harmonius-fr","9":"pif-has-gallery","11":"first","12":"instock","13":"taxable","14":"shipping-taxable","15":"purchasable","16":"product-type-variable","17":"rtwpvs-product"},"_links":{"self":[{"href":"https:\/\/www.herbadiberna.ch\/fr\/wp-json\/wp\/v2\/product\/27058","targetHints":{"allow":["GET"]}}],"collection":[{"href":"https:\/\/www.herbadiberna.ch\/fr\/wp-json\/wp\/v2\/product"}],"about":[{"href":"https:\/\/www.herbadiberna.ch\/fr\/wp-json\/wp\/v2\/types\/product"}],"replies":[{"embeddable":true,"href":"https:\/\/www.herbadiberna.ch\/fr\/wp-json\/wp\/v2\/comments?post=27058"}],"wp:featuredmedia":[{"embeddable":true,"href":"https:\/\/www.herbadiberna.ch\/fr\/wp-json\/wp\/v2\/media\/27043"}],"wp:attachment":[{"href":"https:\/\/www.herbadiberna.ch\/fr\/wp-json\/wp\/v2\/media?parent=27058"}],"wp:term":[{"taxonomy":"product_brand","embeddable":true,"href":"https:\/\/www.herbadiberna.ch\/fr\/wp-json\/wp\/v2\/product_brand?post=27058"},{"taxonomy":"product_cat","embeddable":true,"href":"https:\/\/www.herbadiberna.ch\/fr\/wp-json\/wp\/v2\/product_cat?post=27058"},{"taxonomy":"product_tag","embeddable":true,"href":"https:\/\/www.herbadiberna.ch\/fr\/wp-json\/wp\/v2\/product_tag?post=27058"}],"curies":[{"name":"wp","href":"https:\/\/api.w.org\/{rel}","templated":true}]}}