{"id":24519,"date":"2023-03-21T10:27:48","date_gmt":"2023-03-21T09:27:48","guid":{"rendered":"https:\/\/www.herbadiberna.ch\/lemon-haze-handtrim-20g\/"},"modified":"2026-04-11T06:47:26","modified_gmt":"2026-04-11T05:47:26","slug":"lemon-haze-handtrim-20g","status":"publish","type":"product","link":"https:\/\/www.herbadiberna.ch\/fr\/produit\/lemon-haze-handtrim-20g\/","title":{"rendered":"Lemon Haze Handtrim 20g"},"content":{"rendered":"<div class=\"flex max-w-full flex-col flex-grow\">\n<div class=\"min-h-8 text-message flex w-full flex-col items-end gap-2 whitespace-normal break-words text-start [.text-message+&amp;]:mt-5\" dir=\"auto\">\n<div class=\"flex w-full flex-col gap-1 empty:hidden first:pt-[3px]\">\n<div class=\"markdown prose w-full break-words dark:prose-invert light\">\n<h2><strong>Acheter Lemon Haze Handtrim - Des notes p\u00e9tillantes d&rsquo;agrumes et de Haze<\/strong><\/h2>\n<p>Vous envisagez d&rsquo;<strong>acheter Lemon Haze Handtrim<\/strong>? Ou \u00eates-vous \u00e0 la recherche du favori de la boutique \u00e0 un prix imbattable ?<br \/>\nNotre <strong>Lemon Haze Handtrim<\/strong> est bien plus qu&rsquo;un simple sous-produit. Dans le milieu, ce \u00ab\u00a0shake\u00a0\u00bb riche en r\u00e9sine ou <strong>ce coupage de CBD<\/strong> est connu comme un secret de polichinelle, notamment en raison de sa fermentation parfaitement adapt\u00e9e.  <\/p>\n<p>De plus, les connaisseurs savent que c&rsquo;est souvent dans l&rsquo;abrasion que se concentrent les terp\u00e8nes les plus intenses. C&rsquo;est pourquoi elle est id\u00e9ale pour <strong>remplacer le tabac<\/strong>, s&rsquo;int\u00e8gre parfaitement dans la <strong>vape<\/strong> et am\u00e9liore vos projets DIY.<br \/>\nCe m\u00e9lange ressemble \u00e0 une promenade dans une for\u00eat de pins du sud. Nous combinons ici la g\u00e9n\u00e9tique l\u00e9gendaire de la Lemon Haze avec un s\u00e9chage doux. Le r\u00e9sultat est une <strong>exp\u00e9rience d&rsquo;achat de CBD trim<\/strong> dont l&rsquo;odeur est si douce et acidul\u00e9e de citron vert et de pin que vous reconnaissez imm\u00e9diatement la note de Haze.   <\/p>\n<h2><strong>Le profil aromatique : les fruits tropicaux rencontrent le pin<\/strong><\/h2>\n<p>Chez nous, vous achetez une puissance totale \u00e0 un petit prix. Ce shake provient de fleurs qui sont devenues de v\u00e9ritables best-sellers en vente libre. <\/p>\n<ul>\n<li><strong>L&rsquo;ar\u00f4me :<\/strong> la g\u00e9n\u00e9tique Lemon Haze est r\u00e9put\u00e9e pour son profil complexe. Des notes dominantes d&rsquo;agrumes et de citron vert se m\u00ealent \u00e0 une note \u00e9pic\u00e9e de pin. Le go\u00fbt est donc frais, vivifiant et l\u00e9g\u00e8rement \u00ab\u00a0hazy\u00a0\u00bb.  <\/li>\n<li><strong>L&rsquo;utilisation :<\/strong> Ce m\u00e9lange fin contient jusqu&rsquo;\u00e0 <strong>14% de CBD<\/strong> et de nombreuses glandes r\u00e9sineuses, ce qui en fait un produit \u00e0 haut rendement. Il est donc parfait comme mati\u00e8re premi\u00e8re pour les <strong>extraits de CBD<\/strong>, <strong>les aliments<\/strong> ou <strong>les produits cosm\u00e9tiques<\/strong> de qualit\u00e9. <\/li>\n<\/ul>\n<h2><strong>Caract\u00e9ristiques du produit : Pourquoi acheter Lemon Haze Handtrim ?<\/strong><\/h2>\n<ul>\n<li><strong>Rapport qualit\u00e9-prix :<\/strong> vous obtenez la qualit\u00e9 exacte de nos fleurs pr\u00e9f\u00e9r\u00e9es, mais \u00e0 un prix nettement inf\u00e9rieur. Cela pr\u00e9serve votre budget sans r\u00e9duire le plaisir. <\/li>\n<li><strong>Fermentation sp\u00e9ciale :<\/strong> le processus de s\u00e9chage est adapt\u00e9 avec pr\u00e9cision \u00e0 cette vari\u00e9t\u00e9. Cela permet de pr\u00e9server au maximum les terp\u00e8nes volatiles d&rsquo;agrumes. <\/li>\n<li><strong>Polyvalence :<\/strong> que ce soit pur, comme ingr\u00e9dient de p\u00e2tisserie ou pour des teintures. Le m\u00e9lange Lemon Haze est d\u00e9finitivement un talent polyvalent pour les cr\u00e9atifs. <\/li>\n<li><strong>Teneur \u00e9lev\u00e9e en CBD :<\/strong> avec jusqu&rsquo;\u00e0 14% de CBD, ce trim offre une base solide pour des moments de plaisir relaxants.<\/li>\n<\/ul>\n<h2><strong>Acheter Lemon Haze Handtrim - Utiliser intelligemment les restes de Premium<\/strong><\/h2>\n<p>Pour nous, la durabilit\u00e9 signifie que tout doit \u00eatre recycl\u00e9. Rien de cette pr\u00e9cieuse mati\u00e8re premi\u00e8re ne doit \u00eatre perdu. Ce qui est techniquement une \u00ab\u00a0abrasion\u00a0\u00bb lors du retournement, nous le consid\u00e9rons comme une opportunit\u00e9 pour les clients soucieux du prix.<br \/>\nEn cons\u00e9quence, vous obtenez un produit plein de puissance naturelle. C&rsquo;est donc une fa\u00e7on intelligente de consommer <strong>du CBD bon march\u00e9<\/strong> avec un v\u00e9ritable caract\u00e8re de Haze. Vous n&rsquo;avez pas \u00e0 renoncer \u00e0 l&rsquo;effet ou au go\u00fbt frais.    <\/p>\n<h2><strong>T\u00e9moignages de clients sur le Lemon Haze Mix<\/strong><\/h2>\n<p>Nos clients d\u00e9crivent le plus souvent l&rsquo;ar\u00f4me comme <strong>rafra\u00eechissant, acidul\u00e9 et authentique<\/strong>. La combinaison de douceur et d&rsquo;\u00e9pices Haze se distingue clairement. Ils soulignent \u00e9galement la <strong>qualit\u00e9 constante<\/strong> de cette herbe, qui en fait un produit phare de notre gamme.  <\/p>\n<h2><strong>Achetez maintenant Lemon Haze Handtrim et profitez !<\/strong><\/h2>\n<p>\u00cates-vous pr\u00eat \u00e0 recevoir un coup de fouet p\u00e9tillant avec une note de Haze ?<br \/>\nCommandez d\u00e8s maintenant et obtenez notre championne des prix aromatiques.<\/p>\n<h2><strong>Des compl\u00e9ments parfaits pour votre style de vie<\/strong><\/h2>\n<p>\u27a1\ufe0f  <a href=\"https:\/\/www.herbadiberna.ch\/fr\/huile-de-cbd\/\">Gouttes d&rsquo;huile de CBD<\/a> (Pour la routine quotidienne)<br \/>\n\u27a1\ufe0f  <a href=\"https:\/\/www.herbadiberna.ch\/fr\/haschisch-au-cbd\/\">Acheter du haschisch CBD<\/a> (Tradition &amp; Modernit\u00e9)<br \/>\n\u27a1\ufe0f  <a href=\"https:\/\/www.herbadiberna.ch\/fr\/aliments-chanvre\/\">Aliments \u00e0 base de chanvre<\/a> (Sant\u00e9 &amp; D\u00e9licieux)<\/p>\n<\/div>\n<\/div>\n<\/div>\n<\/div>\n","protected":false},"excerpt":{"rendered":"<p data-path-to-node=\"12\">Acheter Lemon Haze Handtrim chez Herba di Berna. Ar\u00f4me intense d&rsquo;agrumes et de pin &amp; jusqu&rsquo;\u00e0 14% de CBD. Favori de la boutique, id\u00e9al pour remplacer le tabac, pour la vape ou pour agr\u00e9menter les aliments.    <strong>Command\u00e9 jusqu&rsquo;\u00e0 15:00, livr\u00e9 demain \u2713 Port pay\u00e9 \u00e0 partir de 80 CHF \u2713<\/strong><\/p>\n","protected":false},"featured_media":78495,"comment_status":"open","ping_status":"closed","template":"","meta":{"inline_featured_image":false},"product_brand":[],"product_cat":[355,356],"product_tag":[],"class_list":{"0":"post-24519","1":"product","2":"type-product","3":"status-publish","4":"has-post-thumbnail","6":"product_cat-fleurs-de-cbd","7":"product_cat-trim-fr","8":"product_shipping_class-postpac-prioritaire","9":"pa_anbau-indoor-fr","10":"pa_cbd-15-0-fr","11":"pa_thc-0-8-fr","12":"pif-has-gallery","14":"first","15":"instock","16":"taxable","17":"shipping-taxable","18":"purchasable","19":"product-type-simple"},"_links":{"self":[{"href":"https:\/\/www.herbadiberna.ch\/fr\/wp-json\/wp\/v2\/product\/24519","targetHints":{"allow":["GET"]}}],"collection":[{"href":"https:\/\/www.herbadiberna.ch\/fr\/wp-json\/wp\/v2\/product"}],"about":[{"href":"https:\/\/www.herbadiberna.ch\/fr\/wp-json\/wp\/v2\/types\/product"}],"replies":[{"embeddable":true,"href":"https:\/\/www.herbadiberna.ch\/fr\/wp-json\/wp\/v2\/comments?post=24519"}],"wp:featuredmedia":[{"embeddable":true,"href":"https:\/\/www.herbadiberna.ch\/fr\/wp-json\/wp\/v2\/media\/78495"}],"wp:attachment":[{"href":"https:\/\/www.herbadiberna.ch\/fr\/wp-json\/wp\/v2\/media?parent=24519"}],"wp:term":[{"taxonomy":"product_brand","embeddable":true,"href":"https:\/\/www.herbadiberna.ch\/fr\/wp-json\/wp\/v2\/product_brand?post=24519"},{"taxonomy":"product_cat","embeddable":true,"href":"https:\/\/www.herbadiberna.ch\/fr\/wp-json\/wp\/v2\/product_cat?post=24519"},{"taxonomy":"product_tag","embeddable":true,"href":"https:\/\/www.herbadiberna.ch\/fr\/wp-json\/wp\/v2\/product_tag?post=24519"}],"curies":[{"name":"wp","href":"https:\/\/api.w.org\/{rel}","templated":true}]}}