{"id":24516,"date":"2023-03-21T10:27:48","date_gmt":"2023-03-21T09:27:48","guid":{"rendered":"https:\/\/www.herbadiberna.ch\/muffin-au-citron-handtrim-20g\/"},"modified":"2026-04-03T14:55:57","modified_gmt":"2026-04-03T13:55:57","slug":"lemon-muffin-handtrim-20g","status":"publish","type":"product","link":"https:\/\/www.herbadiberna.ch\/fr\/produit\/lemon-muffin-handtrim-20g\/","title":{"rendered":"Muffin au citron Handtrim 20g"},"content":{"rendered":"<div class=\"flex max-w-full flex-col flex-grow\">\n<div class=\"min-h-8 text-message flex w-full flex-col items-end gap-2 whitespace-normal break-words text-start [.text-message+&amp;]:mt-5\" dir=\"auto\">\n<div class=\"flex w-full flex-col gap-1 empty:hidden first:pt-[3px]\">\n<div class=\"markdown prose w-full break-words dark:prose-invert light\">\n<h2><strong>Acheter Lemon Muffin Indoor Trim - La rencontre de la myrtille et de la douceur des agrumes<\/strong><\/h2>\n<p>Vous envisagez d&rsquo;<strong>acheter Lemon Muffin Indoor Trim<\/strong>? Ou \u00eates-vous \u00e0 la recherche d&rsquo;une combinaison de saveurs unique qui combine le meilleur des deux mondes ?<br \/>\nNotre <strong>Indoor Trim<\/strong> est bien plus qu&rsquo;un simple sous-produit. Dans le milieu, ce \u00ab\u00a0shake\u00a0\u00bb riche en r\u00e9sine ou <strong>ce coupage de CBD<\/strong> est connu comme un secret de polichinelle - surtout pour les amateurs de vari\u00e9t\u00e9s fruit\u00e9es \u00ab\u00a0Bakery\u00a0\u00bb.  <\/p>\n<p>En outre, les connaisseurs savent que les croisements de Blueberry Muffin et de Lemon Haze d\u00e9veloppent des profils terp\u00e9niques particuli\u00e8rement complexes. C&rsquo;est pourquoi elle est id\u00e9ale pour <strong>remplacer le tabac<\/strong>, s&rsquo;int\u00e8gre parfaitement dans la <strong>vape<\/strong> et ajoute une douce douceur de muffin \u00e0 vos projets de bricolage.<br \/>\nCe m\u00e9lange ressemble \u00e0 une tarte au citron et \u00e0 la myrtille fra\u00eechement cuite. Nous associons ici des parties de plantes sombres, l\u00e9g\u00e8rement teint\u00e9es de pourpre, \u00e0 une fermentation douce. Le r\u00e9sultat est une <strong>exp\u00e9rience d&rsquo;achat de CBD trim<\/strong> dont le parfum est si fruit\u00e9 de baies et de citron vert que vous en ressentez imm\u00e9diatement la qualit\u00e9.   <\/p>\n<h2><strong>Le profil aromatique : le fruit\u00e9 de la myrtille rencontre la douceur du citron<\/strong><\/h2>\n<p>Chez nous, vous achetez une pleine puissance \u00e0 un petit prix. Ce shake provient de fleurs d&rsquo;int\u00e9rieur compactes qui ont \u00e9t\u00e9 s\u00e9ch\u00e9es lentement pour pr\u00e9server leurs ar\u00f4mes subtils. <\/p>\n<ul>\n<li><strong>L&rsquo;ar\u00f4me :<\/strong> un m\u00e9lange harmonieux de fruit\u00e9 et de p\u00e2tisserie. Des notes intenses de myrtilles et de citron p\u00e9tillant se m\u00ealent \u00e0 une douceur subtile de muffin. Le go\u00fbt est donc plein, doux et agr\u00e9ablement sucr\u00e9.  <\/li>\n<li><strong>L&rsquo;utilisation :<\/strong> Comme ce m\u00e9lange fin contient pr\u00e8s de <strong>14 % de CBD<\/strong> et une forte densit\u00e9 de glandes r\u00e9sineuses, il est tr\u00e8s productif. Il est donc parfait comme mati\u00e8re premi\u00e8re pour les <strong>aliments au CBD<\/strong>, <strong>les extraits<\/strong> ou <strong>les produits cosm\u00e9tiques<\/strong> de qualit\u00e9. <\/li>\n<\/ul>\n<h2><strong>Caract\u00e9ristiques du produit : Pourquoi acheter Lemon Muffin Indoor Trim ?<\/strong><\/h2>\n<ul>\n<li><strong>G\u00e9n\u00e9tique unique :<\/strong> le croisement entre Blueberry Muffin et Lemon Haze procure une exp\u00e9rience distinctive qui s\u00e9duira aussi bien les amateurs de Sativa que d&rsquo;Indica.<\/li>\n<li><strong>Aspect attrayant :<\/strong> dans le trim, on trouve souvent des pi\u00e8ces florales fonc\u00e9es, l\u00e9g\u00e8rement violettes, recouvertes de cristaux de r\u00e9sine brillants.<\/li>\n<li><strong>Polyvalence :<\/strong> Que ce soit pour le m\u00e9lange quotidien, pour la p\u00e2tisserie ou pour les teintures. Le Lemon Muffin Mix est vraiment polyvalent. <\/li>\n<li><strong>Rapport qualit\u00e9-prix :<\/strong> vous b\u00e9n\u00e9ficiez de la m\u00eame qualit\u00e9 que nos fleurs enti\u00e8res, mais vous \u00e9conomisez nettement sur le prix.<\/li>\n<\/ul>\n<h2><strong>Acheter Lemon Muffin Indoor Trim - D\u00e9guster intelligemment<\/strong><\/h2>\n<p>Pour nous, la durabilit\u00e9 signifie utiliser toute la puissance de la plante. Rien de cette pr\u00e9cieuse mati\u00e8re premi\u00e8re ne doit \u00eatre perdu. Ce que nous consid\u00e9rons comme une \u00ab\u00a0abrasion\u00a0\u00bb technique lors du retournement est une opportunit\u00e9 pour les \u00e9conomes exigeants.<br \/>\nEn cons\u00e9quence, vous obtenez un produit plein de puissance naturelle. C&rsquo;est donc une mani\u00e8re intelligente de consommer <strong>du CBD bon march\u00e9<\/strong> avec un ar\u00f4me exclusif. Vous n&rsquo;avez pas \u00e0 renoncer \u00e0 l&rsquo;effet ou au profil terp\u00e9nique particulier.    <\/p>\n<h2><strong>T\u00e9moignages de clients sur le Lemon Muffin Mix<\/strong><\/h2>\n<p>Le plus souvent, nos clients d\u00e9crivent l&rsquo;ar\u00f4me comme <strong>\u00ab\u00a0rafra\u00eechissant, diff\u00e9rent et merveilleusement sucr\u00e9\u00a0\u00bb<\/strong>. La note de myrtille associ\u00e9e au citron est souvent soulign\u00e9e comme un point fort. De plus, l&rsquo;<strong>effet doux<\/strong> est particuli\u00e8rement appr\u00e9ci\u00e9, ce qui fait de ce Handtrim CBD le compagnon id\u00e9al pour les heures de d\u00e9tente.  <\/p>\n<h2><strong>Achetez maintenant Lemon Muffin Indoor Trim et \u00e9conomisez !<\/strong><\/h2>\n<p>\u00cates-vous pr\u00eat \u00e0 go\u00fbter \u00e0 l&rsquo;ar\u00f4me fruit\u00e9 du dessert cultiv\u00e9 en int\u00e9rieur ?<br \/>\nCommandez d\u00e8s maintenant et obtenez notre championne des prix aromatiques.<\/p>\n<h2><strong>Des compl\u00e9ments parfaits pour votre style de vie<\/strong><\/h2>\n<p>\u27a1\ufe0f  <a href=\"https:\/\/www.herbadiberna.ch\/fr\/haschisch-au-cbd\/\">Acheter du hasch CBD<\/a> (Pour un ar\u00f4me complet)<br \/>\n\u27a1\ufe0f  <a href=\"https:\/\/www.herbadiberna.ch\/fr\/accessoires-cbd\/\">Boutique d&rsquo;accessoires<\/a> (Vapes &amp; Grinder)<br \/>\n\u27a1\ufe0f  <a href=\"https:\/\/www.herbadiberna.ch\/fr\/produits-de-soins-au-cbd\/\">Cosm\u00e9tique CBD<\/a> (soins naturels)<\/p>\n<\/div>\n<\/div>\n<\/div>\n<\/div>\n","protected":false},"excerpt":{"rendered":"<p data-path-to-node=\"12\">Acheter Lemon Muffin Indoor Trim chez Herba di Berna. Pr\u00e8s de 14% de CBD, ar\u00f4me unique de myrtille, d&rsquo;agrumes &amp; de muffin sucr\u00e9. Coupe indoor de haute qualit\u00e9, id\u00e9ale pour remplacer le tabac, pour la vape ou pour la fabrication d&rsquo;edibles.    <strong>Command\u00e9 jusqu&rsquo;\u00e0 15:00, livr\u00e9 demain \u2713 Port pay\u00e9 \u00e0 partir de 80 CHF \u2713<\/strong><\/p>\n","protected":false},"featured_media":78539,"comment_status":"open","ping_status":"closed","template":"","meta":{"inline_featured_image":false},"product_brand":[],"product_cat":[355,356],"product_tag":[],"class_list":{"0":"post-24516","1":"product","2":"type-product","3":"status-publish","4":"has-post-thumbnail","6":"product_cat-fleurs-de-cbd","7":"product_cat-trim-fr","8":"product_shipping_class-postpac-prioritaire","9":"pa_anbau-indoor-fr","10":"pa_cbd-12-0-fr","11":"pa_cbg-0-3-fr","12":"pa_thc-0-4-fr","13":"pif-has-gallery","15":"first","16":"instock","17":"taxable","18":"shipping-taxable","19":"purchasable","20":"product-type-simple"},"_links":{"self":[{"href":"https:\/\/www.herbadiberna.ch\/fr\/wp-json\/wp\/v2\/product\/24516","targetHints":{"allow":["GET"]}}],"collection":[{"href":"https:\/\/www.herbadiberna.ch\/fr\/wp-json\/wp\/v2\/product"}],"about":[{"href":"https:\/\/www.herbadiberna.ch\/fr\/wp-json\/wp\/v2\/types\/product"}],"replies":[{"embeddable":true,"href":"https:\/\/www.herbadiberna.ch\/fr\/wp-json\/wp\/v2\/comments?post=24516"}],"wp:featuredmedia":[{"embeddable":true,"href":"https:\/\/www.herbadiberna.ch\/fr\/wp-json\/wp\/v2\/media\/78539"}],"wp:attachment":[{"href":"https:\/\/www.herbadiberna.ch\/fr\/wp-json\/wp\/v2\/media?parent=24516"}],"wp:term":[{"taxonomy":"product_brand","embeddable":true,"href":"https:\/\/www.herbadiberna.ch\/fr\/wp-json\/wp\/v2\/product_brand?post=24516"},{"taxonomy":"product_cat","embeddable":true,"href":"https:\/\/www.herbadiberna.ch\/fr\/wp-json\/wp\/v2\/product_cat?post=24516"},{"taxonomy":"product_tag","embeddable":true,"href":"https:\/\/www.herbadiberna.ch\/fr\/wp-json\/wp\/v2\/product_tag?post=24516"}],"curies":[{"name":"wp","href":"https:\/\/api.w.org\/{rel}","templated":true}]}}